{"id":339,"date":"2025-03-03T10:08:23","date_gmt":"2025-03-03T10:08:23","guid":{"rendered":"https:\/\/hotelbrandoli.ms2.decms.eu\/?page_id=339"},"modified":"2025-03-10T16:00:23","modified_gmt":"2025-03-10T16:00:23","slug":"lac-de-garde","status":"publish","type":"page","link":"https:\/\/www.hotelbrandoli.it\/fr\/verone-et-ses-environs\/lac-de-garde\/","title":{"rendered":"Lac de Garde"},"content":{"rendered":"<p>Le long de la rive v\u00e9ronaise du lac de Garde, le doux paysage parmi les vignes et les oliviers est rythm\u00e9 par d\u2019agr\u00e9ables villages qui ont conserv\u00e9 leur originalit\u00e9 et leurs couleurs locales. Cette \u2033riviera\u2033, lieu privil\u00e9gi\u00e9 des amateurs de baignades dans les eaux bleues, offre de nombreux autres attraits historiques et naturels que l\u2019on peut voir rapidement, en une demi-journ\u00e9e ou auxquels il faut d\u00e9dier une journ\u00e9e tout enti\u00e8re.<\/p>\n<p>En partant de V\u00e9rone ou de la Valpolicella, on arrive \u00e0 l\u2019extr\u00e9mit\u00e9 sud-orientale du lac, \u00e0 l\u2019embouchure du fleuve Mincio, dans le centre ville de <strong>Peschiera<\/strong> dont les remparts construits par Sammicheli, rappelle son r\u00f4le d\u2019ancienne citadelle militaire de la S\u00e9r\u00e9nissime, alors que les plages et le parc d\u2019attraction <strong>Gardaland<\/strong> nous plonge dans la pure distraction.<\/p>\n<p>En suivant la rive orientale du lac, l\u2019on rencontre de nombreuses agglom\u00e9rations qui se sont d\u00e9velopp\u00e9es tout autour des anciennes forteresses utilis\u00e9es par les Scaligeri et par les V\u00e9nitiens: c\u2019est le cas de <strong>Lazise<\/strong>, caract\u00e9ris\u00e9e par un gracieux centre historique, de <strong>Bardolino<\/strong>, connue non seulement pour son vin, mais aussi pour sa petite \u00e9glise romane de San Severo et ses \u00e9l\u00e9gantes villas Canestrari et Bottagisio, et de <strong>Garde<\/strong>, domin\u00e9e par la colline de la Rocca et par les architectures v\u00e9nitiennes. A partir de Garde commence ce que l\u2019on consid\u00e8re habituellement comme l\u2019une des parties les plus romantiques et panoramiques du lac, une vaste baie entour\u00e9e par le promontoire de la <strong>Punta San Vigilio<\/strong>. Il est difficile de d\u00e9crire la beaut\u00e9 de ces lieux et du paysage que l\u2019on peut admirer du sommet du Mont Luppia; le charme de cet endroit attira sans aucun doute ceux qui voulurent construire la petite \u00e9glise et la villa qui, \u00e0 partir du XVI\u00e8me si\u00e8cle, accueillit des h\u00f4tes illustres.<\/p>\n<p>Itin\u00e9raire d\u2019une journ\u00e9e enti\u00e8re \u2013 Apr\u00e8s la pointe San Vigilio, la rive orientale change profond\u00e9ment: le lac se resserre, domin\u00e9 \u00e0 l\u2019est par l\u2019imposant <strong>Mont Baldo<\/strong> et \u00e0 l\u2019ouest par les paysages pr\u00e9alpins de Brescia. Dans le centre urbain de <strong>Torri del Benaco<\/strong> se dresse un autre Ch\u00e2teau Scaliger, ennobli par le beau palais des Capitaines du Lac, par la serre \u00e0 citrons (La Limonaia), par la Tour de Berengario et par la petite \u00e9glise de la Sainte Trinit\u00e9. D\u2019agr\u00e9ables et panoramiques d\u00e9viations montent dans l\u2019arri\u00e8re-pays, vers <strong>Albisano<\/strong> et <strong>San Zeno di Montagna<\/strong> et conduisent jusqu\u2019au sommet du mont Baldo. Cette r\u00e9gion se distingue par ses caract\u00e9ristiques maisons en pierre et ses ruelles, comme \u00e0 Pai, Castelletto et Biazza. La tour et l\u2019ermitage des Saints Benigno et Caro de Cassone pr\u00e9c\u00e8de le d\u00e9cor sc\u00e9nographique de la crique de <strong>Val di Sogno<\/strong> et de la petite \u00eele de Trimelone. Tout de suite apr\u00e8s, le panorama s\u2019ouvre sur <strong>Malcesine<\/strong> dont le centre ville est certainement le plus envo\u00fbtant et pittoresque du lac, gr\u00e2ce \u00e0 son superbe Ch\u00e2teau Scaliger, \u00e0 ses ruelles et \u00e0 ses esp\u00e8ces botaniques sp\u00e9cifiques qui prolif\u00e8rent dans son microclimat tr\u00e8s particulier. Depuis le centre ville, un t\u00e9l\u00e9ph\u00e9rique monte \u00e0 1752m jusqu\u2019\u00e0 Tratto Spino, en passant d\u2019un paysage m\u00e9diterran\u00e9en \u00e0 la for\u00eat et au p\u00e2turage, et en proposant un panorama \u00e0 vous coupez le souffle sur toute l\u2019\u00e9tendue du lac.<\/p>\n","protected":false},"excerpt":{"rendered":"<p>Le long de la rive v\u00e9ronaise du lac de Garde, le doux paysage parmi les vignes et les oliviers est rythm\u00e9 par d\u2019agr\u00e9ables villages qui ont conserv\u00e9 leur originalit\u00e9 et leurs couleurs locales. Cette \u2033riviera\u2033, lieu privil\u00e9gi\u00e9 des amateurs de baignades dans les eaux bleues, offre de nombreux autres attraits historiques et naturels que l\u2019on [&hellip;]<\/p>\n","protected":false},"author":26,"featured_media":0,"parent":317,"menu_order":10,"comment_status":"closed","ping_status":"closed","template":"template-default-3.php","meta":{"footnotes":""},"yoast_head":"<!-- This site is optimized with the Yoast SEO plugin v22.3 - https:\/\/yoast.com\/wordpress\/plugins\/seo\/ -->\n<title>Lac de Garde - Hotel Brandoli -<\/title>\n<meta name=\"description\" content=\"Le long de la rive v\u00e9ronaise du lac de Garde, le doux paysage parmi les vignes et les oliviers est rythm\u00e9 par d\u2019agr\u00e9ables villages qui ont conserv\u00e9 leur originalit\u00e9 et leurs couleurs locales. Cette \u2033riviera\u2033, lieu privil\u00e9gi\u00e9 des amateurs de baignades dans les eaux bleues, offre de nombreux autres attraits historiques et naturels que l\u2019on peut voir rapidement, en une demi-journ\u00e9e ou auxquels il faut d\u00e9dier une journ\u00e9e tout enti\u00e8re.  En partant de V\u00e9rone ou de la Valpolicella, on arrive \u00e0 l\u2019extr\u00e9mit\u00e9 sud-orientale du lac, \u00e0 l\u2019embouchure du fleuve Mincio, dans le centre ville de Peschiera dont les remparts construits par Sammicheli, rappelle son r\u00f4le d\u2019ancienne citadelle militaire de la S\u00e9r\u00e9nissime, alors que les plages et le parc d\u2019attraction Gardaland nous plonge dans la pure distraction.  En suivant la rive orientale du lac, l\u2019on rencontre de nombreuses agglom\u00e9rations qui se sont d\u00e9velopp\u00e9es tout autour des anciennes forteresses utilis\u00e9es par les Scaligeri et par les V\u00e9nitiens: c\u2019est le cas de Lazise, caract\u00e9ris\u00e9e par un gracieux centre historique, de Bardolino, connue non seulement pour son vin, mais aussi pour sa petite \u00e9glise romane de San Severo et ses \u00e9l\u00e9gantes villas Canestrari et Bottagisio, et de Garde, domin\u00e9e par la colline de la Rocca et par les architectures v\u00e9nitiennes\" \/>\n<meta name=\"robots\" content=\"index, follow, max-snippet:-1, max-image-preview:large, max-video-preview:-1\" \/>\n<link rel=\"canonical\" href=\"https:\/\/www.hotelbrandoli.it\/fr\/verone-et-ses-environs\/lac-de-garde\/\" \/>\n<meta property=\"og:locale\" content=\"fr_FR\" \/>\n<meta property=\"og:type\" content=\"article\" \/>\n<meta property=\"og:title\" content=\"Lac de Garde - Hotel Brandoli -\" \/>\n<meta property=\"og:description\" content=\"Le long de la rive v\u00e9ronaise du lac de Garde, le doux paysage parmi les vignes et les oliviers est rythm\u00e9 par d\u2019agr\u00e9ables villages qui ont conserv\u00e9 leur originalit\u00e9 et leurs couleurs locales. Cette \u2033riviera\u2033, lieu privil\u00e9gi\u00e9 des amateurs de baignades dans les eaux bleues, offre de nombreux autres attraits historiques et naturels que l\u2019on peut voir rapidement, en une demi-journ\u00e9e ou auxquels il faut d\u00e9dier une journ\u00e9e tout enti\u00e8re.  En partant de V\u00e9rone ou de la Valpolicella, on arrive \u00e0 l\u2019extr\u00e9mit\u00e9 sud-orientale du lac, \u00e0 l\u2019embouchure du fleuve Mincio, dans le centre ville de Peschiera dont les remparts construits par Sammicheli, rappelle son r\u00f4le d\u2019ancienne citadelle militaire de la S\u00e9r\u00e9nissime, alors que les plages et le parc d\u2019attraction Gardaland nous plonge dans la pure distraction.  En suivant la rive orientale du lac, l\u2019on rencontre de nombreuses agglom\u00e9rations qui se sont d\u00e9velopp\u00e9es tout autour des anciennes forteresses utilis\u00e9es par les Scaligeri et par les V\u00e9nitiens: c\u2019est le cas de Lazise, caract\u00e9ris\u00e9e par un gracieux centre historique, de Bardolino, connue non seulement pour son vin, mais aussi pour sa petite \u00e9glise romane de San Severo et ses \u00e9l\u00e9gantes villas Canestrari et Bottagisio, et de Garde, domin\u00e9e par la colline de la Rocca et par les architectures v\u00e9nitiennes\" \/>\n<meta property=\"og:url\" content=\"https:\/\/www.hotelbrandoli.it\/fr\/verone-et-ses-environs\/lac-de-garde\/\" \/>\n<meta property=\"og:site_name\" content=\"Hotel Brandoli\" \/>\n<meta property=\"article:publisher\" content=\"https:\/\/www.facebook.com\/hotelbrandoli.verona\/\" \/>\n<meta property=\"article:modified_time\" content=\"2025-03-10T16:00:23+00:00\" \/>\n<meta name=\"twitter:card\" content=\"summary_large_image\" \/>\n<meta name=\"twitter:label1\" content=\"Dur\u00e9e de lecture estim\u00e9e\" \/>\n\t<meta name=\"twitter:data1\" content=\"3 minutes\" \/>\n<script type=\"application\/ld+json\" class=\"yoast-schema-graph\">{\"@context\":\"https:\/\/schema.org\",\"@graph\":[{\"@type\":\"WebPage\",\"@id\":\"https:\/\/www.hotelbrandoli.it\/fr\/verone-et-ses-environs\/lac-de-garde\/\",\"url\":\"https:\/\/www.hotelbrandoli.it\/fr\/verone-et-ses-environs\/lac-de-garde\/\",\"name\":\"Lac de Garde - Hotel Brandoli -\",\"isPartOf\":{\"@id\":\"https:\/\/www.hotelbrandoli.it\/fr\/#website\"},\"datePublished\":\"2025-03-03T10:08:23+00:00\",\"dateModified\":\"2025-03-10T16:00:23+00:00\",\"description\":\"Le long de la rive v\u00e9ronaise du lac de Garde, le doux paysage parmi les vignes et les oliviers est rythm\u00e9 par d\u2019agr\u00e9ables villages qui ont conserv\u00e9 leur originalit\u00e9 et leurs couleurs locales. Cette \u2033riviera\u2033, lieu privil\u00e9gi\u00e9 des amateurs de baignades dans les eaux bleues, offre de nombreux autres attraits historiques et naturels que l\u2019on peut voir rapidement, en une demi-journ\u00e9e ou auxquels il faut d\u00e9dier une journ\u00e9e tout enti\u00e8re. En partant de V\u00e9rone ou de la Valpolicella, on arrive \u00e0 l\u2019extr\u00e9mit\u00e9 sud-orientale du lac, \u00e0 l\u2019embouchure du fleuve Mincio, dans le centre ville de Peschiera dont les remparts construits par Sammicheli, rappelle son r\u00f4le d\u2019ancienne citadelle militaire de la S\u00e9r\u00e9nissime, alors que les plages et le parc d\u2019attraction Gardaland nous plonge dans la pure distraction. En suivant la rive orientale du lac, l\u2019on rencontre de nombreuses agglom\u00e9rations qui se sont d\u00e9velopp\u00e9es tout autour des anciennes forteresses utilis\u00e9es par les Scaligeri et par les V\u00e9nitiens: c\u2019est le cas de Lazise, caract\u00e9ris\u00e9e par un gracieux centre historique, de Bardolino, connue non seulement pour son vin, mais aussi pour sa petite \u00e9glise romane de San Severo et ses \u00e9l\u00e9gantes villas Canestrari et Bottagisio, et de Garde, domin\u00e9e par la colline de la Rocca et par les architectures v\u00e9nitiennes\",\"breadcrumb\":{\"@id\":\"https:\/\/www.hotelbrandoli.it\/fr\/verone-et-ses-environs\/lac-de-garde\/#breadcrumb\"},\"inLanguage\":\"fr-FR\",\"potentialAction\":[{\"@type\":\"ReadAction\",\"target\":[\"https:\/\/www.hotelbrandoli.it\/fr\/verone-et-ses-environs\/lac-de-garde\/\"]}]},{\"@type\":\"BreadcrumbList\",\"@id\":\"https:\/\/www.hotelbrandoli.it\/fr\/verone-et-ses-environs\/lac-de-garde\/#breadcrumb\",\"itemListElement\":[{\"@type\":\"ListItem\",\"position\":1,\"name\":\"Home\",\"item\":\"https:\/\/www.hotelbrandoli.it\/fr\/\"},{\"@type\":\"ListItem\",\"position\":2,\"name\":\"V\u00e9rone et ses environs\",\"item\":\"https:\/\/www.hotelbrandoli.it\/fr\/verona-e-dintorni\/\"},{\"@type\":\"ListItem\",\"position\":3,\"name\":\"Lac de Garde\"}]},{\"@type\":\"WebSite\",\"@id\":\"https:\/\/www.hotelbrandoli.it\/fr\/#website\",\"url\":\"https:\/\/www.hotelbrandoli.it\/fr\/\",\"name\":\"Hotel Brandoli\",\"description\":\"\",\"publisher\":{\"@id\":\"https:\/\/www.hotelbrandoli.it\/fr\/#organization\"},\"potentialAction\":[{\"@type\":\"SearchAction\",\"target\":{\"@type\":\"EntryPoint\",\"urlTemplate\":\"https:\/\/www.hotelbrandoli.it\/fr\/?s={search_term_string}\"},\"query-input\":\"required name=search_term_string\"}],\"inLanguage\":\"fr-FR\"},{\"@type\":\"Organization\",\"@id\":\"https:\/\/www.hotelbrandoli.it\/fr\/#organization\",\"name\":\"Hotel Brandoli\",\"url\":\"https:\/\/www.hotelbrandoli.it\/fr\/\",\"logo\":{\"@type\":\"ImageObject\",\"inLanguage\":\"fr-FR\",\"@id\":\"https:\/\/www.hotelbrandoli.it\/fr\/#\/schema\/logo\/image\/\",\"url\":\"https:\/\/www.hotelbrandoli.it\/wp-content\/uploads\/sites\/220\/2025\/02\/logo_brandoli_oriz_c.svg\",\"contentUrl\":\"https:\/\/www.hotelbrandoli.it\/wp-content\/uploads\/sites\/220\/2025\/02\/logo_brandoli_oriz_c.svg\",\"width\":800,\"height\":152,\"caption\":\"Hotel Brandoli\"},\"image\":{\"@id\":\"https:\/\/www.hotelbrandoli.it\/fr\/#\/schema\/logo\/image\/\"},\"sameAs\":[\"https:\/\/www.facebook.com\/hotelbrandoli.verona\/\"]}]}<\/script>\n<!-- \/ Yoast SEO plugin. -->","yoast_head_json":{"title":"Lac de Garde - Hotel Brandoli -","description":"Le long de la rive v\u00e9ronaise du lac de Garde, le doux paysage parmi les vignes et les oliviers est rythm\u00e9 par d\u2019agr\u00e9ables villages qui ont conserv\u00e9 leur originalit\u00e9 et leurs couleurs locales. Cette \u2033riviera\u2033, lieu privil\u00e9gi\u00e9 des amateurs de baignades dans les eaux bleues, offre de nombreux autres attraits historiques et naturels que l\u2019on peut voir rapidement, en une demi-journ\u00e9e ou auxquels il faut d\u00e9dier une journ\u00e9e tout enti\u00e8re.  En partant de V\u00e9rone ou de la Valpolicella, on arrive \u00e0 l\u2019extr\u00e9mit\u00e9 sud-orientale du lac, \u00e0 l\u2019embouchure du fleuve Mincio, dans le centre ville de Peschiera dont les remparts construits par Sammicheli, rappelle son r\u00f4le d\u2019ancienne citadelle militaire de la S\u00e9r\u00e9nissime, alors que les plages et le parc d\u2019attraction Gardaland nous plonge dans la pure distraction.  En suivant la rive orientale du lac, l\u2019on rencontre de nombreuses agglom\u00e9rations qui se sont d\u00e9velopp\u00e9es tout autour des anciennes forteresses utilis\u00e9es par les Scaligeri et par les V\u00e9nitiens: c\u2019est le cas de Lazise, caract\u00e9ris\u00e9e par un gracieux centre historique, de Bardolino, connue non seulement pour son vin, mais aussi pour sa petite \u00e9glise romane de San Severo et ses \u00e9l\u00e9gantes villas Canestrari et Bottagisio, et de Garde, domin\u00e9e par la colline de la Rocca et par les architectures v\u00e9nitiennes","robots":{"index":"index","follow":"follow","max-snippet":"max-snippet:-1","max-image-preview":"max-image-preview:large","max-video-preview":"max-video-preview:-1"},"canonical":"https:\/\/www.hotelbrandoli.it\/fr\/verone-et-ses-environs\/lac-de-garde\/","og_locale":"fr_FR","og_type":"article","og_title":"Lac de Garde - Hotel Brandoli -","og_description":"Le long de la rive v\u00e9ronaise du lac de Garde, le doux paysage parmi les vignes et les oliviers est rythm\u00e9 par d\u2019agr\u00e9ables villages qui ont conserv\u00e9 leur originalit\u00e9 et leurs couleurs locales. Cette \u2033riviera\u2033, lieu privil\u00e9gi\u00e9 des amateurs de baignades dans les eaux bleues, offre de nombreux autres attraits historiques et naturels que l\u2019on peut voir rapidement, en une demi-journ\u00e9e ou auxquels il faut d\u00e9dier une journ\u00e9e tout enti\u00e8re.  En partant de V\u00e9rone ou de la Valpolicella, on arrive \u00e0 l\u2019extr\u00e9mit\u00e9 sud-orientale du lac, \u00e0 l\u2019embouchure du fleuve Mincio, dans le centre ville de Peschiera dont les remparts construits par Sammicheli, rappelle son r\u00f4le d\u2019ancienne citadelle militaire de la S\u00e9r\u00e9nissime, alors que les plages et le parc d\u2019attraction Gardaland nous plonge dans la pure distraction.  En suivant la rive orientale du lac, l\u2019on rencontre de nombreuses agglom\u00e9rations qui se sont d\u00e9velopp\u00e9es tout autour des anciennes forteresses utilis\u00e9es par les Scaligeri et par les V\u00e9nitiens: c\u2019est le cas de Lazise, caract\u00e9ris\u00e9e par un gracieux centre historique, de Bardolino, connue non seulement pour son vin, mais aussi pour sa petite \u00e9glise romane de San Severo et ses \u00e9l\u00e9gantes villas Canestrari et Bottagisio, et de Garde, domin\u00e9e par la colline de la Rocca et par les architectures v\u00e9nitiennes","og_url":"https:\/\/www.hotelbrandoli.it\/fr\/verone-et-ses-environs\/lac-de-garde\/","og_site_name":"Hotel Brandoli","article_publisher":"https:\/\/www.facebook.com\/hotelbrandoli.verona\/","article_modified_time":"2025-03-10T16:00:23+00:00","twitter_card":"summary_large_image","twitter_misc":{"Dur\u00e9e de lecture estim\u00e9e":"3 minutes"},"schema":{"@context":"https:\/\/schema.org","@graph":[{"@type":"WebPage","@id":"https:\/\/www.hotelbrandoli.it\/fr\/verone-et-ses-environs\/lac-de-garde\/","url":"https:\/\/www.hotelbrandoli.it\/fr\/verone-et-ses-environs\/lac-de-garde\/","name":"Lac de Garde - Hotel Brandoli -","isPartOf":{"@id":"https:\/\/www.hotelbrandoli.it\/fr\/#website"},"datePublished":"2025-03-03T10:08:23+00:00","dateModified":"2025-03-10T16:00:23+00:00","description":"Le long de la rive v\u00e9ronaise du lac de Garde, le doux paysage parmi les vignes et les oliviers est rythm\u00e9 par d\u2019agr\u00e9ables villages qui ont conserv\u00e9 leur originalit\u00e9 et leurs couleurs locales. Cette \u2033riviera\u2033, lieu privil\u00e9gi\u00e9 des amateurs de baignades dans les eaux bleues, offre de nombreux autres attraits historiques et naturels que l\u2019on peut voir rapidement, en une demi-journ\u00e9e ou auxquels il faut d\u00e9dier une journ\u00e9e tout enti\u00e8re. En partant de V\u00e9rone ou de la Valpolicella, on arrive \u00e0 l\u2019extr\u00e9mit\u00e9 sud-orientale du lac, \u00e0 l\u2019embouchure du fleuve Mincio, dans le centre ville de Peschiera dont les remparts construits par Sammicheli, rappelle son r\u00f4le d\u2019ancienne citadelle militaire de la S\u00e9r\u00e9nissime, alors que les plages et le parc d\u2019attraction Gardaland nous plonge dans la pure distraction. En suivant la rive orientale du lac, l\u2019on rencontre de nombreuses agglom\u00e9rations qui se sont d\u00e9velopp\u00e9es tout autour des anciennes forteresses utilis\u00e9es par les Scaligeri et par les V\u00e9nitiens: c\u2019est le cas de Lazise, caract\u00e9ris\u00e9e par un gracieux centre historique, de Bardolino, connue non seulement pour son vin, mais aussi pour sa petite \u00e9glise romane de San Severo et ses \u00e9l\u00e9gantes villas Canestrari et Bottagisio, et de Garde, domin\u00e9e par la colline de la Rocca et par les architectures v\u00e9nitiennes","breadcrumb":{"@id":"https:\/\/www.hotelbrandoli.it\/fr\/verone-et-ses-environs\/lac-de-garde\/#breadcrumb"},"inLanguage":"fr-FR","potentialAction":[{"@type":"ReadAction","target":["https:\/\/www.hotelbrandoli.it\/fr\/verone-et-ses-environs\/lac-de-garde\/"]}]},{"@type":"BreadcrumbList","@id":"https:\/\/www.hotelbrandoli.it\/fr\/verone-et-ses-environs\/lac-de-garde\/#breadcrumb","itemListElement":[{"@type":"ListItem","position":1,"name":"Home","item":"https:\/\/www.hotelbrandoli.it\/fr\/"},{"@type":"ListItem","position":2,"name":"V\u00e9rone et ses environs","item":"https:\/\/www.hotelbrandoli.it\/fr\/verona-e-dintorni\/"},{"@type":"ListItem","position":3,"name":"Lac de Garde"}]},{"@type":"WebSite","@id":"https:\/\/www.hotelbrandoli.it\/fr\/#website","url":"https:\/\/www.hotelbrandoli.it\/fr\/","name":"Hotel Brandoli","description":"","publisher":{"@id":"https:\/\/www.hotelbrandoli.it\/fr\/#organization"},"potentialAction":[{"@type":"SearchAction","target":{"@type":"EntryPoint","urlTemplate":"https:\/\/www.hotelbrandoli.it\/fr\/?s={search_term_string}"},"query-input":"required name=search_term_string"}],"inLanguage":"fr-FR"},{"@type":"Organization","@id":"https:\/\/www.hotelbrandoli.it\/fr\/#organization","name":"Hotel Brandoli","url":"https:\/\/www.hotelbrandoli.it\/fr\/","logo":{"@type":"ImageObject","inLanguage":"fr-FR","@id":"https:\/\/www.hotelbrandoli.it\/fr\/#\/schema\/logo\/image\/","url":"https:\/\/www.hotelbrandoli.it\/wp-content\/uploads\/sites\/220\/2025\/02\/logo_brandoli_oriz_c.svg","contentUrl":"https:\/\/www.hotelbrandoli.it\/wp-content\/uploads\/sites\/220\/2025\/02\/logo_brandoli_oriz_c.svg","width":800,"height":152,"caption":"Hotel Brandoli"},"image":{"@id":"https:\/\/www.hotelbrandoli.it\/fr\/#\/schema\/logo\/image\/"},"sameAs":["https:\/\/www.facebook.com\/hotelbrandoli.verona\/"]}]}},"acf":[],"_links":{"self":[{"href":"https:\/\/www.hotelbrandoli.it\/fr\/wp-json\/wp\/v2\/pages\/339"}],"collection":[{"href":"https:\/\/www.hotelbrandoli.it\/fr\/wp-json\/wp\/v2\/pages"}],"about":[{"href":"https:\/\/www.hotelbrandoli.it\/fr\/wp-json\/wp\/v2\/types\/page"}],"author":[{"embeddable":true,"href":"https:\/\/www.hotelbrandoli.it\/fr\/wp-json\/wp\/v2\/users\/26"}],"replies":[{"embeddable":true,"href":"https:\/\/www.hotelbrandoli.it\/fr\/wp-json\/wp\/v2\/comments?post=339"}],"version-history":[{"count":0,"href":"https:\/\/www.hotelbrandoli.it\/fr\/wp-json\/wp\/v2\/pages\/339\/revisions"}],"up":[{"embeddable":true,"href":"https:\/\/www.hotelbrandoli.it\/fr\/wp-json\/wp\/v2\/pages\/317"}],"wp:attachment":[{"href":"https:\/\/www.hotelbrandoli.it\/fr\/wp-json\/wp\/v2\/media?parent=339"}],"curies":[{"name":"wp","href":"https:\/\/api.w.org\/{rel}","templated":true}]}}