{"id":338,"date":"2025-03-03T10:08:35","date_gmt":"2025-03-03T10:08:35","guid":{"rendered":"https:\/\/hotelbrandoli.ms2.decms.eu\/?page_id=338"},"modified":"2025-03-10T15:59:59","modified_gmt":"2025-03-10T15:59:59","slug":"les-monts-lessinia","status":"publish","type":"page","link":"https:\/\/www.hotelbrandoli.it\/fr\/verone-et-ses-environs\/les-monts-lessinia\/","title":{"rendered":"Les monts (Lessinia)"},"content":{"rendered":"<p>Les monts Lessini sont situ\u00e9s dans la partie septentrionale de la province de V\u00e9rone, et sont constitu\u00e9s par un vaste haut plateau d\u00e9limit\u00e9 \u00e0 l\u2019est par la province frontali\u00e8re de Vicence, \u00e0 l\u2019ouest par la vall\u00e9e de l\u2019Adige et au nord par la vall\u00e9e de Ronchi. En outre, le Parc naturel r\u00e9gional des monts Lessini a \u00e9t\u00e9 cr\u00e9\u00e9 en 1990 pour sauvegarder l\u2019inestimable patrimoine naturel de ses vall\u00e9es et de ses montagnes.<\/p>\n<p>Cette montagne v\u00e9ronaise dont les vall\u00e9es expos\u00e9es au sud s\u2019\u00e9tendent vers la ville de V\u00e9rone \u00e0 travers la <strong>Valpantena<\/strong>, est une charni\u00e8re naturelle temp\u00e9r\u00e9e entre la plaine du P\u00f4 et le monde alpin. La d\u00e9nivellation graduelle des dorsales (de 100 \u00e0 1800 m\u00e8tres au-dessus du niveau de la mer en 30 km environ), la forte pluviosit\u00e9 dans les hauteurs \u00e0 l\u2019automne et au printemps, les profondes saign\u00e9es torrentielles, l\u2019aridit\u00e9 karstique de ses roches calcaires et l\u2019activit\u00e9 des paysans au cours des mill\u00e9naires, ont fa\u00e7onn\u00e9 la vari\u00e9t\u00e9 de ses milieux naturels. Les oliviers et les vignobles m\u00e9diterran\u00e9ens dans les basses collines s\u2019estompent en vergers (cerisiers, chata\u00eegners) en moyenne altitude, pour se transformer en for\u00eats de h\u00eatres et en prairies d\u2019alpage sur le haut plateau. Les roches s\u00e9dimentaires et volcaniques (qui se sont form\u00e9es il y a plus de 200 millions d\u2019ann\u00e9es) composent les tesselles les plus anciennes de cette rare mosa\u00efque naturelle, dont les poissons fossiles de <strong>Bolca<\/strong> repr\u00e9sentent l\u2019aspect le plus c\u00e9l\u00e8bre. L\u2019histoire des monts Lessini ne se limite pas \u00e0 leur patrimoine g\u00e9ologique, pr\u00e9historique et ethnographique : certaines activit\u00e9s traditionnelles comme <strong>l\u2019alpage<\/strong> (fabrication <strong>de produits laitiers et de fromages typiques<\/strong>) et le travail de la pierre font partie int\u00e9grante de la culture et de l\u2019\u00e9conomie. Quelques carri\u00e8res \u201c\u00e0 ciel ouvert\u201d sont encore aujourd\u2019hui en pleine activit\u00e9 pour l\u2019extraction de la <strong>pierre des monts Lessini.<\/strong><\/p>\n<p>Les villes principales du territoire sont: <strong>Grezzana<\/strong> o\u00f9 se trouve la prestigieuse et splendide <strong>Villa Arvedi<\/strong>, <strong>Bosco Chiesanuova<\/strong> et son <strong>mus\u00e9e ethnographique<\/strong>, Erbezzo pour son parc de la faune et de la flore du centre de l\u2019\u00e9ducation \u00e0 l\u2019environnement \u2033<strong>Malga Derocon<\/strong>\u2033, <strong>S. Anna d\u2019Alfaedo<\/strong>, qui est le si\u00e8ge d\u2019un important <strong>Mus\u00e9e Pal\u00e9ontologique et Ponte di Veja<\/strong>, o\u00f9 un ancien et majestueux pont dans la Valpantena, se d\u00e9tache par le rouge ammonite de son arcade et le blanc calcaire de ses pyl\u00f4nes s\u2019agissant d\u2019un exemple quasiment unique de pont naturel d\u00fb \u00e0 un ph\u00e9nom\u00e8ne karstique. Il fut utilis\u00e9 depuis la pr\u00e9histoire par les chasseurs (l\u2019un d\u2019eux pourrait \u00eatre le c\u00e9l\u00e8bre \u201cOtzi\u201d qui fut retrouv\u00e9 sur le glacier du Similaun), comme le t\u00e9moignent les signes qui apparaissent dans la <strong>Grotte de l\u2019Ours<\/strong> et dans les autres cavit\u00e9s qui se d\u00e9veloppent sous le pont. Le <strong>Parc des Cascades de Molina<\/strong> est d\u2019une incomparable beaut\u00e9, une oasis naturelle, riche en eau et en esp\u00e8ces botaniques rares. Avec ses canyons, ses petits lacs et ses points de vue panoramique qui dominent le parc, c\u2019est un lieu frais en \u00e9t\u00e9 et fascinant en hiver, gr\u00e2ce au spectacle de ses cascades glac\u00e9es.<\/p>\n<p>Depuis toujours, de par leur environnement vari\u00e9, les monts Lessini sont pour de nombreux habitants de la plaine du P\u00f4, la \u201cpremi\u00e8re montagne\u201d que l\u2019on peut atteindre facilement avec les transports publics, bien fournie en structures d\u2019accueil (h\u00f4tels, campings, appartements) et adapt\u00e9e aussi bien au tourisme d\u2019hiver et au ski gr\u00e2ce aux nouvelles installations de remont\u00e9e m\u00e9canique de San Giorgio, qu\u2019\u00e0 l\u2019excursionnisme en \u00e9t\u00e9 et aux promenades dans la nature.<\/p>\n","protected":false},"excerpt":{"rendered":"<p>Les monts Lessini sont situ\u00e9s dans la partie septentrionale de la province de V\u00e9rone, et sont constitu\u00e9s par un vaste haut plateau d\u00e9limit\u00e9 \u00e0 l\u2019est par la province frontali\u00e8re de Vicence, \u00e0 l\u2019ouest par la vall\u00e9e de l\u2019Adige et au nord par la vall\u00e9e de Ronchi. En outre, le Parc naturel r\u00e9gional des monts Lessini [&hellip;]<\/p>\n","protected":false},"author":26,"featured_media":0,"parent":317,"menu_order":20,"comment_status":"closed","ping_status":"closed","template":"template-default-3.php","meta":{"footnotes":""},"yoast_head":"<!-- This site is optimized with the Yoast SEO plugin v22.3 - https:\/\/yoast.com\/wordpress\/plugins\/seo\/ -->\n<title>Les monts (Lessinia) - Hotel Brandoli -<\/title>\n<meta name=\"description\" content=\"Les monts Lessini sont situ\u00e9s dans la partie septentrionale de la province de V\u00e9rone, et sont constitu\u00e9s par un vaste haut plateau d\u00e9limit\u00e9 \u00e0 l\u2019est par la province frontali\u00e8re de Vicence, \u00e0 l\u2019ouest par la vall\u00e9e de l\u2019Adige et au nord par la vall\u00e9e de Ronchi. En outre, le Parc naturel r\u00e9gional des monts Lessini a \u00e9t\u00e9 cr\u00e9\u00e9 en 1990 pour sauvegarder l\u2019inestimable patrimoine naturel de ses vall\u00e9es et de ses montagnes.  Cette montagne v\u00e9ronaise dont les vall\u00e9es expos\u00e9es au sud s\u2019\u00e9tendent vers la ville de V\u00e9rone \u00e0 travers la Valpantena, est une charni\u00e8re naturelle temp\u00e9r\u00e9e entre la plaine du P\u00f4 et le monde alpin\" \/>\n<meta name=\"robots\" content=\"index, follow, max-snippet:-1, max-image-preview:large, max-video-preview:-1\" \/>\n<link rel=\"canonical\" href=\"https:\/\/www.hotelbrandoli.it\/fr\/verone-et-ses-environs\/les-monts-lessinia\/\" \/>\n<meta property=\"og:locale\" content=\"fr_FR\" \/>\n<meta property=\"og:type\" content=\"article\" \/>\n<meta property=\"og:title\" content=\"Les monts (Lessinia) - Hotel Brandoli -\" \/>\n<meta property=\"og:description\" content=\"Les monts Lessini sont situ\u00e9s dans la partie septentrionale de la province de V\u00e9rone, et sont constitu\u00e9s par un vaste haut plateau d\u00e9limit\u00e9 \u00e0 l\u2019est par la province frontali\u00e8re de Vicence, \u00e0 l\u2019ouest par la vall\u00e9e de l\u2019Adige et au nord par la vall\u00e9e de Ronchi. En outre, le Parc naturel r\u00e9gional des monts Lessini a \u00e9t\u00e9 cr\u00e9\u00e9 en 1990 pour sauvegarder l\u2019inestimable patrimoine naturel de ses vall\u00e9es et de ses montagnes.  Cette montagne v\u00e9ronaise dont les vall\u00e9es expos\u00e9es au sud s\u2019\u00e9tendent vers la ville de V\u00e9rone \u00e0 travers la Valpantena, est une charni\u00e8re naturelle temp\u00e9r\u00e9e entre la plaine du P\u00f4 et le monde alpin\" \/>\n<meta property=\"og:url\" content=\"https:\/\/www.hotelbrandoli.it\/fr\/verone-et-ses-environs\/les-monts-lessinia\/\" \/>\n<meta property=\"og:site_name\" content=\"Hotel Brandoli\" \/>\n<meta property=\"article:publisher\" content=\"https:\/\/www.facebook.com\/hotelbrandoli.verona\/\" \/>\n<meta property=\"article:modified_time\" content=\"2025-03-10T15:59:59+00:00\" \/>\n<meta name=\"twitter:card\" content=\"summary_large_image\" \/>\n<meta name=\"twitter:label1\" content=\"Dur\u00e9e de lecture estim\u00e9e\" \/>\n\t<meta name=\"twitter:data1\" content=\"3 minutes\" \/>\n<script type=\"application\/ld+json\" class=\"yoast-schema-graph\">{\"@context\":\"https:\/\/schema.org\",\"@graph\":[{\"@type\":\"WebPage\",\"@id\":\"https:\/\/www.hotelbrandoli.it\/fr\/verone-et-ses-environs\/les-monts-lessinia\/\",\"url\":\"https:\/\/www.hotelbrandoli.it\/fr\/verone-et-ses-environs\/les-monts-lessinia\/\",\"name\":\"Les monts (Lessinia) - Hotel Brandoli -\",\"isPartOf\":{\"@id\":\"https:\/\/www.hotelbrandoli.it\/fr\/#website\"},\"datePublished\":\"2025-03-03T10:08:35+00:00\",\"dateModified\":\"2025-03-10T15:59:59+00:00\",\"description\":\"Les monts Lessini sont situ\u00e9s dans la partie septentrionale de la province de V\u00e9rone, et sont constitu\u00e9s par un vaste haut plateau d\u00e9limit\u00e9 \u00e0 l\u2019est par la province frontali\u00e8re de Vicence, \u00e0 l\u2019ouest par la vall\u00e9e de l\u2019Adige et au nord par la vall\u00e9e de Ronchi. En outre, le Parc naturel r\u00e9gional des monts Lessini a \u00e9t\u00e9 cr\u00e9\u00e9 en 1990 pour sauvegarder l\u2019inestimable patrimoine naturel de ses vall\u00e9es et de ses montagnes. Cette montagne v\u00e9ronaise dont les vall\u00e9es expos\u00e9es au sud s\u2019\u00e9tendent vers la ville de V\u00e9rone \u00e0 travers la Valpantena, est une charni\u00e8re naturelle temp\u00e9r\u00e9e entre la plaine du P\u00f4 et le monde alpin\",\"breadcrumb\":{\"@id\":\"https:\/\/www.hotelbrandoli.it\/fr\/verone-et-ses-environs\/les-monts-lessinia\/#breadcrumb\"},\"inLanguage\":\"fr-FR\",\"potentialAction\":[{\"@type\":\"ReadAction\",\"target\":[\"https:\/\/www.hotelbrandoli.it\/fr\/verone-et-ses-environs\/les-monts-lessinia\/\"]}]},{\"@type\":\"BreadcrumbList\",\"@id\":\"https:\/\/www.hotelbrandoli.it\/fr\/verone-et-ses-environs\/les-monts-lessinia\/#breadcrumb\",\"itemListElement\":[{\"@type\":\"ListItem\",\"position\":1,\"name\":\"Home\",\"item\":\"https:\/\/www.hotelbrandoli.it\/fr\/\"},{\"@type\":\"ListItem\",\"position\":2,\"name\":\"V\u00e9rone et ses environs\",\"item\":\"https:\/\/www.hotelbrandoli.it\/fr\/verona-e-dintorni\/\"},{\"@type\":\"ListItem\",\"position\":3,\"name\":\"Les monts (Lessinia)\"}]},{\"@type\":\"WebSite\",\"@id\":\"https:\/\/www.hotelbrandoli.it\/fr\/#website\",\"url\":\"https:\/\/www.hotelbrandoli.it\/fr\/\",\"name\":\"Hotel Brandoli\",\"description\":\"\",\"publisher\":{\"@id\":\"https:\/\/www.hotelbrandoli.it\/fr\/#organization\"},\"potentialAction\":[{\"@type\":\"SearchAction\",\"target\":{\"@type\":\"EntryPoint\",\"urlTemplate\":\"https:\/\/www.hotelbrandoli.it\/fr\/?s={search_term_string}\"},\"query-input\":\"required name=search_term_string\"}],\"inLanguage\":\"fr-FR\"},{\"@type\":\"Organization\",\"@id\":\"https:\/\/www.hotelbrandoli.it\/fr\/#organization\",\"name\":\"Hotel Brandoli\",\"url\":\"https:\/\/www.hotelbrandoli.it\/fr\/\",\"logo\":{\"@type\":\"ImageObject\",\"inLanguage\":\"fr-FR\",\"@id\":\"https:\/\/www.hotelbrandoli.it\/fr\/#\/schema\/logo\/image\/\",\"url\":\"https:\/\/www.hotelbrandoli.it\/wp-content\/uploads\/sites\/220\/2025\/02\/logo_brandoli_oriz_c.svg\",\"contentUrl\":\"https:\/\/www.hotelbrandoli.it\/wp-content\/uploads\/sites\/220\/2025\/02\/logo_brandoli_oriz_c.svg\",\"width\":800,\"height\":152,\"caption\":\"Hotel Brandoli\"},\"image\":{\"@id\":\"https:\/\/www.hotelbrandoli.it\/fr\/#\/schema\/logo\/image\/\"},\"sameAs\":[\"https:\/\/www.facebook.com\/hotelbrandoli.verona\/\"]}]}<\/script>\n<!-- \/ Yoast SEO plugin. -->","yoast_head_json":{"title":"Les monts (Lessinia) - Hotel Brandoli -","description":"Les monts Lessini sont situ\u00e9s dans la partie septentrionale de la province de V\u00e9rone, et sont constitu\u00e9s par un vaste haut plateau d\u00e9limit\u00e9 \u00e0 l\u2019est par la province frontali\u00e8re de Vicence, \u00e0 l\u2019ouest par la vall\u00e9e de l\u2019Adige et au nord par la vall\u00e9e de Ronchi. En outre, le Parc naturel r\u00e9gional des monts Lessini a \u00e9t\u00e9 cr\u00e9\u00e9 en 1990 pour sauvegarder l\u2019inestimable patrimoine naturel de ses vall\u00e9es et de ses montagnes.  Cette montagne v\u00e9ronaise dont les vall\u00e9es expos\u00e9es au sud s\u2019\u00e9tendent vers la ville de V\u00e9rone \u00e0 travers la Valpantena, est une charni\u00e8re naturelle temp\u00e9r\u00e9e entre la plaine du P\u00f4 et le monde alpin","robots":{"index":"index","follow":"follow","max-snippet":"max-snippet:-1","max-image-preview":"max-image-preview:large","max-video-preview":"max-video-preview:-1"},"canonical":"https:\/\/www.hotelbrandoli.it\/fr\/verone-et-ses-environs\/les-monts-lessinia\/","og_locale":"fr_FR","og_type":"article","og_title":"Les monts (Lessinia) - Hotel Brandoli -","og_description":"Les monts Lessini sont situ\u00e9s dans la partie septentrionale de la province de V\u00e9rone, et sont constitu\u00e9s par un vaste haut plateau d\u00e9limit\u00e9 \u00e0 l\u2019est par la province frontali\u00e8re de Vicence, \u00e0 l\u2019ouest par la vall\u00e9e de l\u2019Adige et au nord par la vall\u00e9e de Ronchi. En outre, le Parc naturel r\u00e9gional des monts Lessini a \u00e9t\u00e9 cr\u00e9\u00e9 en 1990 pour sauvegarder l\u2019inestimable patrimoine naturel de ses vall\u00e9es et de ses montagnes.  Cette montagne v\u00e9ronaise dont les vall\u00e9es expos\u00e9es au sud s\u2019\u00e9tendent vers la ville de V\u00e9rone \u00e0 travers la Valpantena, est une charni\u00e8re naturelle temp\u00e9r\u00e9e entre la plaine du P\u00f4 et le monde alpin","og_url":"https:\/\/www.hotelbrandoli.it\/fr\/verone-et-ses-environs\/les-monts-lessinia\/","og_site_name":"Hotel Brandoli","article_publisher":"https:\/\/www.facebook.com\/hotelbrandoli.verona\/","article_modified_time":"2025-03-10T15:59:59+00:00","twitter_card":"summary_large_image","twitter_misc":{"Dur\u00e9e de lecture estim\u00e9e":"3 minutes"},"schema":{"@context":"https:\/\/schema.org","@graph":[{"@type":"WebPage","@id":"https:\/\/www.hotelbrandoli.it\/fr\/verone-et-ses-environs\/les-monts-lessinia\/","url":"https:\/\/www.hotelbrandoli.it\/fr\/verone-et-ses-environs\/les-monts-lessinia\/","name":"Les monts (Lessinia) - Hotel Brandoli -","isPartOf":{"@id":"https:\/\/www.hotelbrandoli.it\/fr\/#website"},"datePublished":"2025-03-03T10:08:35+00:00","dateModified":"2025-03-10T15:59:59+00:00","description":"Les monts Lessini sont situ\u00e9s dans la partie septentrionale de la province de V\u00e9rone, et sont constitu\u00e9s par un vaste haut plateau d\u00e9limit\u00e9 \u00e0 l\u2019est par la province frontali\u00e8re de Vicence, \u00e0 l\u2019ouest par la vall\u00e9e de l\u2019Adige et au nord par la vall\u00e9e de Ronchi. En outre, le Parc naturel r\u00e9gional des monts Lessini a \u00e9t\u00e9 cr\u00e9\u00e9 en 1990 pour sauvegarder l\u2019inestimable patrimoine naturel de ses vall\u00e9es et de ses montagnes. Cette montagne v\u00e9ronaise dont les vall\u00e9es expos\u00e9es au sud s\u2019\u00e9tendent vers la ville de V\u00e9rone \u00e0 travers la Valpantena, est une charni\u00e8re naturelle temp\u00e9r\u00e9e entre la plaine du P\u00f4 et le monde alpin","breadcrumb":{"@id":"https:\/\/www.hotelbrandoli.it\/fr\/verone-et-ses-environs\/les-monts-lessinia\/#breadcrumb"},"inLanguage":"fr-FR","potentialAction":[{"@type":"ReadAction","target":["https:\/\/www.hotelbrandoli.it\/fr\/verone-et-ses-environs\/les-monts-lessinia\/"]}]},{"@type":"BreadcrumbList","@id":"https:\/\/www.hotelbrandoli.it\/fr\/verone-et-ses-environs\/les-monts-lessinia\/#breadcrumb","itemListElement":[{"@type":"ListItem","position":1,"name":"Home","item":"https:\/\/www.hotelbrandoli.it\/fr\/"},{"@type":"ListItem","position":2,"name":"V\u00e9rone et ses environs","item":"https:\/\/www.hotelbrandoli.it\/fr\/verona-e-dintorni\/"},{"@type":"ListItem","position":3,"name":"Les monts (Lessinia)"}]},{"@type":"WebSite","@id":"https:\/\/www.hotelbrandoli.it\/fr\/#website","url":"https:\/\/www.hotelbrandoli.it\/fr\/","name":"Hotel Brandoli","description":"","publisher":{"@id":"https:\/\/www.hotelbrandoli.it\/fr\/#organization"},"potentialAction":[{"@type":"SearchAction","target":{"@type":"EntryPoint","urlTemplate":"https:\/\/www.hotelbrandoli.it\/fr\/?s={search_term_string}"},"query-input":"required name=search_term_string"}],"inLanguage":"fr-FR"},{"@type":"Organization","@id":"https:\/\/www.hotelbrandoli.it\/fr\/#organization","name":"Hotel Brandoli","url":"https:\/\/www.hotelbrandoli.it\/fr\/","logo":{"@type":"ImageObject","inLanguage":"fr-FR","@id":"https:\/\/www.hotelbrandoli.it\/fr\/#\/schema\/logo\/image\/","url":"https:\/\/www.hotelbrandoli.it\/wp-content\/uploads\/sites\/220\/2025\/02\/logo_brandoli_oriz_c.svg","contentUrl":"https:\/\/www.hotelbrandoli.it\/wp-content\/uploads\/sites\/220\/2025\/02\/logo_brandoli_oriz_c.svg","width":800,"height":152,"caption":"Hotel Brandoli"},"image":{"@id":"https:\/\/www.hotelbrandoli.it\/fr\/#\/schema\/logo\/image\/"},"sameAs":["https:\/\/www.facebook.com\/hotelbrandoli.verona\/"]}]}},"acf":[],"_links":{"self":[{"href":"https:\/\/www.hotelbrandoli.it\/fr\/wp-json\/wp\/v2\/pages\/338"}],"collection":[{"href":"https:\/\/www.hotelbrandoli.it\/fr\/wp-json\/wp\/v2\/pages"}],"about":[{"href":"https:\/\/www.hotelbrandoli.it\/fr\/wp-json\/wp\/v2\/types\/page"}],"author":[{"embeddable":true,"href":"https:\/\/www.hotelbrandoli.it\/fr\/wp-json\/wp\/v2\/users\/26"}],"replies":[{"embeddable":true,"href":"https:\/\/www.hotelbrandoli.it\/fr\/wp-json\/wp\/v2\/comments?post=338"}],"version-history":[{"count":0,"href":"https:\/\/www.hotelbrandoli.it\/fr\/wp-json\/wp\/v2\/pages\/338\/revisions"}],"up":[{"embeddable":true,"href":"https:\/\/www.hotelbrandoli.it\/fr\/wp-json\/wp\/v2\/pages\/317"}],"wp:attachment":[{"href":"https:\/\/www.hotelbrandoli.it\/fr\/wp-json\/wp\/v2\/media?parent=338"}],"curies":[{"name":"wp","href":"https:\/\/api.w.org\/{rel}","templated":true}]}}