{"id":281,"date":"2025-03-03T09:26:24","date_gmt":"2025-03-03T09:26:24","guid":{"rendered":"https:\/\/hotelbrandoli.ms2.decms.eu\/?page_id=281"},"modified":"2025-03-10T15:08:11","modified_gmt":"2025-03-10T15:08:11","slug":"services","status":"publish","type":"page","link":"https:\/\/www.hotelbrandoli.it\/fr\/services\/","title":{"rendered":"Services"},"content":{"rendered":"<p>L\u2019<strong>h\u00f4tel Brandoli<\/strong> est ouvert toute l\u2019ann\u00e9e et <strong>accueille ses clients avec professionnalisme et disponibilit\u00e9<\/strong>.<\/p>\n<p>Outre les <strong>nombreux services propos\u00e9s<\/strong>, son personnel se tient \u00e0 votre disposition pour r\u00e9pondre \u00e0 toutes vos demandes.<\/p>\n","protected":false},"excerpt":{"rendered":"<p>L\u2019h\u00f4tel Brandoli est ouvert toute l\u2019ann\u00e9e et accueille ses clients avec professionnalisme et disponibilit\u00e9. Outre les nombreux services propos\u00e9s, son personnel se tient \u00e0 votre disposition pour r\u00e9pondre \u00e0 toutes vos demandes.<\/p>\n","protected":false},"author":26,"featured_media":0,"parent":0,"menu_order":40,"comment_status":"closed","ping_status":"closed","template":"template-services.php","meta":{"footnotes":""},"yoast_head":"<!-- This site is optimized with the Yoast SEO plugin v22.3 - https:\/\/yoast.com\/wordpress\/plugins\/seo\/ -->\n<title>Services - Hotel Brandoli -<\/title>\n<meta name=\"description\" content=\"L\u2019h\u00f4tel Brandoli est ouvert toute l\u2019ann\u00e9e et accueille ses clients avec professionnalisme et disponibilit\u00e9.  Outre les nombreux services propos\u00e9s, son personnel se tient \u00e0 votre disposition pour r\u00e9pondre \u00e0 toutes vos demandes..\" \/>\n<meta name=\"robots\" content=\"index, follow, max-snippet:-1, max-image-preview:large, max-video-preview:-1\" \/>\n<link rel=\"canonical\" href=\"https:\/\/www.hotelbrandoli.it\/fr\/services\/\" \/>\n<meta property=\"og:locale\" content=\"fr_FR\" \/>\n<meta property=\"og:type\" content=\"article\" \/>\n<meta property=\"og:title\" content=\"Services - Hotel Brandoli -\" \/>\n<meta property=\"og:description\" content=\"L\u2019h\u00f4tel Brandoli est ouvert toute l\u2019ann\u00e9e et accueille ses clients avec professionnalisme et disponibilit\u00e9.  Outre les nombreux services propos\u00e9s, son personnel se tient \u00e0 votre disposition pour r\u00e9pondre \u00e0 toutes vos demandes..\" \/>\n<meta property=\"og:url\" content=\"https:\/\/www.hotelbrandoli.it\/fr\/services\/\" \/>\n<meta property=\"og:site_name\" content=\"Hotel Brandoli\" \/>\n<meta property=\"article:publisher\" content=\"https:\/\/www.facebook.com\/hotelbrandoli.verona\/\" \/>\n<meta property=\"article:modified_time\" content=\"2025-03-10T15:08:11+00:00\" \/>\n<meta name=\"twitter:card\" content=\"summary_large_image\" \/>\n<meta name=\"twitter:label1\" content=\"Dur\u00e9e de lecture estim\u00e9e\" \/>\n\t<meta name=\"twitter:data1\" content=\"1 minute\" \/>\n<script type=\"application\/ld+json\" class=\"yoast-schema-graph\">{\"@context\":\"https:\/\/schema.org\",\"@graph\":[{\"@type\":\"WebPage\",\"@id\":\"https:\/\/www.hotelbrandoli.it\/fr\/services\/\",\"url\":\"https:\/\/www.hotelbrandoli.it\/fr\/services\/\",\"name\":\"Services - Hotel Brandoli -\",\"isPartOf\":{\"@id\":\"https:\/\/www.hotelbrandoli.it\/fr\/#website\"},\"datePublished\":\"2025-03-03T09:26:24+00:00\",\"dateModified\":\"2025-03-10T15:08:11+00:00\",\"description\":\"L\u2019h\u00f4tel Brandoli est ouvert toute l\u2019ann\u00e9e et accueille ses clients avec professionnalisme et disponibilit\u00e9. Outre les nombreux services propos\u00e9s, son personnel se tient \u00e0 votre disposition pour r\u00e9pondre \u00e0 toutes vos demandes..\",\"breadcrumb\":{\"@id\":\"https:\/\/www.hotelbrandoli.it\/fr\/services\/#breadcrumb\"},\"inLanguage\":\"fr-FR\",\"potentialAction\":[{\"@type\":\"ReadAction\",\"target\":[\"https:\/\/www.hotelbrandoli.it\/fr\/services\/\"]}]},{\"@type\":\"BreadcrumbList\",\"@id\":\"https:\/\/www.hotelbrandoli.it\/fr\/services\/#breadcrumb\",\"itemListElement\":[{\"@type\":\"ListItem\",\"position\":1,\"name\":\"Home\",\"item\":\"https:\/\/www.hotelbrandoli.it\/fr\/\"},{\"@type\":\"ListItem\",\"position\":2,\"name\":\"Services\"}]},{\"@type\":\"WebSite\",\"@id\":\"https:\/\/www.hotelbrandoli.it\/fr\/#website\",\"url\":\"https:\/\/www.hotelbrandoli.it\/fr\/\",\"name\":\"Hotel Brandoli\",\"description\":\"\",\"publisher\":{\"@id\":\"https:\/\/www.hotelbrandoli.it\/fr\/#organization\"},\"potentialAction\":[{\"@type\":\"SearchAction\",\"target\":{\"@type\":\"EntryPoint\",\"urlTemplate\":\"https:\/\/www.hotelbrandoli.it\/fr\/?s={search_term_string}\"},\"query-input\":\"required name=search_term_string\"}],\"inLanguage\":\"fr-FR\"},{\"@type\":\"Organization\",\"@id\":\"https:\/\/www.hotelbrandoli.it\/fr\/#organization\",\"name\":\"Hotel Brandoli\",\"url\":\"https:\/\/www.hotelbrandoli.it\/fr\/\",\"logo\":{\"@type\":\"ImageObject\",\"inLanguage\":\"fr-FR\",\"@id\":\"https:\/\/www.hotelbrandoli.it\/fr\/#\/schema\/logo\/image\/\",\"url\":\"https:\/\/www.hotelbrandoli.it\/wp-content\/uploads\/sites\/220\/2025\/02\/logo_brandoli_oriz_c.svg\",\"contentUrl\":\"https:\/\/www.hotelbrandoli.it\/wp-content\/uploads\/sites\/220\/2025\/02\/logo_brandoli_oriz_c.svg\",\"width\":800,\"height\":152,\"caption\":\"Hotel Brandoli\"},\"image\":{\"@id\":\"https:\/\/www.hotelbrandoli.it\/fr\/#\/schema\/logo\/image\/\"},\"sameAs\":[\"https:\/\/www.facebook.com\/hotelbrandoli.verona\/\"]}]}<\/script>\n<!-- \/ Yoast SEO plugin. -->","yoast_head_json":{"title":"Services - Hotel Brandoli -","description":"L\u2019h\u00f4tel Brandoli est ouvert toute l\u2019ann\u00e9e et accueille ses clients avec professionnalisme et disponibilit\u00e9.  Outre les nombreux services propos\u00e9s, son personnel se tient \u00e0 votre disposition pour r\u00e9pondre \u00e0 toutes vos demandes..","robots":{"index":"index","follow":"follow","max-snippet":"max-snippet:-1","max-image-preview":"max-image-preview:large","max-video-preview":"max-video-preview:-1"},"canonical":"https:\/\/www.hotelbrandoli.it\/fr\/services\/","og_locale":"fr_FR","og_type":"article","og_title":"Services - Hotel Brandoli -","og_description":"L\u2019h\u00f4tel Brandoli est ouvert toute l\u2019ann\u00e9e et accueille ses clients avec professionnalisme et disponibilit\u00e9.  Outre les nombreux services propos\u00e9s, son personnel se tient \u00e0 votre disposition pour r\u00e9pondre \u00e0 toutes vos demandes..","og_url":"https:\/\/www.hotelbrandoli.it\/fr\/services\/","og_site_name":"Hotel Brandoli","article_publisher":"https:\/\/www.facebook.com\/hotelbrandoli.verona\/","article_modified_time":"2025-03-10T15:08:11+00:00","twitter_card":"summary_large_image","twitter_misc":{"Dur\u00e9e de lecture estim\u00e9e":"1 minute"},"schema":{"@context":"https:\/\/schema.org","@graph":[{"@type":"WebPage","@id":"https:\/\/www.hotelbrandoli.it\/fr\/services\/","url":"https:\/\/www.hotelbrandoli.it\/fr\/services\/","name":"Services - Hotel Brandoli -","isPartOf":{"@id":"https:\/\/www.hotelbrandoli.it\/fr\/#website"},"datePublished":"2025-03-03T09:26:24+00:00","dateModified":"2025-03-10T15:08:11+00:00","description":"L\u2019h\u00f4tel Brandoli est ouvert toute l\u2019ann\u00e9e et accueille ses clients avec professionnalisme et disponibilit\u00e9. Outre les nombreux services propos\u00e9s, son personnel se tient \u00e0 votre disposition pour r\u00e9pondre \u00e0 toutes vos demandes..","breadcrumb":{"@id":"https:\/\/www.hotelbrandoli.it\/fr\/services\/#breadcrumb"},"inLanguage":"fr-FR","potentialAction":[{"@type":"ReadAction","target":["https:\/\/www.hotelbrandoli.it\/fr\/services\/"]}]},{"@type":"BreadcrumbList","@id":"https:\/\/www.hotelbrandoli.it\/fr\/services\/#breadcrumb","itemListElement":[{"@type":"ListItem","position":1,"name":"Home","item":"https:\/\/www.hotelbrandoli.it\/fr\/"},{"@type":"ListItem","position":2,"name":"Services"}]},{"@type":"WebSite","@id":"https:\/\/www.hotelbrandoli.it\/fr\/#website","url":"https:\/\/www.hotelbrandoli.it\/fr\/","name":"Hotel Brandoli","description":"","publisher":{"@id":"https:\/\/www.hotelbrandoli.it\/fr\/#organization"},"potentialAction":[{"@type":"SearchAction","target":{"@type":"EntryPoint","urlTemplate":"https:\/\/www.hotelbrandoli.it\/fr\/?s={search_term_string}"},"query-input":"required name=search_term_string"}],"inLanguage":"fr-FR"},{"@type":"Organization","@id":"https:\/\/www.hotelbrandoli.it\/fr\/#organization","name":"Hotel Brandoli","url":"https:\/\/www.hotelbrandoli.it\/fr\/","logo":{"@type":"ImageObject","inLanguage":"fr-FR","@id":"https:\/\/www.hotelbrandoli.it\/fr\/#\/schema\/logo\/image\/","url":"https:\/\/www.hotelbrandoli.it\/wp-content\/uploads\/sites\/220\/2025\/02\/logo_brandoli_oriz_c.svg","contentUrl":"https:\/\/www.hotelbrandoli.it\/wp-content\/uploads\/sites\/220\/2025\/02\/logo_brandoli_oriz_c.svg","width":800,"height":152,"caption":"Hotel Brandoli"},"image":{"@id":"https:\/\/www.hotelbrandoli.it\/fr\/#\/schema\/logo\/image\/"},"sameAs":["https:\/\/www.facebook.com\/hotelbrandoli.verona\/"]}]}},"acf":[],"_links":{"self":[{"href":"https:\/\/www.hotelbrandoli.it\/fr\/wp-json\/wp\/v2\/pages\/281"}],"collection":[{"href":"https:\/\/www.hotelbrandoli.it\/fr\/wp-json\/wp\/v2\/pages"}],"about":[{"href":"https:\/\/www.hotelbrandoli.it\/fr\/wp-json\/wp\/v2\/types\/page"}],"author":[{"embeddable":true,"href":"https:\/\/www.hotelbrandoli.it\/fr\/wp-json\/wp\/v2\/users\/26"}],"replies":[{"embeddable":true,"href":"https:\/\/www.hotelbrandoli.it\/fr\/wp-json\/wp\/v2\/comments?post=281"}],"version-history":[{"count":0,"href":"https:\/\/www.hotelbrandoli.it\/fr\/wp-json\/wp\/v2\/pages\/281\/revisions"}],"wp:attachment":[{"href":"https:\/\/www.hotelbrandoli.it\/fr\/wp-json\/wp\/v2\/media?parent=281"}],"curies":[{"name":"wp","href":"https:\/\/api.w.org\/{rel}","templated":true}]}}