{"id":243,"date":"2025-03-03T09:25:47","date_gmt":"2025-03-03T09:25:47","guid":{"rendered":"https:\/\/hotelbrandoli.ms2.decms.eu\/?page_id=243"},"modified":"2025-03-10T13:12:27","modified_gmt":"2025-03-10T13:12:27","slug":"chambres","status":"publish","type":"page","link":"https:\/\/www.hotelbrandoli.it\/fr\/chambres\/","title":{"rendered":"Chambres"},"content":{"rendered":"<p>Les chambres de l\u2019h\u00f4tel Brandoli <strong>vous offrent le nec plus ultra en mati\u00e8re de confort<\/strong> dans un cadre chaleureux et propice \u00e0 la d\u00e9tente. Meubl\u00e9es dans un style moderne, elles ont des sols en parquet. Confortables, les salles de bains sont dot\u00e9es d\u2019une douche et d\u00e9cor\u00e9es de mosa\u00efques.<\/p>\n<p><strong><em>Certaines chambres sont am\u00e9nag\u00e9es pour les personnes \u00e0 mobilit\u00e9 r\u00e9duite.<\/em><\/strong><br \/>\nToutes les chambres sont non-fumeur.<br \/>\nLes animaux ne sont pas accept\u00e9s.<\/p>\n<p>Les mineurs doivent\u00a0\u00eatre accompagn\u00e9s de leurs parents.<\/p>\n<p>Heure d\u2019arriv\u00e9e : 14.00<br \/>\nHeure de d\u00e9part : 11.00<\/p>\n","protected":false},"excerpt":{"rendered":"<p>Les chambres de l\u2019h\u00f4tel Brandoli vous offrent le nec plus ultra en mati\u00e8re de confort dans un cadre chaleureux et propice \u00e0 la d\u00e9tente. Meubl\u00e9es dans un style moderne, elles ont des sols en parquet. Confortables, les salles de bains sont dot\u00e9es d\u2019une douche et d\u00e9cor\u00e9es de mosa\u00efques. Certaines chambres sont am\u00e9nag\u00e9es pour les personnes [&hellip;]<\/p>\n","protected":false},"author":26,"featured_media":0,"parent":0,"menu_order":20,"comment_status":"closed","ping_status":"closed","template":"template-rooms.php","meta":{"footnotes":""},"yoast_head":"<!-- This site is optimized with the Yoast SEO plugin v22.3 - https:\/\/yoast.com\/wordpress\/plugins\/seo\/ -->\n<title>Chambres - Hotel Brandoli -<\/title>\n<meta name=\"description\" content=\"Les chambres de l\u2019h\u00f4tel Brandoli vous offrent le nec plus ultra en mati\u00e8re de confort dans un cadre chaleureux et propice \u00e0 la d\u00e9tente. Meubl\u00e9es dans un style moderne, elles ont des sols en parquet\" \/>\n<meta name=\"robots\" content=\"index, follow, max-snippet:-1, max-image-preview:large, max-video-preview:-1\" \/>\n<link rel=\"canonical\" href=\"https:\/\/www.hotelbrandoli.it\/fr\/chambres\/\" \/>\n<meta property=\"og:locale\" content=\"fr_FR\" \/>\n<meta property=\"og:type\" content=\"article\" \/>\n<meta property=\"og:title\" content=\"Chambres - Hotel Brandoli -\" \/>\n<meta property=\"og:description\" content=\"Les chambres de l\u2019h\u00f4tel Brandoli vous offrent le nec plus ultra en mati\u00e8re de confort dans un cadre chaleureux et propice \u00e0 la d\u00e9tente. Meubl\u00e9es dans un style moderne, elles ont des sols en parquet\" \/>\n<meta property=\"og:url\" content=\"https:\/\/www.hotelbrandoli.it\/fr\/chambres\/\" \/>\n<meta property=\"og:site_name\" content=\"Hotel Brandoli\" \/>\n<meta property=\"article:publisher\" content=\"https:\/\/www.facebook.com\/hotelbrandoli.verona\/\" \/>\n<meta property=\"article:modified_time\" content=\"2025-03-10T13:12:27+00:00\" \/>\n<meta name=\"twitter:card\" content=\"summary_large_image\" \/>\n<meta name=\"twitter:label1\" content=\"Dur\u00e9e de lecture estim\u00e9e\" \/>\n\t<meta name=\"twitter:data1\" content=\"1 minute\" \/>\n<script type=\"application\/ld+json\" class=\"yoast-schema-graph\">{\"@context\":\"https:\/\/schema.org\",\"@graph\":[{\"@type\":\"WebPage\",\"@id\":\"https:\/\/www.hotelbrandoli.it\/fr\/chambres\/\",\"url\":\"https:\/\/www.hotelbrandoli.it\/fr\/chambres\/\",\"name\":\"Chambres - Hotel Brandoli -\",\"isPartOf\":{\"@id\":\"https:\/\/www.hotelbrandoli.it\/fr\/#website\"},\"datePublished\":\"2025-03-03T09:25:47+00:00\",\"dateModified\":\"2025-03-10T13:12:27+00:00\",\"description\":\"Les chambres de l\u2019h\u00f4tel Brandoli vous offrent le nec plus ultra en mati\u00e8re de confort dans un cadre chaleureux et propice \u00e0 la d\u00e9tente. Meubl\u00e9es dans un style moderne, elles ont des sols en parquet\",\"breadcrumb\":{\"@id\":\"https:\/\/www.hotelbrandoli.it\/fr\/chambres\/#breadcrumb\"},\"inLanguage\":\"fr-FR\",\"potentialAction\":[{\"@type\":\"ReadAction\",\"target\":[\"https:\/\/www.hotelbrandoli.it\/fr\/chambres\/\"]}]},{\"@type\":\"BreadcrumbList\",\"@id\":\"https:\/\/www.hotelbrandoli.it\/fr\/chambres\/#breadcrumb\",\"itemListElement\":[{\"@type\":\"ListItem\",\"position\":1,\"name\":\"Home\",\"item\":\"https:\/\/www.hotelbrandoli.it\/fr\/\"},{\"@type\":\"ListItem\",\"position\":2,\"name\":\"Chambres\"}]},{\"@type\":\"WebSite\",\"@id\":\"https:\/\/www.hotelbrandoli.it\/fr\/#website\",\"url\":\"https:\/\/www.hotelbrandoli.it\/fr\/\",\"name\":\"Hotel Brandoli\",\"description\":\"\",\"publisher\":{\"@id\":\"https:\/\/www.hotelbrandoli.it\/fr\/#organization\"},\"potentialAction\":[{\"@type\":\"SearchAction\",\"target\":{\"@type\":\"EntryPoint\",\"urlTemplate\":\"https:\/\/www.hotelbrandoli.it\/fr\/?s={search_term_string}\"},\"query-input\":\"required name=search_term_string\"}],\"inLanguage\":\"fr-FR\"},{\"@type\":\"Organization\",\"@id\":\"https:\/\/www.hotelbrandoli.it\/fr\/#organization\",\"name\":\"Hotel Brandoli\",\"url\":\"https:\/\/www.hotelbrandoli.it\/fr\/\",\"logo\":{\"@type\":\"ImageObject\",\"inLanguage\":\"fr-FR\",\"@id\":\"https:\/\/www.hotelbrandoli.it\/fr\/#\/schema\/logo\/image\/\",\"url\":\"https:\/\/www.hotelbrandoli.it\/wp-content\/uploads\/sites\/220\/2025\/02\/logo_brandoli_oriz_c.svg\",\"contentUrl\":\"https:\/\/www.hotelbrandoli.it\/wp-content\/uploads\/sites\/220\/2025\/02\/logo_brandoli_oriz_c.svg\",\"width\":800,\"height\":152,\"caption\":\"Hotel Brandoli\"},\"image\":{\"@id\":\"https:\/\/www.hotelbrandoli.it\/fr\/#\/schema\/logo\/image\/\"},\"sameAs\":[\"https:\/\/www.facebook.com\/hotelbrandoli.verona\/\"]}]}<\/script>\n<!-- \/ Yoast SEO plugin. -->","yoast_head_json":{"title":"Chambres - Hotel Brandoli -","description":"Les chambres de l\u2019h\u00f4tel Brandoli vous offrent le nec plus ultra en mati\u00e8re de confort dans un cadre chaleureux et propice \u00e0 la d\u00e9tente. Meubl\u00e9es dans un style moderne, elles ont des sols en parquet","robots":{"index":"index","follow":"follow","max-snippet":"max-snippet:-1","max-image-preview":"max-image-preview:large","max-video-preview":"max-video-preview:-1"},"canonical":"https:\/\/www.hotelbrandoli.it\/fr\/chambres\/","og_locale":"fr_FR","og_type":"article","og_title":"Chambres - Hotel Brandoli -","og_description":"Les chambres de l\u2019h\u00f4tel Brandoli vous offrent le nec plus ultra en mati\u00e8re de confort dans un cadre chaleureux et propice \u00e0 la d\u00e9tente. Meubl\u00e9es dans un style moderne, elles ont des sols en parquet","og_url":"https:\/\/www.hotelbrandoli.it\/fr\/chambres\/","og_site_name":"Hotel Brandoli","article_publisher":"https:\/\/www.facebook.com\/hotelbrandoli.verona\/","article_modified_time":"2025-03-10T13:12:27+00:00","twitter_card":"summary_large_image","twitter_misc":{"Dur\u00e9e de lecture estim\u00e9e":"1 minute"},"schema":{"@context":"https:\/\/schema.org","@graph":[{"@type":"WebPage","@id":"https:\/\/www.hotelbrandoli.it\/fr\/chambres\/","url":"https:\/\/www.hotelbrandoli.it\/fr\/chambres\/","name":"Chambres - Hotel Brandoli -","isPartOf":{"@id":"https:\/\/www.hotelbrandoli.it\/fr\/#website"},"datePublished":"2025-03-03T09:25:47+00:00","dateModified":"2025-03-10T13:12:27+00:00","description":"Les chambres de l\u2019h\u00f4tel Brandoli vous offrent le nec plus ultra en mati\u00e8re de confort dans un cadre chaleureux et propice \u00e0 la d\u00e9tente. Meubl\u00e9es dans un style moderne, elles ont des sols en parquet","breadcrumb":{"@id":"https:\/\/www.hotelbrandoli.it\/fr\/chambres\/#breadcrumb"},"inLanguage":"fr-FR","potentialAction":[{"@type":"ReadAction","target":["https:\/\/www.hotelbrandoli.it\/fr\/chambres\/"]}]},{"@type":"BreadcrumbList","@id":"https:\/\/www.hotelbrandoli.it\/fr\/chambres\/#breadcrumb","itemListElement":[{"@type":"ListItem","position":1,"name":"Home","item":"https:\/\/www.hotelbrandoli.it\/fr\/"},{"@type":"ListItem","position":2,"name":"Chambres"}]},{"@type":"WebSite","@id":"https:\/\/www.hotelbrandoli.it\/fr\/#website","url":"https:\/\/www.hotelbrandoli.it\/fr\/","name":"Hotel Brandoli","description":"","publisher":{"@id":"https:\/\/www.hotelbrandoli.it\/fr\/#organization"},"potentialAction":[{"@type":"SearchAction","target":{"@type":"EntryPoint","urlTemplate":"https:\/\/www.hotelbrandoli.it\/fr\/?s={search_term_string}"},"query-input":"required name=search_term_string"}],"inLanguage":"fr-FR"},{"@type":"Organization","@id":"https:\/\/www.hotelbrandoli.it\/fr\/#organization","name":"Hotel Brandoli","url":"https:\/\/www.hotelbrandoli.it\/fr\/","logo":{"@type":"ImageObject","inLanguage":"fr-FR","@id":"https:\/\/www.hotelbrandoli.it\/fr\/#\/schema\/logo\/image\/","url":"https:\/\/www.hotelbrandoli.it\/wp-content\/uploads\/sites\/220\/2025\/02\/logo_brandoli_oriz_c.svg","contentUrl":"https:\/\/www.hotelbrandoli.it\/wp-content\/uploads\/sites\/220\/2025\/02\/logo_brandoli_oriz_c.svg","width":800,"height":152,"caption":"Hotel Brandoli"},"image":{"@id":"https:\/\/www.hotelbrandoli.it\/fr\/#\/schema\/logo\/image\/"},"sameAs":["https:\/\/www.facebook.com\/hotelbrandoli.verona\/"]}]}},"acf":[],"_links":{"self":[{"href":"https:\/\/www.hotelbrandoli.it\/fr\/wp-json\/wp\/v2\/pages\/243"}],"collection":[{"href":"https:\/\/www.hotelbrandoli.it\/fr\/wp-json\/wp\/v2\/pages"}],"about":[{"href":"https:\/\/www.hotelbrandoli.it\/fr\/wp-json\/wp\/v2\/types\/page"}],"author":[{"embeddable":true,"href":"https:\/\/www.hotelbrandoli.it\/fr\/wp-json\/wp\/v2\/users\/26"}],"replies":[{"embeddable":true,"href":"https:\/\/www.hotelbrandoli.it\/fr\/wp-json\/wp\/v2\/comments?post=243"}],"version-history":[{"count":0,"href":"https:\/\/www.hotelbrandoli.it\/fr\/wp-json\/wp\/v2\/pages\/243\/revisions"}],"wp:attachment":[{"href":"https:\/\/www.hotelbrandoli.it\/fr\/wp-json\/wp\/v2\/media?parent=243"}],"curies":[{"name":"wp","href":"https:\/\/api.w.org\/{rel}","templated":true}]}}