{"id":372,"date":"2025-03-03T09:30:28","date_gmt":"2025-03-03T09:30:28","guid":{"rendered":"https:\/\/hotelbrandoli.ms2.decms.eu\/?page_id=372"},"modified":"2025-03-10T16:36:58","modified_gmt":"2025-03-10T16:36:58","slug":"arena-de-verona","status":"publish","type":"page","link":"https:\/\/www.hotelbrandoli.it\/es\/arena-de-verona\/","title":{"rendered":"Arena de Verona"},"content":{"rendered":"<p><strong>Para solicitar m\u00e1s informaci\u00f3n<\/strong>, env\u00ede un correo electr\u00f3nico a info@hotelbrandoli.it escribiendo la fecha de la presentaci\u00f3n, el t\u00edtulo y la cantidad de entradas que desea comprar.<br \/>\nRecibir\u00e1 una respuesta dentro de las 24 horas.<\/p>\n<p>Consulte aqu\u00ed los precios y el plan de asientos.<br \/>\n<a href=\"http:\/\/www.arena.it\/arena\" target=\"_blank\" rel=\"noopener\">www.arena.it\/arena<\/a><\/p>\n<p>M\u00e1s info: <a href=\"http:\/\/www.arena.it\/files\" target=\"_blank\" rel=\"noopener\">www.arena.it\/files<\/a><\/p>\n","protected":false},"excerpt":{"rendered":"<p>Para solicitar m\u00e1s informaci\u00f3n, env\u00ede un correo electr\u00f3nico a info@hotelbrandoli.it escribiendo la fecha de la presentaci\u00f3n, el t\u00edtulo y la cantidad de entradas que desea comprar. Recibir\u00e1 una respuesta dentro de las 24 horas. Consulte aqu\u00ed los precios y el plan de asientos. www.arena.it\/arena M\u00e1s info: www.arena.it\/files<\/p>\n","protected":false},"author":26,"featured_media":0,"parent":0,"menu_order":110,"comment_status":"closed","ping_status":"closed","template":"template-events.php","meta":{"footnotes":""},"yoast_head":"<!-- This site is optimized with the Yoast SEO plugin v22.3 - https:\/\/yoast.com\/wordpress\/plugins\/seo\/ -->\n<title>Arena de Verona - Hotel Brandoli -<\/title>\n<meta name=\"description\" content=\"Para solicitar m\u00e1s informaci\u00f3n, env\u00ede un correo electr\u00f3nico a info@hotelbrandoli.it escribiendo la fecha de la presentaci\u00f3n, el t\u00edtulo y la cantidad de entradas que desea comprar. Recibir\u00e1 una respuesta dentro de las 24 horas.  Consulte aqu\u00ed los precios y el plan de asientos. www.arena.it\/arena  M\u00e1s info: www.arena.it\/files.\" \/>\n<meta name=\"robots\" content=\"index, follow, max-snippet:-1, max-image-preview:large, max-video-preview:-1\" \/>\n<link rel=\"canonical\" href=\"https:\/\/www.hotelbrandoli.it\/es\/arena-de-verona\/\" \/>\n<meta property=\"og:locale\" content=\"es_ES\" \/>\n<meta property=\"og:type\" content=\"article\" \/>\n<meta property=\"og:title\" content=\"Arena de Verona - Hotel Brandoli -\" \/>\n<meta property=\"og:description\" content=\"Para solicitar m\u00e1s informaci\u00f3n, env\u00ede un correo electr\u00f3nico a info@hotelbrandoli.it escribiendo la fecha de la presentaci\u00f3n, el t\u00edtulo y la cantidad de entradas que desea comprar. Recibir\u00e1 una respuesta dentro de las 24 horas.  Consulte aqu\u00ed los precios y el plan de asientos. www.arena.it\/arena  M\u00e1s info: www.arena.it\/files.\" \/>\n<meta property=\"og:url\" content=\"https:\/\/www.hotelbrandoli.it\/es\/arena-de-verona\/\" \/>\n<meta property=\"og:site_name\" content=\"Hotel Brandoli\" \/>\n<meta property=\"article:publisher\" content=\"https:\/\/www.facebook.com\/hotelbrandoli.verona\/\" \/>\n<meta property=\"article:modified_time\" content=\"2025-03-10T16:36:58+00:00\" \/>\n<meta name=\"twitter:card\" content=\"summary_large_image\" \/>\n<meta name=\"twitter:label1\" content=\"Tiempo de lectura\" \/>\n\t<meta name=\"twitter:data1\" content=\"1 minuto\" \/>\n<script type=\"application\/ld+json\" class=\"yoast-schema-graph\">{\"@context\":\"https:\/\/schema.org\",\"@graph\":[{\"@type\":\"WebPage\",\"@id\":\"https:\/\/www.hotelbrandoli.it\/es\/arena-de-verona\/\",\"url\":\"https:\/\/www.hotelbrandoli.it\/es\/arena-de-verona\/\",\"name\":\"Arena de Verona - Hotel Brandoli -\",\"isPartOf\":{\"@id\":\"https:\/\/www.hotelbrandoli.it\/es\/#website\"},\"datePublished\":\"2025-03-03T09:30:28+00:00\",\"dateModified\":\"2025-03-10T16:36:58+00:00\",\"description\":\"Para solicitar m\u00e1s informaci\u00f3n, env\u00ede un correo electr\u00f3nico a info@hotelbrandoli.it escribiendo la fecha de la presentaci\u00f3n, el t\u00edtulo y la cantidad de entradas que desea comprar. Recibir\u00e1 una respuesta dentro de las 24 horas. Consulte aqu\u00ed los precios y el plan de asientos. www.arena.it\/arena M\u00e1s info: www.arena.it\/files.\",\"breadcrumb\":{\"@id\":\"https:\/\/www.hotelbrandoli.it\/es\/arena-de-verona\/#breadcrumb\"},\"inLanguage\":\"es\",\"potentialAction\":[{\"@type\":\"ReadAction\",\"target\":[\"https:\/\/www.hotelbrandoli.it\/es\/arena-de-verona\/\"]}]},{\"@type\":\"BreadcrumbList\",\"@id\":\"https:\/\/www.hotelbrandoli.it\/es\/arena-de-verona\/#breadcrumb\",\"itemListElement\":[{\"@type\":\"ListItem\",\"position\":1,\"name\":\"Home\",\"item\":\"https:\/\/www.hotelbrandoli.it\/es\/\"},{\"@type\":\"ListItem\",\"position\":2,\"name\":\"Arena de Verona\"}]},{\"@type\":\"WebSite\",\"@id\":\"https:\/\/www.hotelbrandoli.it\/es\/#website\",\"url\":\"https:\/\/www.hotelbrandoli.it\/es\/\",\"name\":\"Hotel Brandoli\",\"description\":\"\",\"publisher\":{\"@id\":\"https:\/\/www.hotelbrandoli.it\/es\/#organization\"},\"potentialAction\":[{\"@type\":\"SearchAction\",\"target\":{\"@type\":\"EntryPoint\",\"urlTemplate\":\"https:\/\/www.hotelbrandoli.it\/es\/?s={search_term_string}\"},\"query-input\":\"required name=search_term_string\"}],\"inLanguage\":\"es\"},{\"@type\":\"Organization\",\"@id\":\"https:\/\/www.hotelbrandoli.it\/es\/#organization\",\"name\":\"Hotel Brandoli\",\"url\":\"https:\/\/www.hotelbrandoli.it\/es\/\",\"logo\":{\"@type\":\"ImageObject\",\"inLanguage\":\"es\",\"@id\":\"https:\/\/www.hotelbrandoli.it\/es\/#\/schema\/logo\/image\/\",\"url\":\"https:\/\/www.hotelbrandoli.it\/wp-content\/uploads\/sites\/220\/2025\/02\/logo_brandoli_oriz_c.svg\",\"contentUrl\":\"https:\/\/www.hotelbrandoli.it\/wp-content\/uploads\/sites\/220\/2025\/02\/logo_brandoli_oriz_c.svg\",\"width\":800,\"height\":152,\"caption\":\"Hotel Brandoli\"},\"image\":{\"@id\":\"https:\/\/www.hotelbrandoli.it\/es\/#\/schema\/logo\/image\/\"},\"sameAs\":[\"https:\/\/www.facebook.com\/hotelbrandoli.verona\/\"]}]}<\/script>\n<!-- \/ Yoast SEO plugin. -->","yoast_head_json":{"title":"Arena de Verona - Hotel Brandoli -","description":"Para solicitar m\u00e1s informaci\u00f3n, env\u00ede un correo electr\u00f3nico a info@hotelbrandoli.it escribiendo la fecha de la presentaci\u00f3n, el t\u00edtulo y la cantidad de entradas que desea comprar. Recibir\u00e1 una respuesta dentro de las 24 horas.  Consulte aqu\u00ed los precios y el plan de asientos. www.arena.it\/arena  M\u00e1s info: www.arena.it\/files.","robots":{"index":"index","follow":"follow","max-snippet":"max-snippet:-1","max-image-preview":"max-image-preview:large","max-video-preview":"max-video-preview:-1"},"canonical":"https:\/\/www.hotelbrandoli.it\/es\/arena-de-verona\/","og_locale":"es_ES","og_type":"article","og_title":"Arena de Verona - Hotel Brandoli -","og_description":"Para solicitar m\u00e1s informaci\u00f3n, env\u00ede un correo electr\u00f3nico a info@hotelbrandoli.it escribiendo la fecha de la presentaci\u00f3n, el t\u00edtulo y la cantidad de entradas que desea comprar. Recibir\u00e1 una respuesta dentro de las 24 horas.  Consulte aqu\u00ed los precios y el plan de asientos. www.arena.it\/arena  M\u00e1s info: www.arena.it\/files.","og_url":"https:\/\/www.hotelbrandoli.it\/es\/arena-de-verona\/","og_site_name":"Hotel Brandoli","article_publisher":"https:\/\/www.facebook.com\/hotelbrandoli.verona\/","article_modified_time":"2025-03-10T16:36:58+00:00","twitter_card":"summary_large_image","twitter_misc":{"Tiempo de lectura":"1 minuto"},"schema":{"@context":"https:\/\/schema.org","@graph":[{"@type":"WebPage","@id":"https:\/\/www.hotelbrandoli.it\/es\/arena-de-verona\/","url":"https:\/\/www.hotelbrandoli.it\/es\/arena-de-verona\/","name":"Arena de Verona - Hotel Brandoli -","isPartOf":{"@id":"https:\/\/www.hotelbrandoli.it\/es\/#website"},"datePublished":"2025-03-03T09:30:28+00:00","dateModified":"2025-03-10T16:36:58+00:00","description":"Para solicitar m\u00e1s informaci\u00f3n, env\u00ede un correo electr\u00f3nico a info@hotelbrandoli.it escribiendo la fecha de la presentaci\u00f3n, el t\u00edtulo y la cantidad de entradas que desea comprar. Recibir\u00e1 una respuesta dentro de las 24 horas. Consulte aqu\u00ed los precios y el plan de asientos. www.arena.it\/arena M\u00e1s info: www.arena.it\/files.","breadcrumb":{"@id":"https:\/\/www.hotelbrandoli.it\/es\/arena-de-verona\/#breadcrumb"},"inLanguage":"es","potentialAction":[{"@type":"ReadAction","target":["https:\/\/www.hotelbrandoli.it\/es\/arena-de-verona\/"]}]},{"@type":"BreadcrumbList","@id":"https:\/\/www.hotelbrandoli.it\/es\/arena-de-verona\/#breadcrumb","itemListElement":[{"@type":"ListItem","position":1,"name":"Home","item":"https:\/\/www.hotelbrandoli.it\/es\/"},{"@type":"ListItem","position":2,"name":"Arena de Verona"}]},{"@type":"WebSite","@id":"https:\/\/www.hotelbrandoli.it\/es\/#website","url":"https:\/\/www.hotelbrandoli.it\/es\/","name":"Hotel Brandoli","description":"","publisher":{"@id":"https:\/\/www.hotelbrandoli.it\/es\/#organization"},"potentialAction":[{"@type":"SearchAction","target":{"@type":"EntryPoint","urlTemplate":"https:\/\/www.hotelbrandoli.it\/es\/?s={search_term_string}"},"query-input":"required name=search_term_string"}],"inLanguage":"es"},{"@type":"Organization","@id":"https:\/\/www.hotelbrandoli.it\/es\/#organization","name":"Hotel Brandoli","url":"https:\/\/www.hotelbrandoli.it\/es\/","logo":{"@type":"ImageObject","inLanguage":"es","@id":"https:\/\/www.hotelbrandoli.it\/es\/#\/schema\/logo\/image\/","url":"https:\/\/www.hotelbrandoli.it\/wp-content\/uploads\/sites\/220\/2025\/02\/logo_brandoli_oriz_c.svg","contentUrl":"https:\/\/www.hotelbrandoli.it\/wp-content\/uploads\/sites\/220\/2025\/02\/logo_brandoli_oriz_c.svg","width":800,"height":152,"caption":"Hotel Brandoli"},"image":{"@id":"https:\/\/www.hotelbrandoli.it\/es\/#\/schema\/logo\/image\/"},"sameAs":["https:\/\/www.facebook.com\/hotelbrandoli.verona\/"]}]}},"acf":[],"_links":{"self":[{"href":"https:\/\/www.hotelbrandoli.it\/es\/wp-json\/wp\/v2\/pages\/372"}],"collection":[{"href":"https:\/\/www.hotelbrandoli.it\/es\/wp-json\/wp\/v2\/pages"}],"about":[{"href":"https:\/\/www.hotelbrandoli.it\/es\/wp-json\/wp\/v2\/types\/page"}],"author":[{"embeddable":true,"href":"https:\/\/www.hotelbrandoli.it\/es\/wp-json\/wp\/v2\/users\/26"}],"replies":[{"embeddable":true,"href":"https:\/\/www.hotelbrandoli.it\/es\/wp-json\/wp\/v2\/comments?post=372"}],"version-history":[{"count":0,"href":"https:\/\/www.hotelbrandoli.it\/es\/wp-json\/wp\/v2\/pages\/372\/revisions"}],"wp:attachment":[{"href":"https:\/\/www.hotelbrandoli.it\/es\/wp-json\/wp\/v2\/media?parent=372"}],"curies":[{"name":"wp","href":"https:\/\/api.w.org\/{rel}","templated":true}]}}