{"id":356,"date":"2025-03-03T10:06:57","date_gmt":"2025-03-03T10:06:57","guid":{"rendered":"https:\/\/hotelbrandoli.ms2.decms.eu\/?page_id=356"},"modified":"2025-03-10T16:32:59","modified_gmt":"2025-03-10T16:32:59","slug":"mercados-navidenos-en-verona","status":"publish","type":"page","link":"https:\/\/www.hotelbrandoli.it\/es\/eventos\/mercados-navidenos-en-verona\/","title":{"rendered":"Mercados navide\u00f1os en Verona"},"content":{"rendered":"<p>Verona, ciudad patrimonio de la UNESCO y siempre punto de encuentro de cultura y tradiciones, se transforma y se viste con las luces, los sonidos y los colores de la Navidad. La entrada a la ciudad estar\u00e1 iluminada por cientos de luces que continuar\u00e1n por todas las calles del centro hist\u00f3rico y llegar\u00e1n a la espl\u00e9ndida Piazza Bra, con el tel\u00f3n de fondo de la Arena Romana y la imponente estrella navide\u00f1a posada en la plaza.<\/p>\n<p>Del 16 de noviembre al 26 de diciembre de 2024 , en la nueva ubicaci\u00f3n de VIA PALLONE acoger\u00e1, por decimosexto a\u00f1o consecutivo, las caracter\u00edsticas casas de madera de los Mercados de Navidad de Verona en colaboraci\u00f3n con el \u201cChristkindlmarkt\u201d de Nuremberg; M\u00e1s de 60 expositores ofrecen productos t\u00edpicos de la artesan\u00eda tradicional, como adornos de vidrio, madera y cer\u00e1mica, muchas ideas para regalos, as\u00ed como especialidades gastron\u00f3micas y deliciosos postres navide\u00f1os. Visitar el Mercado de Navidad de Verona significa sumergirse en la m\u00e1gica tradici\u00f3n de la Navidad veronesa; luego sum\u00e9rgete en una atm\u00f3sfera de cuento de hadas, donde Julieta y Romeo, en esta ciudad del amor, podr\u00e1n besarse bajo el mu\u00e9rdago que Dante sostiene con mano firme.<\/p>\n","protected":false},"excerpt":{"rendered":"<p>Verona, ciudad patrimonio de la UNESCO y siempre punto de encuentro de cultura y tradiciones, se transforma y se viste con las luces, los sonidos y los colores de la Navidad. La entrada a la ciudad estar\u00e1 iluminada por cientos de luces que continuar\u00e1n por todas las calles del centro hist\u00f3rico y llegar\u00e1n a la [&hellip;]<\/p>\n","protected":false},"author":26,"featured_media":0,"parent":349,"menu_order":10,"comment_status":"closed","ping_status":"closed","template":"template-default-4.php","meta":{"footnotes":""},"yoast_head":"<!-- This site is optimized with the Yoast SEO plugin v22.3 - https:\/\/yoast.com\/wordpress\/plugins\/seo\/ -->\n<title>Mercados navide\u00f1os en Verona - Hotel Brandoli -<\/title>\n<meta name=\"description\" content=\"Verona, ciudad patrimonio de la UNESCO y siempre punto de encuentro de cultura y tradiciones, se transforma y se viste con las luces, los sonidos y los colores de la Navidad. La entrada a la ciudad estar\u00e1 iluminada por cientos de luces que continuar\u00e1n por todas las calles del centro hist\u00f3rico y llegar\u00e1n a la espl\u00e9ndida Piazza Bra, con el tel\u00f3n de fondo de la Arena Romana y la imponente estrella navide\u00f1a posada en la plaza.  Del 16 de noviembre al 26 de diciembre de 2024 , en la nueva ubicaci\u00f3n de VIA PALLONE acoger\u00e1, por decimosexto a\u00f1o consecutivo, las caracter\u00edsticas casas de madera de los Mercados de Navidad de Verona en colaboraci\u00f3n con el \u201cChristkindlmarkt\u201d de Nuremberg; M\u00e1s de 60 expositores ofrecen productos t\u00edpicos de la artesan\u00eda tradicional, como adornos de vidrio, madera y cer\u00e1mica, muchas ideas para regalos, as\u00ed como especialidades gastron\u00f3micas y deliciosos postres navide\u00f1os\" \/>\n<meta name=\"robots\" content=\"index, follow, max-snippet:-1, max-image-preview:large, max-video-preview:-1\" \/>\n<link rel=\"canonical\" href=\"https:\/\/www.hotelbrandoli.it\/es\/eventos\/mercados-navidenos-en-verona\/\" \/>\n<meta property=\"og:locale\" content=\"es_ES\" \/>\n<meta property=\"og:type\" content=\"article\" \/>\n<meta property=\"og:title\" content=\"Mercados navide\u00f1os en Verona - Hotel Brandoli -\" \/>\n<meta property=\"og:description\" content=\"Verona, ciudad patrimonio de la UNESCO y siempre punto de encuentro de cultura y tradiciones, se transforma y se viste con las luces, los sonidos y los colores de la Navidad. La entrada a la ciudad estar\u00e1 iluminada por cientos de luces que continuar\u00e1n por todas las calles del centro hist\u00f3rico y llegar\u00e1n a la espl\u00e9ndida Piazza Bra, con el tel\u00f3n de fondo de la Arena Romana y la imponente estrella navide\u00f1a posada en la plaza.  Del 16 de noviembre al 26 de diciembre de 2024 , en la nueva ubicaci\u00f3n de VIA PALLONE acoger\u00e1, por decimosexto a\u00f1o consecutivo, las caracter\u00edsticas casas de madera de los Mercados de Navidad de Verona en colaboraci\u00f3n con el \u201cChristkindlmarkt\u201d de Nuremberg; M\u00e1s de 60 expositores ofrecen productos t\u00edpicos de la artesan\u00eda tradicional, como adornos de vidrio, madera y cer\u00e1mica, muchas ideas para regalos, as\u00ed como especialidades gastron\u00f3micas y deliciosos postres navide\u00f1os\" \/>\n<meta property=\"og:url\" content=\"https:\/\/www.hotelbrandoli.it\/es\/eventos\/mercados-navidenos-en-verona\/\" \/>\n<meta property=\"og:site_name\" content=\"Hotel Brandoli\" \/>\n<meta property=\"article:publisher\" content=\"https:\/\/www.facebook.com\/hotelbrandoli.verona\/\" \/>\n<meta property=\"article:modified_time\" content=\"2025-03-10T16:32:59+00:00\" \/>\n<meta name=\"twitter:card\" content=\"summary_large_image\" \/>\n<meta name=\"twitter:label1\" content=\"Tiempo de lectura\" \/>\n\t<meta name=\"twitter:data1\" content=\"1 minuto\" \/>\n<script type=\"application\/ld+json\" class=\"yoast-schema-graph\">{\"@context\":\"https:\/\/schema.org\",\"@graph\":[{\"@type\":\"WebPage\",\"@id\":\"https:\/\/www.hotelbrandoli.it\/es\/eventos\/mercados-navidenos-en-verona\/\",\"url\":\"https:\/\/www.hotelbrandoli.it\/es\/eventos\/mercados-navidenos-en-verona\/\",\"name\":\"Mercados navide\u00f1os en Verona - Hotel Brandoli -\",\"isPartOf\":{\"@id\":\"https:\/\/www.hotelbrandoli.it\/es\/#website\"},\"datePublished\":\"2025-03-03T10:06:57+00:00\",\"dateModified\":\"2025-03-10T16:32:59+00:00\",\"description\":\"Verona, ciudad patrimonio de la UNESCO y siempre punto de encuentro de cultura y tradiciones, se transforma y se viste con las luces, los sonidos y los colores de la Navidad. La entrada a la ciudad estar\u00e1 iluminada por cientos de luces que continuar\u00e1n por todas las calles del centro hist\u00f3rico y llegar\u00e1n a la espl\u00e9ndida Piazza Bra, con el tel\u00f3n de fondo de la Arena Romana y la imponente estrella navide\u00f1a posada en la plaza. Del 16 de noviembre al 26 de diciembre de 2024 , en la nueva ubicaci\u00f3n de VIA PALLONE acoger\u00e1, por decimosexto a\u00f1o consecutivo, las caracter\u00edsticas casas de madera de los Mercados de Navidad de Verona en colaboraci\u00f3n con el \u201cChristkindlmarkt\u201d de Nuremberg; M\u00e1s de 60 expositores ofrecen productos t\u00edpicos de la artesan\u00eda tradicional, como adornos de vidrio, madera y cer\u00e1mica, muchas ideas para regalos, as\u00ed como especialidades gastron\u00f3micas y deliciosos postres navide\u00f1os\",\"breadcrumb\":{\"@id\":\"https:\/\/www.hotelbrandoli.it\/es\/eventos\/mercados-navidenos-en-verona\/#breadcrumb\"},\"inLanguage\":\"es\",\"potentialAction\":[{\"@type\":\"ReadAction\",\"target\":[\"https:\/\/www.hotelbrandoli.it\/es\/eventos\/mercados-navidenos-en-verona\/\"]}]},{\"@type\":\"BreadcrumbList\",\"@id\":\"https:\/\/www.hotelbrandoli.it\/es\/eventos\/mercados-navidenos-en-verona\/#breadcrumb\",\"itemListElement\":[{\"@type\":\"ListItem\",\"position\":1,\"name\":\"Home\",\"item\":\"https:\/\/www.hotelbrandoli.it\/es\/\"},{\"@type\":\"ListItem\",\"position\":2,\"name\":\"Eventos\",\"item\":\"https:\/\/www.hotelbrandoli.it\/es\/eventi\/\"},{\"@type\":\"ListItem\",\"position\":3,\"name\":\"Mercados navide\u00f1os en Verona\"}]},{\"@type\":\"WebSite\",\"@id\":\"https:\/\/www.hotelbrandoli.it\/es\/#website\",\"url\":\"https:\/\/www.hotelbrandoli.it\/es\/\",\"name\":\"Hotel Brandoli\",\"description\":\"\",\"publisher\":{\"@id\":\"https:\/\/www.hotelbrandoli.it\/es\/#organization\"},\"potentialAction\":[{\"@type\":\"SearchAction\",\"target\":{\"@type\":\"EntryPoint\",\"urlTemplate\":\"https:\/\/www.hotelbrandoli.it\/es\/?s={search_term_string}\"},\"query-input\":\"required name=search_term_string\"}],\"inLanguage\":\"es\"},{\"@type\":\"Organization\",\"@id\":\"https:\/\/www.hotelbrandoli.it\/es\/#organization\",\"name\":\"Hotel Brandoli\",\"url\":\"https:\/\/www.hotelbrandoli.it\/es\/\",\"logo\":{\"@type\":\"ImageObject\",\"inLanguage\":\"es\",\"@id\":\"https:\/\/www.hotelbrandoli.it\/es\/#\/schema\/logo\/image\/\",\"url\":\"https:\/\/www.hotelbrandoli.it\/wp-content\/uploads\/sites\/220\/2025\/02\/logo_brandoli_oriz_c.svg\",\"contentUrl\":\"https:\/\/www.hotelbrandoli.it\/wp-content\/uploads\/sites\/220\/2025\/02\/logo_brandoli_oriz_c.svg\",\"width\":800,\"height\":152,\"caption\":\"Hotel Brandoli\"},\"image\":{\"@id\":\"https:\/\/www.hotelbrandoli.it\/es\/#\/schema\/logo\/image\/\"},\"sameAs\":[\"https:\/\/www.facebook.com\/hotelbrandoli.verona\/\"]}]}<\/script>\n<!-- \/ Yoast SEO plugin. -->","yoast_head_json":{"title":"Mercados navide\u00f1os en Verona - Hotel Brandoli -","description":"Verona, ciudad patrimonio de la UNESCO y siempre punto de encuentro de cultura y tradiciones, se transforma y se viste con las luces, los sonidos y los colores de la Navidad. La entrada a la ciudad estar\u00e1 iluminada por cientos de luces que continuar\u00e1n por todas las calles del centro hist\u00f3rico y llegar\u00e1n a la espl\u00e9ndida Piazza Bra, con el tel\u00f3n de fondo de la Arena Romana y la imponente estrella navide\u00f1a posada en la plaza.  Del 16 de noviembre al 26 de diciembre de 2024 , en la nueva ubicaci\u00f3n de VIA PALLONE acoger\u00e1, por decimosexto a\u00f1o consecutivo, las caracter\u00edsticas casas de madera de los Mercados de Navidad de Verona en colaboraci\u00f3n con el \u201cChristkindlmarkt\u201d de Nuremberg; M\u00e1s de 60 expositores ofrecen productos t\u00edpicos de la artesan\u00eda tradicional, como adornos de vidrio, madera y cer\u00e1mica, muchas ideas para regalos, as\u00ed como especialidades gastron\u00f3micas y deliciosos postres navide\u00f1os","robots":{"index":"index","follow":"follow","max-snippet":"max-snippet:-1","max-image-preview":"max-image-preview:large","max-video-preview":"max-video-preview:-1"},"canonical":"https:\/\/www.hotelbrandoli.it\/es\/eventos\/mercados-navidenos-en-verona\/","og_locale":"es_ES","og_type":"article","og_title":"Mercados navide\u00f1os en Verona - Hotel Brandoli -","og_description":"Verona, ciudad patrimonio de la UNESCO y siempre punto de encuentro de cultura y tradiciones, se transforma y se viste con las luces, los sonidos y los colores de la Navidad. La entrada a la ciudad estar\u00e1 iluminada por cientos de luces que continuar\u00e1n por todas las calles del centro hist\u00f3rico y llegar\u00e1n a la espl\u00e9ndida Piazza Bra, con el tel\u00f3n de fondo de la Arena Romana y la imponente estrella navide\u00f1a posada en la plaza.  Del 16 de noviembre al 26 de diciembre de 2024 , en la nueva ubicaci\u00f3n de VIA PALLONE acoger\u00e1, por decimosexto a\u00f1o consecutivo, las caracter\u00edsticas casas de madera de los Mercados de Navidad de Verona en colaboraci\u00f3n con el \u201cChristkindlmarkt\u201d de Nuremberg; M\u00e1s de 60 expositores ofrecen productos t\u00edpicos de la artesan\u00eda tradicional, como adornos de vidrio, madera y cer\u00e1mica, muchas ideas para regalos, as\u00ed como especialidades gastron\u00f3micas y deliciosos postres navide\u00f1os","og_url":"https:\/\/www.hotelbrandoli.it\/es\/eventos\/mercados-navidenos-en-verona\/","og_site_name":"Hotel Brandoli","article_publisher":"https:\/\/www.facebook.com\/hotelbrandoli.verona\/","article_modified_time":"2025-03-10T16:32:59+00:00","twitter_card":"summary_large_image","twitter_misc":{"Tiempo de lectura":"1 minuto"},"schema":{"@context":"https:\/\/schema.org","@graph":[{"@type":"WebPage","@id":"https:\/\/www.hotelbrandoli.it\/es\/eventos\/mercados-navidenos-en-verona\/","url":"https:\/\/www.hotelbrandoli.it\/es\/eventos\/mercados-navidenos-en-verona\/","name":"Mercados navide\u00f1os en Verona - Hotel Brandoli -","isPartOf":{"@id":"https:\/\/www.hotelbrandoli.it\/es\/#website"},"datePublished":"2025-03-03T10:06:57+00:00","dateModified":"2025-03-10T16:32:59+00:00","description":"Verona, ciudad patrimonio de la UNESCO y siempre punto de encuentro de cultura y tradiciones, se transforma y se viste con las luces, los sonidos y los colores de la Navidad. La entrada a la ciudad estar\u00e1 iluminada por cientos de luces que continuar\u00e1n por todas las calles del centro hist\u00f3rico y llegar\u00e1n a la espl\u00e9ndida Piazza Bra, con el tel\u00f3n de fondo de la Arena Romana y la imponente estrella navide\u00f1a posada en la plaza. Del 16 de noviembre al 26 de diciembre de 2024 , en la nueva ubicaci\u00f3n de VIA PALLONE acoger\u00e1, por decimosexto a\u00f1o consecutivo, las caracter\u00edsticas casas de madera de los Mercados de Navidad de Verona en colaboraci\u00f3n con el \u201cChristkindlmarkt\u201d de Nuremberg; M\u00e1s de 60 expositores ofrecen productos t\u00edpicos de la artesan\u00eda tradicional, como adornos de vidrio, madera y cer\u00e1mica, muchas ideas para regalos, as\u00ed como especialidades gastron\u00f3micas y deliciosos postres navide\u00f1os","breadcrumb":{"@id":"https:\/\/www.hotelbrandoli.it\/es\/eventos\/mercados-navidenos-en-verona\/#breadcrumb"},"inLanguage":"es","potentialAction":[{"@type":"ReadAction","target":["https:\/\/www.hotelbrandoli.it\/es\/eventos\/mercados-navidenos-en-verona\/"]}]},{"@type":"BreadcrumbList","@id":"https:\/\/www.hotelbrandoli.it\/es\/eventos\/mercados-navidenos-en-verona\/#breadcrumb","itemListElement":[{"@type":"ListItem","position":1,"name":"Home","item":"https:\/\/www.hotelbrandoli.it\/es\/"},{"@type":"ListItem","position":2,"name":"Eventos","item":"https:\/\/www.hotelbrandoli.it\/es\/eventi\/"},{"@type":"ListItem","position":3,"name":"Mercados navide\u00f1os en Verona"}]},{"@type":"WebSite","@id":"https:\/\/www.hotelbrandoli.it\/es\/#website","url":"https:\/\/www.hotelbrandoli.it\/es\/","name":"Hotel Brandoli","description":"","publisher":{"@id":"https:\/\/www.hotelbrandoli.it\/es\/#organization"},"potentialAction":[{"@type":"SearchAction","target":{"@type":"EntryPoint","urlTemplate":"https:\/\/www.hotelbrandoli.it\/es\/?s={search_term_string}"},"query-input":"required name=search_term_string"}],"inLanguage":"es"},{"@type":"Organization","@id":"https:\/\/www.hotelbrandoli.it\/es\/#organization","name":"Hotel Brandoli","url":"https:\/\/www.hotelbrandoli.it\/es\/","logo":{"@type":"ImageObject","inLanguage":"es","@id":"https:\/\/www.hotelbrandoli.it\/es\/#\/schema\/logo\/image\/","url":"https:\/\/www.hotelbrandoli.it\/wp-content\/uploads\/sites\/220\/2025\/02\/logo_brandoli_oriz_c.svg","contentUrl":"https:\/\/www.hotelbrandoli.it\/wp-content\/uploads\/sites\/220\/2025\/02\/logo_brandoli_oriz_c.svg","width":800,"height":152,"caption":"Hotel Brandoli"},"image":{"@id":"https:\/\/www.hotelbrandoli.it\/es\/#\/schema\/logo\/image\/"},"sameAs":["https:\/\/www.facebook.com\/hotelbrandoli.verona\/"]}]}},"acf":[],"_links":{"self":[{"href":"https:\/\/www.hotelbrandoli.it\/es\/wp-json\/wp\/v2\/pages\/356"}],"collection":[{"href":"https:\/\/www.hotelbrandoli.it\/es\/wp-json\/wp\/v2\/pages"}],"about":[{"href":"https:\/\/www.hotelbrandoli.it\/es\/wp-json\/wp\/v2\/types\/page"}],"author":[{"embeddable":true,"href":"https:\/\/www.hotelbrandoli.it\/es\/wp-json\/wp\/v2\/users\/26"}],"replies":[{"embeddable":true,"href":"https:\/\/www.hotelbrandoli.it\/es\/wp-json\/wp\/v2\/comments?post=356"}],"version-history":[{"count":0,"href":"https:\/\/www.hotelbrandoli.it\/es\/wp-json\/wp\/v2\/pages\/356\/revisions"}],"up":[{"embeddable":true,"href":"https:\/\/www.hotelbrandoli.it\/es\/wp-json\/wp\/v2\/pages\/349"}],"wp:attachment":[{"href":"https:\/\/www.hotelbrandoli.it\/es\/wp-json\/wp\/v2\/media?parent=356"}],"curies":[{"name":"wp","href":"https:\/\/api.w.org\/{rel}","templated":true}]}}