{"id":292,"date":"2025-03-03T09:26:35","date_gmt":"2025-03-03T09:26:35","guid":{"rendered":"https:\/\/hotelbrandoli.ms2.decms.eu\/?page_id=292"},"modified":"2025-03-10T15:28:17","modified_gmt":"2025-03-10T15:28:17","slug":"donde-estamos","status":"publish","type":"page","link":"https:\/\/www.hotelbrandoli.it\/es\/donde-estamos\/","title":{"rendered":"Donde estamos"},"content":{"rendered":"<p>El hotel Brandoli se erige en un peque\u00f1o burgo en medio de la naturaleza, con vista al <strong>Castillo de Montorio<\/strong>.<br \/>\nSu posici\u00f3n estrat\u00e9gica, a breve distancia del centro de Verona, bien comunicada por medios de transporte p\u00fablico, permite llegar f\u00e1cilmente a la feria de Verona, al aeropuerto Valerio Catullo de Verona y a la autopista A4, salida Verona Est.<\/p>\n","protected":false},"excerpt":{"rendered":"<p>El hotel Brandoli se erige en un peque\u00f1o burgo en medio de la naturaleza, con vista al Castillo de Montorio. Su posici\u00f3n estrat\u00e9gica, a breve distancia del centro de Verona, bien comunicada por medios de transporte p\u00fablico, permite llegar f\u00e1cilmente a la feria de Verona, al aeropuerto Valerio Catullo de Verona y a la autopista [&hellip;]<\/p>\n","protected":false},"author":26,"featured_media":0,"parent":0,"menu_order":50,"comment_status":"closed","ping_status":"closed","template":"template-location.php","meta":{"footnotes":""},"class_list":["post-292","page","type-page","status-publish","hentry"],"yoast_head":"<!-- This site is optimized with the Yoast SEO plugin v27.3 - https:\/\/yoast.com\/product\/yoast-seo-wordpress\/ -->\n<title>Donde estamos - Hotel Brandoli -<\/title>\n<meta name=\"description\" content=\"El hotel Brandoli se erige en un peque\u00f1o burgo en medio de la naturaleza, con vista al Castillo de Montorio. Su posici\u00f3n estrat\u00e9gica, a breve distancia del centro de Verona, bien comunicada por medios de transporte p\u00fablico, permite llegar f\u00e1cilmente a la feria de Verona, al aeropuerto Valerio Catullo de Verona y a la autopista A4, salida Verona Est..\" \/>\n<meta name=\"robots\" content=\"index, follow, max-snippet:-1, max-image-preview:large, max-video-preview:-1\" \/>\n<link rel=\"canonical\" href=\"https:\/\/www.hotelbrandoli.it\/es\/donde-estamos\/\" \/>\n<meta property=\"og:locale\" content=\"es_ES\" \/>\n<meta property=\"og:type\" content=\"article\" \/>\n<meta property=\"og:title\" content=\"Donde estamos - Hotel Brandoli -\" \/>\n<meta property=\"og:description\" content=\"El hotel Brandoli se erige en un peque\u00f1o burgo en medio de la naturaleza, con vista al Castillo de Montorio. Su posici\u00f3n estrat\u00e9gica, a breve distancia del centro de Verona, bien comunicada por medios de transporte p\u00fablico, permite llegar f\u00e1cilmente a la feria de Verona, al aeropuerto Valerio Catullo de Verona y a la autopista A4, salida Verona Est..\" \/>\n<meta property=\"og:url\" content=\"https:\/\/www.hotelbrandoli.it\/es\/donde-estamos\/\" \/>\n<meta property=\"og:site_name\" content=\"Hotel Brandoli\" \/>\n<meta property=\"article:publisher\" content=\"https:\/\/www.facebook.com\/hotelbrandoli.verona\/\" \/>\n<meta property=\"article:modified_time\" content=\"2025-03-10T15:28:17+00:00\" \/>\n<meta name=\"twitter:card\" content=\"summary_large_image\" \/>\n<meta name=\"twitter:label1\" content=\"Tiempo de lectura\" \/>\n\t<meta name=\"twitter:data1\" content=\"1 minuto\" \/>\n<script type=\"application\/ld+json\" class=\"yoast-schema-graph\">{\"@context\":\"https:\\\/\\\/schema.org\",\"@graph\":[{\"@type\":\"WebPage\",\"@id\":\"https:\\\/\\\/www.hotelbrandoli.it\\\/es\\\/donde-estamos\\\/\",\"url\":\"https:\\\/\\\/www.hotelbrandoli.it\\\/es\\\/donde-estamos\\\/\",\"name\":\"Donde estamos - Hotel Brandoli -\",\"isPartOf\":{\"@id\":\"https:\\\/\\\/www.hotelbrandoli.it\\\/es\\\/#website\"},\"datePublished\":\"2025-03-03T09:26:35+00:00\",\"dateModified\":\"2025-03-10T15:28:17+00:00\",\"description\":\"El hotel Brandoli se erige en un peque\u00f1o burgo en medio de la naturaleza, con vista al Castillo de Montorio. Su posici\u00f3n estrat\u00e9gica, a breve distancia del centro de Verona, bien comunicada por medios de transporte p\u00fablico, permite llegar f\u00e1cilmente a la feria de Verona, al aeropuerto Valerio Catullo de Verona y a la autopista A4, salida Verona Est..\",\"breadcrumb\":{\"@id\":\"https:\\\/\\\/www.hotelbrandoli.it\\\/es\\\/donde-estamos\\\/#breadcrumb\"},\"inLanguage\":\"es\",\"potentialAction\":[{\"@type\":\"ReadAction\",\"target\":[\"https:\\\/\\\/www.hotelbrandoli.it\\\/es\\\/donde-estamos\\\/\"]}]},{\"@type\":\"BreadcrumbList\",\"@id\":\"https:\\\/\\\/www.hotelbrandoli.it\\\/es\\\/donde-estamos\\\/#breadcrumb\",\"itemListElement\":[{\"@type\":\"ListItem\",\"position\":1,\"name\":\"Home\",\"item\":\"https:\\\/\\\/www.hotelbrandoli.it\\\/es\\\/\"},{\"@type\":\"ListItem\",\"position\":2,\"name\":\"Donde estamos\"}]},{\"@type\":\"WebSite\",\"@id\":\"https:\\\/\\\/www.hotelbrandoli.it\\\/es\\\/#website\",\"url\":\"https:\\\/\\\/www.hotelbrandoli.it\\\/es\\\/\",\"name\":\"Hotel Brandoli\",\"description\":\"\",\"publisher\":{\"@id\":\"https:\\\/\\\/www.hotelbrandoli.it\\\/es\\\/#organization\"},\"potentialAction\":[{\"@type\":\"SearchAction\",\"target\":{\"@type\":\"EntryPoint\",\"urlTemplate\":\"https:\\\/\\\/www.hotelbrandoli.it\\\/es\\\/?s={search_term_string}\"},\"query-input\":{\"@type\":\"PropertyValueSpecification\",\"valueRequired\":true,\"valueName\":\"search_term_string\"}}],\"inLanguage\":\"es\"},{\"@type\":\"Organization\",\"@id\":\"https:\\\/\\\/www.hotelbrandoli.it\\\/es\\\/#organization\",\"name\":\"Hotel Brandoli\",\"url\":\"https:\\\/\\\/www.hotelbrandoli.it\\\/es\\\/\",\"logo\":{\"@type\":\"ImageObject\",\"inLanguage\":\"es\",\"@id\":\"https:\\\/\\\/www.hotelbrandoli.it\\\/es\\\/#\\\/schema\\\/logo\\\/image\\\/\",\"url\":\"https:\\\/\\\/www.hotelbrandoli.it\\\/wp-content\\\/uploads\\\/sites\\\/220\\\/2025\\\/02\\\/logo_brandoli_oriz_c.svg\",\"contentUrl\":\"https:\\\/\\\/www.hotelbrandoli.it\\\/wp-content\\\/uploads\\\/sites\\\/220\\\/2025\\\/02\\\/logo_brandoli_oriz_c.svg\",\"width\":800,\"height\":152,\"caption\":\"Hotel Brandoli\"},\"image\":{\"@id\":\"https:\\\/\\\/www.hotelbrandoli.it\\\/es\\\/#\\\/schema\\\/logo\\\/image\\\/\"},\"sameAs\":[\"https:\\\/\\\/www.facebook.com\\\/hotelbrandoli.verona\\\/\"]}]}<\/script>\n<!-- \/ Yoast SEO plugin. -->","yoast_head_json":{"title":"Donde estamos - Hotel Brandoli -","description":"El hotel Brandoli se erige en un peque\u00f1o burgo en medio de la naturaleza, con vista al Castillo de Montorio. Su posici\u00f3n estrat\u00e9gica, a breve distancia del centro de Verona, bien comunicada por medios de transporte p\u00fablico, permite llegar f\u00e1cilmente a la feria de Verona, al aeropuerto Valerio Catullo de Verona y a la autopista A4, salida Verona Est..","robots":{"index":"index","follow":"follow","max-snippet":"max-snippet:-1","max-image-preview":"max-image-preview:large","max-video-preview":"max-video-preview:-1"},"canonical":"https:\/\/www.hotelbrandoli.it\/es\/donde-estamos\/","og_locale":"es_ES","og_type":"article","og_title":"Donde estamos - Hotel Brandoli -","og_description":"El hotel Brandoli se erige en un peque\u00f1o burgo en medio de la naturaleza, con vista al Castillo de Montorio. Su posici\u00f3n estrat\u00e9gica, a breve distancia del centro de Verona, bien comunicada por medios de transporte p\u00fablico, permite llegar f\u00e1cilmente a la feria de Verona, al aeropuerto Valerio Catullo de Verona y a la autopista A4, salida Verona Est..","og_url":"https:\/\/www.hotelbrandoli.it\/es\/donde-estamos\/","og_site_name":"Hotel Brandoli","article_publisher":"https:\/\/www.facebook.com\/hotelbrandoli.verona\/","article_modified_time":"2025-03-10T15:28:17+00:00","twitter_card":"summary_large_image","twitter_misc":{"Tiempo de lectura":"1 minuto"},"schema":{"@context":"https:\/\/schema.org","@graph":[{"@type":"WebPage","@id":"https:\/\/www.hotelbrandoli.it\/es\/donde-estamos\/","url":"https:\/\/www.hotelbrandoli.it\/es\/donde-estamos\/","name":"Donde estamos - Hotel Brandoli -","isPartOf":{"@id":"https:\/\/www.hotelbrandoli.it\/es\/#website"},"datePublished":"2025-03-03T09:26:35+00:00","dateModified":"2025-03-10T15:28:17+00:00","description":"El hotel Brandoli se erige en un peque\u00f1o burgo en medio de la naturaleza, con vista al Castillo de Montorio. Su posici\u00f3n estrat\u00e9gica, a breve distancia del centro de Verona, bien comunicada por medios de transporte p\u00fablico, permite llegar f\u00e1cilmente a la feria de Verona, al aeropuerto Valerio Catullo de Verona y a la autopista A4, salida Verona Est..","breadcrumb":{"@id":"https:\/\/www.hotelbrandoli.it\/es\/donde-estamos\/#breadcrumb"},"inLanguage":"es","potentialAction":[{"@type":"ReadAction","target":["https:\/\/www.hotelbrandoli.it\/es\/donde-estamos\/"]}]},{"@type":"BreadcrumbList","@id":"https:\/\/www.hotelbrandoli.it\/es\/donde-estamos\/#breadcrumb","itemListElement":[{"@type":"ListItem","position":1,"name":"Home","item":"https:\/\/www.hotelbrandoli.it\/es\/"},{"@type":"ListItem","position":2,"name":"Donde estamos"}]},{"@type":"WebSite","@id":"https:\/\/www.hotelbrandoli.it\/es\/#website","url":"https:\/\/www.hotelbrandoli.it\/es\/","name":"Hotel Brandoli","description":"","publisher":{"@id":"https:\/\/www.hotelbrandoli.it\/es\/#organization"},"potentialAction":[{"@type":"SearchAction","target":{"@type":"EntryPoint","urlTemplate":"https:\/\/www.hotelbrandoli.it\/es\/?s={search_term_string}"},"query-input":{"@type":"PropertyValueSpecification","valueRequired":true,"valueName":"search_term_string"}}],"inLanguage":"es"},{"@type":"Organization","@id":"https:\/\/www.hotelbrandoli.it\/es\/#organization","name":"Hotel Brandoli","url":"https:\/\/www.hotelbrandoli.it\/es\/","logo":{"@type":"ImageObject","inLanguage":"es","@id":"https:\/\/www.hotelbrandoli.it\/es\/#\/schema\/logo\/image\/","url":"https:\/\/www.hotelbrandoli.it\/wp-content\/uploads\/sites\/220\/2025\/02\/logo_brandoli_oriz_c.svg","contentUrl":"https:\/\/www.hotelbrandoli.it\/wp-content\/uploads\/sites\/220\/2025\/02\/logo_brandoli_oriz_c.svg","width":800,"height":152,"caption":"Hotel Brandoli"},"image":{"@id":"https:\/\/www.hotelbrandoli.it\/es\/#\/schema\/logo\/image\/"},"sameAs":["https:\/\/www.facebook.com\/hotelbrandoli.verona\/"]}]}},"acf":[],"_links":{"self":[{"href":"https:\/\/www.hotelbrandoli.it\/es\/wp-json\/wp\/v2\/pages\/292","targetHints":{"allow":["GET"]}}],"collection":[{"href":"https:\/\/www.hotelbrandoli.it\/es\/wp-json\/wp\/v2\/pages"}],"about":[{"href":"https:\/\/www.hotelbrandoli.it\/es\/wp-json\/wp\/v2\/types\/page"}],"author":[{"embeddable":true,"href":"https:\/\/www.hotelbrandoli.it\/es\/wp-json\/wp\/v2\/users\/26"}],"replies":[{"embeddable":true,"href":"https:\/\/www.hotelbrandoli.it\/es\/wp-json\/wp\/v2\/comments?post=292"}],"version-history":[{"count":0,"href":"https:\/\/www.hotelbrandoli.it\/es\/wp-json\/wp\/v2\/pages\/292\/revisions"}],"wp:attachment":[{"href":"https:\/\/www.hotelbrandoli.it\/es\/wp-json\/wp\/v2\/media?parent=292"}],"curies":[{"name":"wp","href":"https:\/\/api.w.org\/{rel}","templated":true}]}}