{"id":255,"date":"2025-03-03T09:33:46","date_gmt":"2025-03-03T09:33:46","guid":{"rendered":"https:\/\/hotelbrandoli.ms2.decms.eu\/?page_id=255"},"modified":"2025-03-10T13:29:38","modified_gmt":"2025-03-10T13:29:38","slug":"habitacion-comfort","status":"publish","type":"page","link":"https:\/\/www.hotelbrandoli.it\/es\/habitaciones\/habitacion-comfort\/","title":{"rendered":"Habitaci\u00f3n Comfort"},"content":{"rendered":"<p>Tipo: cama doble extragrande<\/p>\n<p>Habitaci\u00f3n amplia de estilo moderno con hervidor el\u00e9ctrico.<\/p>\n","protected":false},"excerpt":{"rendered":"<p>Tipo: cama doble extragrande Habitaci\u00f3n amplia de estilo moderno con hervidor el\u00e9ctrico.<\/p>\n","protected":false},"author":26,"featured_media":0,"parent":241,"menu_order":20,"comment_status":"closed","ping_status":"closed","template":"template-single-room.php","meta":{"footnotes":""},"yoast_head":"<!-- This site is optimized with the Yoast SEO plugin v22.3 - https:\/\/yoast.com\/wordpress\/plugins\/seo\/ -->\n<title>Habitaci\u00f3n Comfort - Hotel Brandoli -<\/title>\n<meta name=\"description\" content=\"Tipo: cama doble extragrande  Habitaci\u00f3n amplia de estilo moderno con hervidor el\u00e9ctrico..\" \/>\n<meta name=\"robots\" content=\"index, follow, max-snippet:-1, max-image-preview:large, max-video-preview:-1\" \/>\n<link rel=\"canonical\" href=\"https:\/\/www.hotelbrandoli.it\/es\/habitaciones\/habitacion-comfort\/\" \/>\n<meta property=\"og:locale\" content=\"es_ES\" \/>\n<meta property=\"og:type\" content=\"article\" \/>\n<meta property=\"og:title\" content=\"Habitaci\u00f3n Comfort - Hotel Brandoli -\" \/>\n<meta property=\"og:description\" content=\"Tipo: cama doble extragrande  Habitaci\u00f3n amplia de estilo moderno con hervidor el\u00e9ctrico..\" \/>\n<meta property=\"og:url\" content=\"https:\/\/www.hotelbrandoli.it\/es\/habitaciones\/habitacion-comfort\/\" \/>\n<meta property=\"og:site_name\" content=\"Hotel Brandoli\" \/>\n<meta property=\"article:publisher\" content=\"https:\/\/www.facebook.com\/hotelbrandoli.verona\/\" \/>\n<meta property=\"article:modified_time\" content=\"2025-03-10T13:29:38+00:00\" \/>\n<meta name=\"twitter:card\" content=\"summary_large_image\" \/>\n<meta name=\"twitter:label1\" content=\"Tiempo de lectura\" \/>\n\t<meta name=\"twitter:data1\" content=\"1 minuto\" \/>\n<script type=\"application\/ld+json\" class=\"yoast-schema-graph\">{\"@context\":\"https:\/\/schema.org\",\"@graph\":[{\"@type\":\"WebPage\",\"@id\":\"https:\/\/www.hotelbrandoli.it\/es\/habitaciones\/habitacion-comfort\/\",\"url\":\"https:\/\/www.hotelbrandoli.it\/es\/habitaciones\/habitacion-comfort\/\",\"name\":\"Habitaci\u00f3n Comfort - Hotel Brandoli -\",\"isPartOf\":{\"@id\":\"https:\/\/www.hotelbrandoli.it\/es\/#website\"},\"datePublished\":\"2025-03-03T09:33:46+00:00\",\"dateModified\":\"2025-03-10T13:29:38+00:00\",\"description\":\"Tipo: cama doble extragrande Habitaci\u00f3n amplia de estilo moderno con hervidor el\u00e9ctrico..\",\"breadcrumb\":{\"@id\":\"https:\/\/www.hotelbrandoli.it\/es\/habitaciones\/habitacion-comfort\/#breadcrumb\"},\"inLanguage\":\"es\",\"potentialAction\":[{\"@type\":\"ReadAction\",\"target\":[\"https:\/\/www.hotelbrandoli.it\/es\/habitaciones\/habitacion-comfort\/\"]}]},{\"@type\":\"BreadcrumbList\",\"@id\":\"https:\/\/www.hotelbrandoli.it\/es\/habitaciones\/habitacion-comfort\/#breadcrumb\",\"itemListElement\":[{\"@type\":\"ListItem\",\"position\":1,\"name\":\"Home\",\"item\":\"https:\/\/www.hotelbrandoli.it\/es\/\"},{\"@type\":\"ListItem\",\"position\":2,\"name\":\"Habitaciones\",\"item\":\"https:\/\/www.hotelbrandoli.it\/es\/camere\/\"},{\"@type\":\"ListItem\",\"position\":3,\"name\":\"Habitaci\u00f3n Comfort\"}]},{\"@type\":\"WebSite\",\"@id\":\"https:\/\/www.hotelbrandoli.it\/es\/#website\",\"url\":\"https:\/\/www.hotelbrandoli.it\/es\/\",\"name\":\"Hotel Brandoli\",\"description\":\"\",\"publisher\":{\"@id\":\"https:\/\/www.hotelbrandoli.it\/es\/#organization\"},\"potentialAction\":[{\"@type\":\"SearchAction\",\"target\":{\"@type\":\"EntryPoint\",\"urlTemplate\":\"https:\/\/www.hotelbrandoli.it\/es\/?s={search_term_string}\"},\"query-input\":\"required name=search_term_string\"}],\"inLanguage\":\"es\"},{\"@type\":\"Organization\",\"@id\":\"https:\/\/www.hotelbrandoli.it\/es\/#organization\",\"name\":\"Hotel Brandoli\",\"url\":\"https:\/\/www.hotelbrandoli.it\/es\/\",\"logo\":{\"@type\":\"ImageObject\",\"inLanguage\":\"es\",\"@id\":\"https:\/\/www.hotelbrandoli.it\/es\/#\/schema\/logo\/image\/\",\"url\":\"https:\/\/www.hotelbrandoli.it\/wp-content\/uploads\/sites\/220\/2025\/02\/logo_brandoli_oriz_c.svg\",\"contentUrl\":\"https:\/\/www.hotelbrandoli.it\/wp-content\/uploads\/sites\/220\/2025\/02\/logo_brandoli_oriz_c.svg\",\"width\":800,\"height\":152,\"caption\":\"Hotel Brandoli\"},\"image\":{\"@id\":\"https:\/\/www.hotelbrandoli.it\/es\/#\/schema\/logo\/image\/\"},\"sameAs\":[\"https:\/\/www.facebook.com\/hotelbrandoli.verona\/\"]}]}<\/script>\n<!-- \/ Yoast SEO plugin. -->","yoast_head_json":{"title":"Habitaci\u00f3n Comfort - Hotel Brandoli -","description":"Tipo: cama doble extragrande  Habitaci\u00f3n amplia de estilo moderno con hervidor el\u00e9ctrico..","robots":{"index":"index","follow":"follow","max-snippet":"max-snippet:-1","max-image-preview":"max-image-preview:large","max-video-preview":"max-video-preview:-1"},"canonical":"https:\/\/www.hotelbrandoli.it\/es\/habitaciones\/habitacion-comfort\/","og_locale":"es_ES","og_type":"article","og_title":"Habitaci\u00f3n Comfort - Hotel Brandoli -","og_description":"Tipo: cama doble extragrande  Habitaci\u00f3n amplia de estilo moderno con hervidor el\u00e9ctrico..","og_url":"https:\/\/www.hotelbrandoli.it\/es\/habitaciones\/habitacion-comfort\/","og_site_name":"Hotel Brandoli","article_publisher":"https:\/\/www.facebook.com\/hotelbrandoli.verona\/","article_modified_time":"2025-03-10T13:29:38+00:00","twitter_card":"summary_large_image","twitter_misc":{"Tiempo de lectura":"1 minuto"},"schema":{"@context":"https:\/\/schema.org","@graph":[{"@type":"WebPage","@id":"https:\/\/www.hotelbrandoli.it\/es\/habitaciones\/habitacion-comfort\/","url":"https:\/\/www.hotelbrandoli.it\/es\/habitaciones\/habitacion-comfort\/","name":"Habitaci\u00f3n Comfort - Hotel Brandoli -","isPartOf":{"@id":"https:\/\/www.hotelbrandoli.it\/es\/#website"},"datePublished":"2025-03-03T09:33:46+00:00","dateModified":"2025-03-10T13:29:38+00:00","description":"Tipo: cama doble extragrande Habitaci\u00f3n amplia de estilo moderno con hervidor el\u00e9ctrico..","breadcrumb":{"@id":"https:\/\/www.hotelbrandoli.it\/es\/habitaciones\/habitacion-comfort\/#breadcrumb"},"inLanguage":"es","potentialAction":[{"@type":"ReadAction","target":["https:\/\/www.hotelbrandoli.it\/es\/habitaciones\/habitacion-comfort\/"]}]},{"@type":"BreadcrumbList","@id":"https:\/\/www.hotelbrandoli.it\/es\/habitaciones\/habitacion-comfort\/#breadcrumb","itemListElement":[{"@type":"ListItem","position":1,"name":"Home","item":"https:\/\/www.hotelbrandoli.it\/es\/"},{"@type":"ListItem","position":2,"name":"Habitaciones","item":"https:\/\/www.hotelbrandoli.it\/es\/camere\/"},{"@type":"ListItem","position":3,"name":"Habitaci\u00f3n Comfort"}]},{"@type":"WebSite","@id":"https:\/\/www.hotelbrandoli.it\/es\/#website","url":"https:\/\/www.hotelbrandoli.it\/es\/","name":"Hotel Brandoli","description":"","publisher":{"@id":"https:\/\/www.hotelbrandoli.it\/es\/#organization"},"potentialAction":[{"@type":"SearchAction","target":{"@type":"EntryPoint","urlTemplate":"https:\/\/www.hotelbrandoli.it\/es\/?s={search_term_string}"},"query-input":"required name=search_term_string"}],"inLanguage":"es"},{"@type":"Organization","@id":"https:\/\/www.hotelbrandoli.it\/es\/#organization","name":"Hotel Brandoli","url":"https:\/\/www.hotelbrandoli.it\/es\/","logo":{"@type":"ImageObject","inLanguage":"es","@id":"https:\/\/www.hotelbrandoli.it\/es\/#\/schema\/logo\/image\/","url":"https:\/\/www.hotelbrandoli.it\/wp-content\/uploads\/sites\/220\/2025\/02\/logo_brandoli_oriz_c.svg","contentUrl":"https:\/\/www.hotelbrandoli.it\/wp-content\/uploads\/sites\/220\/2025\/02\/logo_brandoli_oriz_c.svg","width":800,"height":152,"caption":"Hotel Brandoli"},"image":{"@id":"https:\/\/www.hotelbrandoli.it\/es\/#\/schema\/logo\/image\/"},"sameAs":["https:\/\/www.facebook.com\/hotelbrandoli.verona\/"]}]}},"acf":[],"_links":{"self":[{"href":"https:\/\/www.hotelbrandoli.it\/es\/wp-json\/wp\/v2\/pages\/255"}],"collection":[{"href":"https:\/\/www.hotelbrandoli.it\/es\/wp-json\/wp\/v2\/pages"}],"about":[{"href":"https:\/\/www.hotelbrandoli.it\/es\/wp-json\/wp\/v2\/types\/page"}],"author":[{"embeddable":true,"href":"https:\/\/www.hotelbrandoli.it\/es\/wp-json\/wp\/v2\/users\/26"}],"replies":[{"embeddable":true,"href":"https:\/\/www.hotelbrandoli.it\/es\/wp-json\/wp\/v2\/comments?post=255"}],"version-history":[{"count":0,"href":"https:\/\/www.hotelbrandoli.it\/es\/wp-json\/wp\/v2\/pages\/255\/revisions"}],"up":[{"embeddable":true,"href":"https:\/\/www.hotelbrandoli.it\/es\/wp-json\/wp\/v2\/pages\/241"}],"wp:attachment":[{"href":"https:\/\/www.hotelbrandoli.it\/es\/wp-json\/wp\/v2\/media?parent=255"}],"curies":[{"name":"wp","href":"https:\/\/api.w.org\/{rel}","templated":true}]}}