{"id":235,"date":"2025-02-25T13:16:16","date_gmt":"2025-02-25T13:16:16","guid":{"rendered":"https:\/\/hotelbrandoli.ms2.decms.eu\/?page_id=235"},"modified":"2025-03-10T13:08:09","modified_gmt":"2025-03-10T13:08:09","slug":"hotel-brandoli","status":"publish","type":"page","link":"https:\/\/www.hotelbrandoli.it\/es\/","title":{"rendered":"Hotel Brandoli"},"content":{"rendered":"<p>Situado a 4 km del <strong>centro de Verona<\/strong> y bien comunicado por transporte p\u00fablico, el Hotel Brandoli se encuentra en una zona verde, en peque\u00f1o pueblo con vistas al castillo de Montorio Veronese.<\/p>\n<p>Situado cerca de la carretera de circunvalaci\u00f3n Este, el Hotel Brandoli es el punto de partida ideal para descubrir los tesoros de Verona, <strong>lago de Garda<\/strong> y las monta\u00f1as de Verona Lessinia.<\/p>\n","protected":false},"excerpt":{"rendered":"<p>Situado a 4 km del centro de Verona y bien comunicado por transporte p\u00fablico, el Hotel Brandoli se encuentra en una zona verde, en peque\u00f1o pueblo con vistas al castillo de Montorio Veronese. Situado cerca de la carretera de circunvalaci\u00f3n Este, el Hotel Brandoli es el punto de partida ideal para descubrir los tesoros de [&hellip;]<\/p>\n","protected":false},"author":26,"featured_media":0,"parent":0,"menu_order":10,"comment_status":"closed","ping_status":"closed","template":"","meta":{"footnotes":""},"class_list":["post-235","page","type-page","status-publish","hentry"],"yoast_head":"<!-- This site is optimized with the Yoast SEO plugin v27.3 - https:\/\/yoast.com\/product\/yoast-seo-wordpress\/ -->\n<title>Hotel Brandoli - Hotel Brandoli -<\/title>\n<meta name=\"description\" content=\"Situado a 4 km del centro de Verona y bien comunicado por transporte p\u00fablico, el Hotel Brandoli se encuentra en una zona verde, en peque\u00f1o pueblo con vistas al castillo de Montorio Veronese.  Situado cerca de la carretera de circunvalaci\u00f3n Este, el Hotel Brandoli es el punto de partida ideal para descubrir los tesoros de Verona, lago de Garda y las monta\u00f1as de Verona Lessinia..\" \/>\n<meta name=\"robots\" content=\"index, follow, max-snippet:-1, max-image-preview:large, max-video-preview:-1\" \/>\n<link rel=\"canonical\" href=\"https:\/\/www.hotelbrandoli.it\/es\/\" \/>\n<meta property=\"og:locale\" content=\"es_ES\" \/>\n<meta property=\"og:type\" content=\"article\" \/>\n<meta property=\"og:title\" content=\"Hotel Brandoli - Hotel Brandoli -\" \/>\n<meta property=\"og:description\" content=\"Situado a 4 km del centro de Verona y bien comunicado por transporte p\u00fablico, el Hotel Brandoli se encuentra en una zona verde, en peque\u00f1o pueblo con vistas al castillo de Montorio Veronese.  Situado cerca de la carretera de circunvalaci\u00f3n Este, el Hotel Brandoli es el punto de partida ideal para descubrir los tesoros de Verona, lago de Garda y las monta\u00f1as de Verona Lessinia..\" \/>\n<meta property=\"og:url\" content=\"https:\/\/www.hotelbrandoli.it\/es\/\" \/>\n<meta property=\"og:site_name\" content=\"Hotel Brandoli\" \/>\n<meta property=\"article:publisher\" content=\"https:\/\/www.facebook.com\/hotelbrandoli.verona\/\" \/>\n<meta property=\"article:modified_time\" content=\"2025-03-10T13:08:09+00:00\" \/>\n<meta name=\"twitter:card\" content=\"summary_large_image\" \/>\n<meta name=\"twitter:label1\" content=\"Tiempo de lectura\" \/>\n\t<meta name=\"twitter:data1\" content=\"1 minuto\" \/>\n<script type=\"application\/ld+json\" class=\"yoast-schema-graph\">{\"@context\":\"https:\\\/\\\/schema.org\",\"@graph\":[{\"@type\":\"WebPage\",\"@id\":\"https:\\\/\\\/www.hotelbrandoli.it\\\/es\\\/\",\"url\":\"https:\\\/\\\/www.hotelbrandoli.it\\\/es\\\/\",\"name\":\"Hotel Brandoli - Hotel Brandoli -\",\"isPartOf\":{\"@id\":\"https:\\\/\\\/www.hotelbrandoli.it\\\/es\\\/#website\"},\"datePublished\":\"2025-02-25T13:16:16+00:00\",\"dateModified\":\"2025-03-10T13:08:09+00:00\",\"description\":\"Situado a 4 km del centro de Verona y bien comunicado por transporte p\u00fablico, el Hotel Brandoli se encuentra en una zona verde, en peque\u00f1o pueblo con vistas al castillo de Montorio Veronese. Situado cerca de la carretera de circunvalaci\u00f3n Este, el Hotel Brandoli es el punto de partida ideal para descubrir los tesoros de Verona, lago de Garda y las monta\u00f1as de Verona Lessinia..\",\"breadcrumb\":{\"@id\":\"https:\\\/\\\/www.hotelbrandoli.it\\\/es\\\/#breadcrumb\"},\"inLanguage\":\"es\",\"potentialAction\":[{\"@type\":\"ReadAction\",\"target\":[\"https:\\\/\\\/www.hotelbrandoli.it\\\/es\\\/\"]}]},{\"@type\":\"BreadcrumbList\",\"@id\":\"https:\\\/\\\/www.hotelbrandoli.it\\\/es\\\/#breadcrumb\",\"itemListElement\":[{\"@type\":\"ListItem\",\"position\":1,\"name\":\"Home\",\"item\":\"https:\\\/\\\/www.hotelbrandoli.it\\\/es\\\/\"},{\"@type\":\"ListItem\",\"position\":2,\"name\":\"Hotel Brandoli\"}]},{\"@type\":\"WebSite\",\"@id\":\"https:\\\/\\\/www.hotelbrandoli.it\\\/es\\\/#website\",\"url\":\"https:\\\/\\\/www.hotelbrandoli.it\\\/es\\\/\",\"name\":\"Hotel Brandoli\",\"description\":\"\",\"publisher\":{\"@id\":\"https:\\\/\\\/www.hotelbrandoli.it\\\/es\\\/#organization\"},\"potentialAction\":[{\"@type\":\"SearchAction\",\"target\":{\"@type\":\"EntryPoint\",\"urlTemplate\":\"https:\\\/\\\/www.hotelbrandoli.it\\\/es\\\/?s={search_term_string}\"},\"query-input\":{\"@type\":\"PropertyValueSpecification\",\"valueRequired\":true,\"valueName\":\"search_term_string\"}}],\"inLanguage\":\"es\"},{\"@type\":\"Organization\",\"@id\":\"https:\\\/\\\/www.hotelbrandoli.it\\\/es\\\/#organization\",\"name\":\"Hotel Brandoli\",\"url\":\"https:\\\/\\\/www.hotelbrandoli.it\\\/es\\\/\",\"logo\":{\"@type\":\"ImageObject\",\"inLanguage\":\"es\",\"@id\":\"https:\\\/\\\/www.hotelbrandoli.it\\\/es\\\/#\\\/schema\\\/logo\\\/image\\\/\",\"url\":\"https:\\\/\\\/www.hotelbrandoli.it\\\/wp-content\\\/uploads\\\/sites\\\/220\\\/2025\\\/02\\\/logo_brandoli_oriz_c.svg\",\"contentUrl\":\"https:\\\/\\\/www.hotelbrandoli.it\\\/wp-content\\\/uploads\\\/sites\\\/220\\\/2025\\\/02\\\/logo_brandoli_oriz_c.svg\",\"width\":800,\"height\":152,\"caption\":\"Hotel Brandoli\"},\"image\":{\"@id\":\"https:\\\/\\\/www.hotelbrandoli.it\\\/es\\\/#\\\/schema\\\/logo\\\/image\\\/\"},\"sameAs\":[\"https:\\\/\\\/www.facebook.com\\\/hotelbrandoli.verona\\\/\"]}]}<\/script>\n<!-- \/ Yoast SEO plugin. -->","yoast_head_json":{"title":"Hotel Brandoli - Hotel Brandoli -","description":"Situado a 4 km del centro de Verona y bien comunicado por transporte p\u00fablico, el Hotel Brandoli se encuentra en una zona verde, en peque\u00f1o pueblo con vistas al castillo de Montorio Veronese.  Situado cerca de la carretera de circunvalaci\u00f3n Este, el Hotel Brandoli es el punto de partida ideal para descubrir los tesoros de Verona, lago de Garda y las monta\u00f1as de Verona Lessinia..","robots":{"index":"index","follow":"follow","max-snippet":"max-snippet:-1","max-image-preview":"max-image-preview:large","max-video-preview":"max-video-preview:-1"},"canonical":"https:\/\/www.hotelbrandoli.it\/es\/","og_locale":"es_ES","og_type":"article","og_title":"Hotel Brandoli - Hotel Brandoli -","og_description":"Situado a 4 km del centro de Verona y bien comunicado por transporte p\u00fablico, el Hotel Brandoli se encuentra en una zona verde, en peque\u00f1o pueblo con vistas al castillo de Montorio Veronese.  Situado cerca de la carretera de circunvalaci\u00f3n Este, el Hotel Brandoli es el punto de partida ideal para descubrir los tesoros de Verona, lago de Garda y las monta\u00f1as de Verona Lessinia..","og_url":"https:\/\/www.hotelbrandoli.it\/es\/","og_site_name":"Hotel Brandoli","article_publisher":"https:\/\/www.facebook.com\/hotelbrandoli.verona\/","article_modified_time":"2025-03-10T13:08:09+00:00","twitter_card":"summary_large_image","twitter_misc":{"Tiempo de lectura":"1 minuto"},"schema":{"@context":"https:\/\/schema.org","@graph":[{"@type":"WebPage","@id":"https:\/\/www.hotelbrandoli.it\/es\/","url":"https:\/\/www.hotelbrandoli.it\/es\/","name":"Hotel Brandoli - Hotel Brandoli -","isPartOf":{"@id":"https:\/\/www.hotelbrandoli.it\/es\/#website"},"datePublished":"2025-02-25T13:16:16+00:00","dateModified":"2025-03-10T13:08:09+00:00","description":"Situado a 4 km del centro de Verona y bien comunicado por transporte p\u00fablico, el Hotel Brandoli se encuentra en una zona verde, en peque\u00f1o pueblo con vistas al castillo de Montorio Veronese. Situado cerca de la carretera de circunvalaci\u00f3n Este, el Hotel Brandoli es el punto de partida ideal para descubrir los tesoros de Verona, lago de Garda y las monta\u00f1as de Verona Lessinia..","breadcrumb":{"@id":"https:\/\/www.hotelbrandoli.it\/es\/#breadcrumb"},"inLanguage":"es","potentialAction":[{"@type":"ReadAction","target":["https:\/\/www.hotelbrandoli.it\/es\/"]}]},{"@type":"BreadcrumbList","@id":"https:\/\/www.hotelbrandoli.it\/es\/#breadcrumb","itemListElement":[{"@type":"ListItem","position":1,"name":"Home","item":"https:\/\/www.hotelbrandoli.it\/es\/"},{"@type":"ListItem","position":2,"name":"Hotel Brandoli"}]},{"@type":"WebSite","@id":"https:\/\/www.hotelbrandoli.it\/es\/#website","url":"https:\/\/www.hotelbrandoli.it\/es\/","name":"Hotel Brandoli","description":"","publisher":{"@id":"https:\/\/www.hotelbrandoli.it\/es\/#organization"},"potentialAction":[{"@type":"SearchAction","target":{"@type":"EntryPoint","urlTemplate":"https:\/\/www.hotelbrandoli.it\/es\/?s={search_term_string}"},"query-input":{"@type":"PropertyValueSpecification","valueRequired":true,"valueName":"search_term_string"}}],"inLanguage":"es"},{"@type":"Organization","@id":"https:\/\/www.hotelbrandoli.it\/es\/#organization","name":"Hotel Brandoli","url":"https:\/\/www.hotelbrandoli.it\/es\/","logo":{"@type":"ImageObject","inLanguage":"es","@id":"https:\/\/www.hotelbrandoli.it\/es\/#\/schema\/logo\/image\/","url":"https:\/\/www.hotelbrandoli.it\/wp-content\/uploads\/sites\/220\/2025\/02\/logo_brandoli_oriz_c.svg","contentUrl":"https:\/\/www.hotelbrandoli.it\/wp-content\/uploads\/sites\/220\/2025\/02\/logo_brandoli_oriz_c.svg","width":800,"height":152,"caption":"Hotel Brandoli"},"image":{"@id":"https:\/\/www.hotelbrandoli.it\/es\/#\/schema\/logo\/image\/"},"sameAs":["https:\/\/www.facebook.com\/hotelbrandoli.verona\/"]}]}},"acf":[],"_links":{"self":[{"href":"https:\/\/www.hotelbrandoli.it\/es\/wp-json\/wp\/v2\/pages\/235","targetHints":{"allow":["GET"]}}],"collection":[{"href":"https:\/\/www.hotelbrandoli.it\/es\/wp-json\/wp\/v2\/pages"}],"about":[{"href":"https:\/\/www.hotelbrandoli.it\/es\/wp-json\/wp\/v2\/types\/page"}],"author":[{"embeddable":true,"href":"https:\/\/www.hotelbrandoli.it\/es\/wp-json\/wp\/v2\/users\/26"}],"replies":[{"embeddable":true,"href":"https:\/\/www.hotelbrandoli.it\/es\/wp-json\/wp\/v2\/comments?post=235"}],"version-history":[{"count":0,"href":"https:\/\/www.hotelbrandoli.it\/es\/wp-json\/wp\/v2\/pages\/235\/revisions"}],"wp:attachment":[{"href":"https:\/\/www.hotelbrandoli.it\/es\/wp-json\/wp\/v2\/media?parent=235"}],"curies":[{"name":"wp","href":"https:\/\/api.w.org\/{rel}","templated":true}]}}