{"id":326,"date":"2025-03-03T10:09:07","date_gmt":"2025-03-03T10:09:07","guid":{"rendered":"https:\/\/hotelbrandoli.ms2.decms.eu\/?page_id=326"},"modified":"2025-03-10T15:57:16","modified_gmt":"2025-03-10T15:57:16","slug":"valpolicella","status":"publish","type":"page","link":"https:\/\/www.hotelbrandoli.it\/en\/verona-and-surroundings\/valpolicella\/","title":{"rendered":"Valpolicella"},"content":{"rendered":"<p>Say the word Valpolicella, and images of Recioto and Amarone\u2014wines once enjoyed by Roman emperors, and today even more complex and prestigious\u2014instantly come to mind. From the vineyard-carpeted valley slopes of spring, to the purple-tinged harvests of autumn, the regal grape makes a difficult journey, and endures a three-month long drying period, on its way from vine to wine. Indeed, the merits and value of this grape can best be appreciated with a visit to the Valpolicella, a 240-sq. kilometer area steeped in local traditions, where natural, historic, and artistic resources also play an important role in the economic strength of the region. The following are some examples:<\/p>\n<p><strong>Natural and archaeological marvels<\/strong> Ponte di Veja, the largest natural bridge in Europe; Waterfalls of Molina; Chiusa di Ceraino; medieval caves of Prun; a six-metre shark fossil displayed in the Museo di S. Anna. <strong>Prehistoric remains<\/strong> Grotta di Fumane (the \u201cshaman\u201d grotto dates back 34,000 years); Castellier delle Gu\u00e0ite (oldest rampart in Europe, dating back 3600 years). <strong>Romanesque monuments<\/strong> Civic tower of Negrar; Churches of San Giorgio and San Floriano, plus a dozen other minor churches.<\/p>\n<p><strong>Hundreds of Veneto Villas,<\/strong> many with frescoed halls, built by Palladio, Sammicheli, Cristofoli, and others: San Dionigi (Parona); Verit\u00e0-Serego Alighieri and Turco Zamboni (Arbizzano); Mosconi-Bertani (N\u00f2vare); Rizzardi (including the famed gardens) (Pojega\/Negrar); Pull\u00e8-Galtarossa (S. Pietro); Porta-Rizzini (Marano); Buri-Avanzi (Bure); Della Torre (Fumane); Nichesola (Ponton); Del Bene (Volargne); Da Sacco (Pescantina). Alongside these marvels of art and nature, you will see fragrant peach and cherry trees, silvery-green olive groves, terraced apple orchards and leafy chestnut trees. Likewise, in the marble district of S. Ambrogio and in nearby industrial zones, small companies and talented craftsmen produce prized handicrafts and important machinery.<\/p>\n<p>Local gastronomic traditions also abound in lively taverns, inns, and restaurants, where the area\u2019s cuisine attains a high level of elegance and refinement. Some local dishes include Papar\u00e8le col brodo taj\u00e0 e figadini; tri lessi con pear\u00e0; pasta e fasoi; polenta; agnello in umido; Locally-cured meats and aromatic mountain cheeses are also popular. Typical deserts still incorporate ancestral flavours, from the rustic piss\u00f2ta to pastafr\u00f2la, sbrisol\u00f2na, torta margarita, nadalini and Easter brasad\u00e8le. All are even tastier, accompanied by a glass of Recioto or Amarone.<\/p>\n","protected":false},"excerpt":{"rendered":"<p>Say the word Valpolicella, and images of Recioto and Amarone\u2014wines once enjoyed by Roman emperors, and today even more complex and prestigious\u2014instantly come to mind. From the vineyard-carpeted valley slopes of spring, to the purple-tinged harvests of autumn, the regal grape makes a difficult journey, and endures a three-month long drying period, on its way [&hellip;]<\/p>\n","protected":false},"author":26,"featured_media":0,"parent":316,"menu_order":40,"comment_status":"closed","ping_status":"closed","template":"template-default-3.php","meta":{"footnotes":""},"yoast_head":"<!-- This site is optimized with the Yoast SEO plugin v22.3 - https:\/\/yoast.com\/wordpress\/plugins\/seo\/ -->\n<title>Valpolicella - Hotel Brandoli -<\/title>\n<meta name=\"description\" content=\"Say the word Valpolicella, and images of Recioto and Amarone\u2014wines once enjoyed by Roman emperors, and today even more complex and prestigious\u2014instantly come to mind. From the vineyard-carpeted valley slopes of spring, to the purple-tinged harvests of autumn, the regal grape makes a difficult journey, and endures a three-month long drying period, on its way from vine to wine\" \/>\n<meta name=\"robots\" content=\"index, follow, max-snippet:-1, max-image-preview:large, max-video-preview:-1\" \/>\n<link rel=\"canonical\" href=\"https:\/\/www.hotelbrandoli.it\/en\/verona-and-surroundings\/valpolicella\/\" \/>\n<meta property=\"og:locale\" content=\"en_US\" \/>\n<meta property=\"og:type\" content=\"article\" \/>\n<meta property=\"og:title\" content=\"Valpolicella - Hotel Brandoli -\" \/>\n<meta property=\"og:description\" content=\"Say the word Valpolicella, and images of Recioto and Amarone\u2014wines once enjoyed by Roman emperors, and today even more complex and prestigious\u2014instantly come to mind. From the vineyard-carpeted valley slopes of spring, to the purple-tinged harvests of autumn, the regal grape makes a difficult journey, and endures a three-month long drying period, on its way from vine to wine\" \/>\n<meta property=\"og:url\" content=\"https:\/\/www.hotelbrandoli.it\/en\/verona-and-surroundings\/valpolicella\/\" \/>\n<meta property=\"og:site_name\" content=\"Hotel Brandoli\" \/>\n<meta property=\"article:publisher\" content=\"https:\/\/www.facebook.com\/hotelbrandoli.verona\/\" \/>\n<meta property=\"article:modified_time\" content=\"2025-03-10T15:57:16+00:00\" \/>\n<meta name=\"twitter:card\" content=\"summary_large_image\" \/>\n<meta name=\"twitter:label1\" content=\"Est. reading time\" \/>\n\t<meta name=\"twitter:data1\" content=\"2 minutes\" \/>\n<script type=\"application\/ld+json\" class=\"yoast-schema-graph\">{\"@context\":\"https:\/\/schema.org\",\"@graph\":[{\"@type\":\"WebPage\",\"@id\":\"https:\/\/www.hotelbrandoli.it\/en\/verona-and-surroundings\/valpolicella\/\",\"url\":\"https:\/\/www.hotelbrandoli.it\/en\/verona-and-surroundings\/valpolicella\/\",\"name\":\"Valpolicella - Hotel Brandoli -\",\"isPartOf\":{\"@id\":\"https:\/\/www.hotelbrandoli.it\/en\/#website\"},\"datePublished\":\"2025-03-03T10:09:07+00:00\",\"dateModified\":\"2025-03-10T15:57:16+00:00\",\"description\":\"Say the word Valpolicella, and images of Recioto and Amarone\u2014wines once enjoyed by Roman emperors, and today even more complex and prestigious\u2014instantly come to mind. From the vineyard-carpeted valley slopes of spring, to the purple-tinged harvests of autumn, the regal grape makes a difficult journey, and endures a three-month long drying period, on its way from vine to wine\",\"breadcrumb\":{\"@id\":\"https:\/\/www.hotelbrandoli.it\/en\/verona-and-surroundings\/valpolicella\/#breadcrumb\"},\"inLanguage\":\"en-US\",\"potentialAction\":[{\"@type\":\"ReadAction\",\"target\":[\"https:\/\/www.hotelbrandoli.it\/en\/verona-and-surroundings\/valpolicella\/\"]}]},{\"@type\":\"BreadcrumbList\",\"@id\":\"https:\/\/www.hotelbrandoli.it\/en\/verona-and-surroundings\/valpolicella\/#breadcrumb\",\"itemListElement\":[{\"@type\":\"ListItem\",\"position\":1,\"name\":\"Home\",\"item\":\"https:\/\/www.hotelbrandoli.it\/en\/\"},{\"@type\":\"ListItem\",\"position\":2,\"name\":\"Verona and surroundings\",\"item\":\"https:\/\/www.hotelbrandoli.it\/en\/verona-e-dintorni\/\"},{\"@type\":\"ListItem\",\"position\":3,\"name\":\"Valpolicella\"}]},{\"@type\":\"WebSite\",\"@id\":\"https:\/\/www.hotelbrandoli.it\/en\/#website\",\"url\":\"https:\/\/www.hotelbrandoli.it\/en\/\",\"name\":\"Hotel Brandoli\",\"description\":\"\",\"publisher\":{\"@id\":\"https:\/\/www.hotelbrandoli.it\/en\/#organization\"},\"potentialAction\":[{\"@type\":\"SearchAction\",\"target\":{\"@type\":\"EntryPoint\",\"urlTemplate\":\"https:\/\/www.hotelbrandoli.it\/en\/?s={search_term_string}\"},\"query-input\":\"required name=search_term_string\"}],\"inLanguage\":\"en-US\"},{\"@type\":\"Organization\",\"@id\":\"https:\/\/www.hotelbrandoli.it\/en\/#organization\",\"name\":\"Hotel Brandoli\",\"url\":\"https:\/\/www.hotelbrandoli.it\/en\/\",\"logo\":{\"@type\":\"ImageObject\",\"inLanguage\":\"en-US\",\"@id\":\"https:\/\/www.hotelbrandoli.it\/en\/#\/schema\/logo\/image\/\",\"url\":\"https:\/\/www.hotelbrandoli.it\/wp-content\/uploads\/sites\/220\/2025\/02\/logo_brandoli_oriz_c.svg\",\"contentUrl\":\"https:\/\/www.hotelbrandoli.it\/wp-content\/uploads\/sites\/220\/2025\/02\/logo_brandoli_oriz_c.svg\",\"width\":800,\"height\":152,\"caption\":\"Hotel Brandoli\"},\"image\":{\"@id\":\"https:\/\/www.hotelbrandoli.it\/en\/#\/schema\/logo\/image\/\"},\"sameAs\":[\"https:\/\/www.facebook.com\/hotelbrandoli.verona\/\"]}]}<\/script>\n<!-- \/ Yoast SEO plugin. -->","yoast_head_json":{"title":"Valpolicella - Hotel Brandoli -","description":"Say the word Valpolicella, and images of Recioto and Amarone\u2014wines once enjoyed by Roman emperors, and today even more complex and prestigious\u2014instantly come to mind. From the vineyard-carpeted valley slopes of spring, to the purple-tinged harvests of autumn, the regal grape makes a difficult journey, and endures a three-month long drying period, on its way from vine to wine","robots":{"index":"index","follow":"follow","max-snippet":"max-snippet:-1","max-image-preview":"max-image-preview:large","max-video-preview":"max-video-preview:-1"},"canonical":"https:\/\/www.hotelbrandoli.it\/en\/verona-and-surroundings\/valpolicella\/","og_locale":"en_US","og_type":"article","og_title":"Valpolicella - Hotel Brandoli -","og_description":"Say the word Valpolicella, and images of Recioto and Amarone\u2014wines once enjoyed by Roman emperors, and today even more complex and prestigious\u2014instantly come to mind. From the vineyard-carpeted valley slopes of spring, to the purple-tinged harvests of autumn, the regal grape makes a difficult journey, and endures a three-month long drying period, on its way from vine to wine","og_url":"https:\/\/www.hotelbrandoli.it\/en\/verona-and-surroundings\/valpolicella\/","og_site_name":"Hotel Brandoli","article_publisher":"https:\/\/www.facebook.com\/hotelbrandoli.verona\/","article_modified_time":"2025-03-10T15:57:16+00:00","twitter_card":"summary_large_image","twitter_misc":{"Est. reading time":"2 minutes"},"schema":{"@context":"https:\/\/schema.org","@graph":[{"@type":"WebPage","@id":"https:\/\/www.hotelbrandoli.it\/en\/verona-and-surroundings\/valpolicella\/","url":"https:\/\/www.hotelbrandoli.it\/en\/verona-and-surroundings\/valpolicella\/","name":"Valpolicella - Hotel Brandoli -","isPartOf":{"@id":"https:\/\/www.hotelbrandoli.it\/en\/#website"},"datePublished":"2025-03-03T10:09:07+00:00","dateModified":"2025-03-10T15:57:16+00:00","description":"Say the word Valpolicella, and images of Recioto and Amarone\u2014wines once enjoyed by Roman emperors, and today even more complex and prestigious\u2014instantly come to mind. From the vineyard-carpeted valley slopes of spring, to the purple-tinged harvests of autumn, the regal grape makes a difficult journey, and endures a three-month long drying period, on its way from vine to wine","breadcrumb":{"@id":"https:\/\/www.hotelbrandoli.it\/en\/verona-and-surroundings\/valpolicella\/#breadcrumb"},"inLanguage":"en-US","potentialAction":[{"@type":"ReadAction","target":["https:\/\/www.hotelbrandoli.it\/en\/verona-and-surroundings\/valpolicella\/"]}]},{"@type":"BreadcrumbList","@id":"https:\/\/www.hotelbrandoli.it\/en\/verona-and-surroundings\/valpolicella\/#breadcrumb","itemListElement":[{"@type":"ListItem","position":1,"name":"Home","item":"https:\/\/www.hotelbrandoli.it\/en\/"},{"@type":"ListItem","position":2,"name":"Verona and surroundings","item":"https:\/\/www.hotelbrandoli.it\/en\/verona-e-dintorni\/"},{"@type":"ListItem","position":3,"name":"Valpolicella"}]},{"@type":"WebSite","@id":"https:\/\/www.hotelbrandoli.it\/en\/#website","url":"https:\/\/www.hotelbrandoli.it\/en\/","name":"Hotel Brandoli","description":"","publisher":{"@id":"https:\/\/www.hotelbrandoli.it\/en\/#organization"},"potentialAction":[{"@type":"SearchAction","target":{"@type":"EntryPoint","urlTemplate":"https:\/\/www.hotelbrandoli.it\/en\/?s={search_term_string}"},"query-input":"required name=search_term_string"}],"inLanguage":"en-US"},{"@type":"Organization","@id":"https:\/\/www.hotelbrandoli.it\/en\/#organization","name":"Hotel Brandoli","url":"https:\/\/www.hotelbrandoli.it\/en\/","logo":{"@type":"ImageObject","inLanguage":"en-US","@id":"https:\/\/www.hotelbrandoli.it\/en\/#\/schema\/logo\/image\/","url":"https:\/\/www.hotelbrandoli.it\/wp-content\/uploads\/sites\/220\/2025\/02\/logo_brandoli_oriz_c.svg","contentUrl":"https:\/\/www.hotelbrandoli.it\/wp-content\/uploads\/sites\/220\/2025\/02\/logo_brandoli_oriz_c.svg","width":800,"height":152,"caption":"Hotel Brandoli"},"image":{"@id":"https:\/\/www.hotelbrandoli.it\/en\/#\/schema\/logo\/image\/"},"sameAs":["https:\/\/www.facebook.com\/hotelbrandoli.verona\/"]}]}},"acf":[],"_links":{"self":[{"href":"https:\/\/www.hotelbrandoli.it\/en\/wp-json\/wp\/v2\/pages\/326"}],"collection":[{"href":"https:\/\/www.hotelbrandoli.it\/en\/wp-json\/wp\/v2\/pages"}],"about":[{"href":"https:\/\/www.hotelbrandoli.it\/en\/wp-json\/wp\/v2\/types\/page"}],"author":[{"embeddable":true,"href":"https:\/\/www.hotelbrandoli.it\/en\/wp-json\/wp\/v2\/users\/26"}],"replies":[{"embeddable":true,"href":"https:\/\/www.hotelbrandoli.it\/en\/wp-json\/wp\/v2\/comments?post=326"}],"version-history":[{"count":0,"href":"https:\/\/www.hotelbrandoli.it\/en\/wp-json\/wp\/v2\/pages\/326\/revisions"}],"up":[{"embeddable":true,"href":"https:\/\/www.hotelbrandoli.it\/en\/wp-json\/wp\/v2\/pages\/316"}],"wp:attachment":[{"href":"https:\/\/www.hotelbrandoli.it\/en\/wp-json\/wp\/v2\/media?parent=326"}],"curies":[{"name":"wp","href":"https:\/\/api.w.org\/{rel}","templated":true}]}}