{"id":371,"date":"2025-03-03T09:30:28","date_gmt":"2025-03-03T09:30:28","guid":{"rendered":"https:\/\/hotelbrandoli.ms2.decms.eu\/?page_id=371"},"modified":"2025-03-10T16:37:25","modified_gmt":"2025-03-10T16:37:25","slug":"arena","status":"publish","type":"page","link":"https:\/\/www.hotelbrandoli.it\/de\/arena\/","title":{"rendered":"Arena"},"content":{"rendered":"<p><strong>Um weitere Informationen zu erhalten<\/strong>, senden Sie bitte eine E-Mail an info@hotelbrandoli.it und schreiben Sie das Datum der Vorstellung, den Titel und wie viele Tickets Sie kaufen m\u00f6chten.<br \/>\nSie erhalten innerhalb von 24 Stunden eine Antwort.<\/p>\n<p>\u00dcberpr\u00fcfen Sie hier die Preise und Plan der Sitzpl\u00e4tze.<br \/>\n<a href=\"http:\/\/www.arena.it\/arena\" target=\"_blank\" rel=\"noopener\">www.arena.it\/arena<\/a><\/p>\n<p>Mehr Informationen: <a href=\"http:\/\/www.arena.it\/files\" target=\"_blank\" rel=\"noopener\">www.arena.it\/files<\/a><\/p>\n","protected":false},"excerpt":{"rendered":"<p>Um weitere Informationen zu erhalten, senden Sie bitte eine E-Mail an info@hotelbrandoli.it und schreiben Sie das Datum der Vorstellung, den Titel und wie viele Tickets Sie kaufen m\u00f6chten. Sie erhalten innerhalb von 24 Stunden eine Antwort. \u00dcberpr\u00fcfen Sie hier die Preise und Plan der Sitzpl\u00e4tze. www.arena.it\/arena Mehr Informationen: www.arena.it\/files<\/p>\n","protected":false},"author":26,"featured_media":0,"parent":0,"menu_order":110,"comment_status":"closed","ping_status":"closed","template":"template-events.php","meta":{"footnotes":""},"yoast_head":"<!-- This site is optimized with the Yoast SEO plugin v22.3 - https:\/\/yoast.com\/wordpress\/plugins\/seo\/ -->\n<title>Arena - Hotel Brandoli -<\/title>\n<meta name=\"description\" content=\"Um weitere Informationen zu erhalten, senden Sie bitte eine E-Mail an info@hotelbrandoli.it und schreiben Sie das Datum der Vorstellung, den Titel und wie viele Tickets Sie kaufen m\u00f6chten. Sie erhalten innerhalb von 24 Stunden eine Antwort.  \u00dcberpr\u00fcfen Sie hier die Preise und Plan der Sitzpl\u00e4tze. www.arena.it\/arena  Mehr Informationen: www.arena.it\/files.\" \/>\n<meta name=\"robots\" content=\"index, follow, max-snippet:-1, max-image-preview:large, max-video-preview:-1\" \/>\n<link rel=\"canonical\" href=\"https:\/\/www.hotelbrandoli.it\/de\/arena\/\" \/>\n<meta property=\"og:locale\" content=\"de_DE\" \/>\n<meta property=\"og:type\" content=\"article\" \/>\n<meta property=\"og:title\" content=\"Arena - Hotel Brandoli -\" \/>\n<meta property=\"og:description\" content=\"Um weitere Informationen zu erhalten, senden Sie bitte eine E-Mail an info@hotelbrandoli.it und schreiben Sie das Datum der Vorstellung, den Titel und wie viele Tickets Sie kaufen m\u00f6chten. Sie erhalten innerhalb von 24 Stunden eine Antwort.  \u00dcberpr\u00fcfen Sie hier die Preise und Plan der Sitzpl\u00e4tze. www.arena.it\/arena  Mehr Informationen: www.arena.it\/files.\" \/>\n<meta property=\"og:url\" content=\"https:\/\/www.hotelbrandoli.it\/de\/arena\/\" \/>\n<meta property=\"og:site_name\" content=\"Hotel Brandoli\" \/>\n<meta property=\"article:publisher\" content=\"https:\/\/www.facebook.com\/hotelbrandoli.verona\/\" \/>\n<meta property=\"article:modified_time\" content=\"2025-03-10T16:37:25+00:00\" \/>\n<meta name=\"twitter:card\" content=\"summary_large_image\" \/>\n<meta name=\"twitter:label1\" content=\"Gesch\u00e4tzte Lesezeit\" \/>\n\t<meta name=\"twitter:data1\" content=\"1 Minute\" \/>\n<script type=\"application\/ld+json\" class=\"yoast-schema-graph\">{\"@context\":\"https:\/\/schema.org\",\"@graph\":[{\"@type\":\"WebPage\",\"@id\":\"https:\/\/www.hotelbrandoli.it\/de\/arena\/\",\"url\":\"https:\/\/www.hotelbrandoli.it\/de\/arena\/\",\"name\":\"Arena - Hotel Brandoli -\",\"isPartOf\":{\"@id\":\"https:\/\/www.hotelbrandoli.it\/de\/#website\"},\"datePublished\":\"2025-03-03T09:30:28+00:00\",\"dateModified\":\"2025-03-10T16:37:25+00:00\",\"description\":\"Um weitere Informationen zu erhalten, senden Sie bitte eine E-Mail an info@hotelbrandoli.it und schreiben Sie das Datum der Vorstellung, den Titel und wie viele Tickets Sie kaufen m\u00f6chten. Sie erhalten innerhalb von 24 Stunden eine Antwort. \u00dcberpr\u00fcfen Sie hier die Preise und Plan der Sitzpl\u00e4tze. www.arena.it\/arena Mehr Informationen: www.arena.it\/files.\",\"breadcrumb\":{\"@id\":\"https:\/\/www.hotelbrandoli.it\/de\/arena\/#breadcrumb\"},\"inLanguage\":\"de-DE\",\"potentialAction\":[{\"@type\":\"ReadAction\",\"target\":[\"https:\/\/www.hotelbrandoli.it\/de\/arena\/\"]}]},{\"@type\":\"BreadcrumbList\",\"@id\":\"https:\/\/www.hotelbrandoli.it\/de\/arena\/#breadcrumb\",\"itemListElement\":[{\"@type\":\"ListItem\",\"position\":1,\"name\":\"Home\",\"item\":\"https:\/\/www.hotelbrandoli.it\/de\/\"},{\"@type\":\"ListItem\",\"position\":2,\"name\":\"Arena\"}]},{\"@type\":\"WebSite\",\"@id\":\"https:\/\/www.hotelbrandoli.it\/de\/#website\",\"url\":\"https:\/\/www.hotelbrandoli.it\/de\/\",\"name\":\"Hotel Brandoli\",\"description\":\"\",\"publisher\":{\"@id\":\"https:\/\/www.hotelbrandoli.it\/de\/#organization\"},\"potentialAction\":[{\"@type\":\"SearchAction\",\"target\":{\"@type\":\"EntryPoint\",\"urlTemplate\":\"https:\/\/www.hotelbrandoli.it\/de\/?s={search_term_string}\"},\"query-input\":\"required name=search_term_string\"}],\"inLanguage\":\"de-DE\"},{\"@type\":\"Organization\",\"@id\":\"https:\/\/www.hotelbrandoli.it\/de\/#organization\",\"name\":\"Hotel Brandoli\",\"url\":\"https:\/\/www.hotelbrandoli.it\/de\/\",\"logo\":{\"@type\":\"ImageObject\",\"inLanguage\":\"de-DE\",\"@id\":\"https:\/\/www.hotelbrandoli.it\/de\/#\/schema\/logo\/image\/\",\"url\":\"https:\/\/www.hotelbrandoli.it\/wp-content\/uploads\/sites\/220\/2025\/02\/logo_brandoli_oriz_c.svg\",\"contentUrl\":\"https:\/\/www.hotelbrandoli.it\/wp-content\/uploads\/sites\/220\/2025\/02\/logo_brandoli_oriz_c.svg\",\"width\":800,\"height\":152,\"caption\":\"Hotel Brandoli\"},\"image\":{\"@id\":\"https:\/\/www.hotelbrandoli.it\/de\/#\/schema\/logo\/image\/\"},\"sameAs\":[\"https:\/\/www.facebook.com\/hotelbrandoli.verona\/\"]}]}<\/script>\n<!-- \/ Yoast SEO plugin. -->","yoast_head_json":{"title":"Arena - Hotel Brandoli -","description":"Um weitere Informationen zu erhalten, senden Sie bitte eine E-Mail an info@hotelbrandoli.it und schreiben Sie das Datum der Vorstellung, den Titel und wie viele Tickets Sie kaufen m\u00f6chten. Sie erhalten innerhalb von 24 Stunden eine Antwort.  \u00dcberpr\u00fcfen Sie hier die Preise und Plan der Sitzpl\u00e4tze. www.arena.it\/arena  Mehr Informationen: www.arena.it\/files.","robots":{"index":"index","follow":"follow","max-snippet":"max-snippet:-1","max-image-preview":"max-image-preview:large","max-video-preview":"max-video-preview:-1"},"canonical":"https:\/\/www.hotelbrandoli.it\/de\/arena\/","og_locale":"de_DE","og_type":"article","og_title":"Arena - Hotel Brandoli -","og_description":"Um weitere Informationen zu erhalten, senden Sie bitte eine E-Mail an info@hotelbrandoli.it und schreiben Sie das Datum der Vorstellung, den Titel und wie viele Tickets Sie kaufen m\u00f6chten. Sie erhalten innerhalb von 24 Stunden eine Antwort.  \u00dcberpr\u00fcfen Sie hier die Preise und Plan der Sitzpl\u00e4tze. www.arena.it\/arena  Mehr Informationen: www.arena.it\/files.","og_url":"https:\/\/www.hotelbrandoli.it\/de\/arena\/","og_site_name":"Hotel Brandoli","article_publisher":"https:\/\/www.facebook.com\/hotelbrandoli.verona\/","article_modified_time":"2025-03-10T16:37:25+00:00","twitter_card":"summary_large_image","twitter_misc":{"Gesch\u00e4tzte Lesezeit":"1 Minute"},"schema":{"@context":"https:\/\/schema.org","@graph":[{"@type":"WebPage","@id":"https:\/\/www.hotelbrandoli.it\/de\/arena\/","url":"https:\/\/www.hotelbrandoli.it\/de\/arena\/","name":"Arena - Hotel Brandoli -","isPartOf":{"@id":"https:\/\/www.hotelbrandoli.it\/de\/#website"},"datePublished":"2025-03-03T09:30:28+00:00","dateModified":"2025-03-10T16:37:25+00:00","description":"Um weitere Informationen zu erhalten, senden Sie bitte eine E-Mail an info@hotelbrandoli.it und schreiben Sie das Datum der Vorstellung, den Titel und wie viele Tickets Sie kaufen m\u00f6chten. Sie erhalten innerhalb von 24 Stunden eine Antwort. \u00dcberpr\u00fcfen Sie hier die Preise und Plan der Sitzpl\u00e4tze. www.arena.it\/arena Mehr Informationen: www.arena.it\/files.","breadcrumb":{"@id":"https:\/\/www.hotelbrandoli.it\/de\/arena\/#breadcrumb"},"inLanguage":"de-DE","potentialAction":[{"@type":"ReadAction","target":["https:\/\/www.hotelbrandoli.it\/de\/arena\/"]}]},{"@type":"BreadcrumbList","@id":"https:\/\/www.hotelbrandoli.it\/de\/arena\/#breadcrumb","itemListElement":[{"@type":"ListItem","position":1,"name":"Home","item":"https:\/\/www.hotelbrandoli.it\/de\/"},{"@type":"ListItem","position":2,"name":"Arena"}]},{"@type":"WebSite","@id":"https:\/\/www.hotelbrandoli.it\/de\/#website","url":"https:\/\/www.hotelbrandoli.it\/de\/","name":"Hotel Brandoli","description":"","publisher":{"@id":"https:\/\/www.hotelbrandoli.it\/de\/#organization"},"potentialAction":[{"@type":"SearchAction","target":{"@type":"EntryPoint","urlTemplate":"https:\/\/www.hotelbrandoli.it\/de\/?s={search_term_string}"},"query-input":"required name=search_term_string"}],"inLanguage":"de-DE"},{"@type":"Organization","@id":"https:\/\/www.hotelbrandoli.it\/de\/#organization","name":"Hotel Brandoli","url":"https:\/\/www.hotelbrandoli.it\/de\/","logo":{"@type":"ImageObject","inLanguage":"de-DE","@id":"https:\/\/www.hotelbrandoli.it\/de\/#\/schema\/logo\/image\/","url":"https:\/\/www.hotelbrandoli.it\/wp-content\/uploads\/sites\/220\/2025\/02\/logo_brandoli_oriz_c.svg","contentUrl":"https:\/\/www.hotelbrandoli.it\/wp-content\/uploads\/sites\/220\/2025\/02\/logo_brandoli_oriz_c.svg","width":800,"height":152,"caption":"Hotel Brandoli"},"image":{"@id":"https:\/\/www.hotelbrandoli.it\/de\/#\/schema\/logo\/image\/"},"sameAs":["https:\/\/www.facebook.com\/hotelbrandoli.verona\/"]}]}},"acf":[],"_links":{"self":[{"href":"https:\/\/www.hotelbrandoli.it\/de\/wp-json\/wp\/v2\/pages\/371"}],"collection":[{"href":"https:\/\/www.hotelbrandoli.it\/de\/wp-json\/wp\/v2\/pages"}],"about":[{"href":"https:\/\/www.hotelbrandoli.it\/de\/wp-json\/wp\/v2\/types\/page"}],"author":[{"embeddable":true,"href":"https:\/\/www.hotelbrandoli.it\/de\/wp-json\/wp\/v2\/users\/26"}],"replies":[{"embeddable":true,"href":"https:\/\/www.hotelbrandoli.it\/de\/wp-json\/wp\/v2\/comments?post=371"}],"version-history":[{"count":0,"href":"https:\/\/www.hotelbrandoli.it\/de\/wp-json\/wp\/v2\/pages\/371\/revisions"}],"wp:attachment":[{"href":"https:\/\/www.hotelbrandoli.it\/de\/wp-json\/wp\/v2\/media?parent=371"}],"curies":[{"name":"wp","href":"https:\/\/api.w.org\/{rel}","templated":true}]}}