{"id":341,"date":"2025-03-03T10:08:48","date_gmt":"2025-03-03T10:08:48","guid":{"rendered":"https:\/\/hotelbrandoli.ms2.decms.eu\/?page_id=341"},"modified":"2025-03-10T16:02:35","modified_gmt":"2025-03-10T16:02:35","slug":"soave","status":"publish","type":"page","link":"https:\/\/www.hotelbrandoli.it\/de\/verona-und-umgebung\/soave\/","title":{"rendered":"Soave"},"content":{"rendered":"<p>Auf den letzten Ausl\u00e4ufern der lessinischen Berge, im \u00f6stlichen Teil der Provinz von Verona, zeichnen sich die T\u00e4ler Valle d\u2019Alpone, del Tramigna, dell\u2019Illasi und di Mezzane durch Tuffboden aus. Aus diesem Grund entwickelten sie sich im Laufe der Jahrhunderte zu einem idealen Anbaugebiet f\u00fcr die Traubensorte \u201eUva garganega\u201c und die Herstellung eines wohlschmeckenden Wei\u00dfweines, des Soave. Trotz der breiten Palette von qualitativ hochwertigen Veroneser Weinen ist es jedoch nur auf diesen H\u00fcgeln gelungen, die perfekte Symbiose zwischen Umwelt und Weinrebe und demzufolge die idealen Bedingungen f\u00fcr die Herstellung gro\u00dfer Weine zu schaffen. Zu verdanken ist das vor allem dem vulkanischen Ursprung der H\u00fcgellandschaft und dem Auftauchen von Kalkstein. Das Gebiet um das St\u00e4dtchen Soave gilt so seit jeher als das Land der Wei\u00dfweine \u2013 mit seinen Burgen, Kirchen, T\u00fcrmen und reichen Adelsvillen. Sie erheben sich aus einem Meer von Weinreben und sind Zeugnisse eines Gebietes, das, reich an Geschichte und Tradition, eng mit seinem wichtigsten Produkt verbunden ist.<\/p>\n<p>Geschichte, Gastronomie und einzigartige Panoramen: Ein eindrucksvoller Rundweg f\u00fchrt zu den wichtigsten Betrieben, Verkaufspunkten sowie historischen und landwirtschaftlichen Sehensw\u00fcrdigkeiten. Er beginnt in dem mittelalterlichen St\u00e4dtchen Soave. Sein intakter Mauerring reicht bis auf den nahe gelegenen H\u00fcgel, auf dem sich stolz eine Burg erhebt. Mit gro\u00dfer Sicherheit wurde <strong>Soave<\/strong> von den Sweben, die sich nach den Langobarden des St\u00e4dtchens annahmen, gegr\u00fcndet und von den Scaligern befestigt. Als wichtige historische Zeugnisse gelten neben der Burg der Palazzo San Bonifacio (13. Jh.), der Palazzo Cavalli (15. Jh.) in venezianisch-gotischem Stil, die Kirche San Lorenzo (im 14. Jh. ins Leben gerufen und im 18. Jh. wieder aufgebaut), der sch\u00f6ne Palazzo di Giustizia und der Palazzo Scaligero.<\/p>\n<p>Verl\u00e4sst man das St\u00e4dtchen in \u00f6stliche Richtung, f\u00fchrt bald eine Br\u00fccke \u00fcber den Fluss Tramigna. Auf einer ansteigenden Panoramastra\u00dfe kommt man nach<strong> Colognola ai Colli<\/strong>, einer reizenden Ortschaft romanischen Ursprungs auf den H\u00fcgeln von Soave. Weiter s\u00fcdw\u00e4rts, in <strong>Caldiero<\/strong>, befinden sich die sehenswerten antiken r\u00f6mischen Thermen. Geht man stattdessen nordw\u00e4rts, erreicht man das sch\u00f6ne Tal <strong>Valle d\u2019Illasi<\/strong> mit seinen hundertj\u00e4hrigen Olivenhainen, Kirschb\u00e4umen und Weing\u00e4rten. M\u00f6glich ist auch ein Abstecher nach <strong>Pieve di Colognola ai Colli<\/strong>, wo die romanische Pfarrkirche Santa Maria, eingebettet in Weing\u00e4rten, steht. Hinter Pieve erhebt sich der sehr alte, von Villen umgebene Dorfkern von <strong>San Pietro di Lavagno<\/strong>.<\/p>\n<p>Anschlie\u00dfend kann man nach <strong>Illasi <\/strong>wandern. Das Dorf besticht durch eine alte Ritterburg und zahlreiche alte Adelsvillen wie die Villa Perez Pompei Sagramoso, einstiger Sitz des Lehnsherren, deren gro\u00dfer Park bis zu dem Burgh\u00fcgel reicht. Der Berg, auf den man steigen kann, bietet eine Sicht auf die T\u00e4ler Valle d\u2019Illasi und del Tramigna. Bei <strong>Cazzano di Tramigna<\/strong> kann man durch die Kirschbaumg\u00e4rten absteigen. Das historische Anbaugebiet des hochwertigen \u201eSoave Classico\u201d befindet sich etwas weiter s\u00fcdlich in der N\u00e4he von <strong>Monteforte d\u2019Alpone<\/strong>. Hier findet man erlesene Weine (\u201eCru\u201d) wie den Monte Pressoni, Monte Foscarino, Rugate, Ronchetto, Val d\u2019Alpone, Ronc\u00e0 und Bolca. Sehenswert im Dorf sind die Pfarrkirche Santa Maria Maggiore mit ihrer neuklassizistischen Fassade und dem Kirchturm sowie der Palazzo Vescovile, der durch einen beeindruckenden Kreuzgang aufgelockert wird.<br \/>\nAlles in allem eine berauschende Entdeckungsreise durch ein Land wo \u201eeine unglaublich liebliche, schimmernde Traube am Anfang eines Weines steht, um den uns die ganze Welt beneidet.\u201d<\/p>\n","protected":false},"excerpt":{"rendered":"<p>Auf den letzten Ausl\u00e4ufern der lessinischen Berge, im \u00f6stlichen Teil der Provinz von Verona, zeichnen sich die T\u00e4ler Valle d\u2019Alpone, del Tramigna, dell\u2019Illasi und di Mezzane durch Tuffboden aus. Aus diesem Grund entwickelten sie sich im Laufe der Jahrhunderte zu einem idealen Anbaugebiet f\u00fcr die Traubensorte \u201eUva garganega\u201c und die Herstellung eines wohlschmeckenden Wei\u00dfweines, des [&hellip;]<\/p>\n","protected":false},"author":26,"featured_media":0,"parent":318,"menu_order":30,"comment_status":"closed","ping_status":"closed","template":"template-default-3.php","meta":{"footnotes":""},"yoast_head":"<!-- This site is optimized with the Yoast SEO plugin v22.3 - https:\/\/yoast.com\/wordpress\/plugins\/seo\/ -->\n<title>Soave - Hotel Brandoli -<\/title>\n<meta name=\"description\" content=\"Auf den letzten Ausl\u00e4ufern der lessinischen Berge, im \u00f6stlichen Teil der Provinz von Verona, zeichnen sich die T\u00e4ler Valle d\u2019Alpone, del Tramigna, dell\u2019Illasi und di Mezzane durch Tuffboden aus. Aus diesem Grund entwickelten sie sich im Laufe der Jahrhunderte zu einem idealen Anbaugebiet f\u00fcr die Traubensorte \u201eUva garganega\u201c und die Herstellung eines wohlschmeckenden Wei\u00dfweines, des Soave\" \/>\n<meta name=\"robots\" content=\"index, follow, max-snippet:-1, max-image-preview:large, max-video-preview:-1\" \/>\n<link rel=\"canonical\" href=\"https:\/\/www.hotelbrandoli.it\/de\/verona-und-umgebung\/soave\/\" \/>\n<meta property=\"og:locale\" content=\"de_DE\" \/>\n<meta property=\"og:type\" content=\"article\" \/>\n<meta property=\"og:title\" content=\"Soave - Hotel Brandoli -\" \/>\n<meta property=\"og:description\" content=\"Auf den letzten Ausl\u00e4ufern der lessinischen Berge, im \u00f6stlichen Teil der Provinz von Verona, zeichnen sich die T\u00e4ler Valle d\u2019Alpone, del Tramigna, dell\u2019Illasi und di Mezzane durch Tuffboden aus. Aus diesem Grund entwickelten sie sich im Laufe der Jahrhunderte zu einem idealen Anbaugebiet f\u00fcr die Traubensorte \u201eUva garganega\u201c und die Herstellung eines wohlschmeckenden Wei\u00dfweines, des Soave\" \/>\n<meta property=\"og:url\" content=\"https:\/\/www.hotelbrandoli.it\/de\/verona-und-umgebung\/soave\/\" \/>\n<meta property=\"og:site_name\" content=\"Hotel Brandoli\" \/>\n<meta property=\"article:publisher\" content=\"https:\/\/www.facebook.com\/hotelbrandoli.verona\/\" \/>\n<meta property=\"article:modified_time\" content=\"2025-03-10T16:02:35+00:00\" \/>\n<meta name=\"twitter:card\" content=\"summary_large_image\" \/>\n<meta name=\"twitter:label1\" content=\"Gesch\u00e4tzte Lesezeit\" \/>\n\t<meta name=\"twitter:data1\" content=\"3 Minuten\" \/>\n<script type=\"application\/ld+json\" class=\"yoast-schema-graph\">{\"@context\":\"https:\/\/schema.org\",\"@graph\":[{\"@type\":\"WebPage\",\"@id\":\"https:\/\/www.hotelbrandoli.it\/de\/verona-und-umgebung\/soave\/\",\"url\":\"https:\/\/www.hotelbrandoli.it\/de\/verona-und-umgebung\/soave\/\",\"name\":\"Soave - Hotel Brandoli -\",\"isPartOf\":{\"@id\":\"https:\/\/www.hotelbrandoli.it\/de\/#website\"},\"datePublished\":\"2025-03-03T10:08:48+00:00\",\"dateModified\":\"2025-03-10T16:02:35+00:00\",\"description\":\"Auf den letzten Ausl\u00e4ufern der lessinischen Berge, im \u00f6stlichen Teil der Provinz von Verona, zeichnen sich die T\u00e4ler Valle d\u2019Alpone, del Tramigna, dell\u2019Illasi und di Mezzane durch Tuffboden aus. Aus diesem Grund entwickelten sie sich im Laufe der Jahrhunderte zu einem idealen Anbaugebiet f\u00fcr die Traubensorte \u201eUva garganega\u201c und die Herstellung eines wohlschmeckenden Wei\u00dfweines, des Soave\",\"breadcrumb\":{\"@id\":\"https:\/\/www.hotelbrandoli.it\/de\/verona-und-umgebung\/soave\/#breadcrumb\"},\"inLanguage\":\"de-DE\",\"potentialAction\":[{\"@type\":\"ReadAction\",\"target\":[\"https:\/\/www.hotelbrandoli.it\/de\/verona-und-umgebung\/soave\/\"]}]},{\"@type\":\"BreadcrumbList\",\"@id\":\"https:\/\/www.hotelbrandoli.it\/de\/verona-und-umgebung\/soave\/#breadcrumb\",\"itemListElement\":[{\"@type\":\"ListItem\",\"position\":1,\"name\":\"Home\",\"item\":\"https:\/\/www.hotelbrandoli.it\/de\/\"},{\"@type\":\"ListItem\",\"position\":2,\"name\":\"Verona und Umgebung\",\"item\":\"https:\/\/www.hotelbrandoli.it\/de\/verona-e-dintorni\/\"},{\"@type\":\"ListItem\",\"position\":3,\"name\":\"Soave\"}]},{\"@type\":\"WebSite\",\"@id\":\"https:\/\/www.hotelbrandoli.it\/de\/#website\",\"url\":\"https:\/\/www.hotelbrandoli.it\/de\/\",\"name\":\"Hotel Brandoli\",\"description\":\"\",\"publisher\":{\"@id\":\"https:\/\/www.hotelbrandoli.it\/de\/#organization\"},\"potentialAction\":[{\"@type\":\"SearchAction\",\"target\":{\"@type\":\"EntryPoint\",\"urlTemplate\":\"https:\/\/www.hotelbrandoli.it\/de\/?s={search_term_string}\"},\"query-input\":\"required name=search_term_string\"}],\"inLanguage\":\"de-DE\"},{\"@type\":\"Organization\",\"@id\":\"https:\/\/www.hotelbrandoli.it\/de\/#organization\",\"name\":\"Hotel Brandoli\",\"url\":\"https:\/\/www.hotelbrandoli.it\/de\/\",\"logo\":{\"@type\":\"ImageObject\",\"inLanguage\":\"de-DE\",\"@id\":\"https:\/\/www.hotelbrandoli.it\/de\/#\/schema\/logo\/image\/\",\"url\":\"https:\/\/www.hotelbrandoli.it\/wp-content\/uploads\/sites\/220\/2025\/02\/logo_brandoli_oriz_c.svg\",\"contentUrl\":\"https:\/\/www.hotelbrandoli.it\/wp-content\/uploads\/sites\/220\/2025\/02\/logo_brandoli_oriz_c.svg\",\"width\":800,\"height\":152,\"caption\":\"Hotel Brandoli\"},\"image\":{\"@id\":\"https:\/\/www.hotelbrandoli.it\/de\/#\/schema\/logo\/image\/\"},\"sameAs\":[\"https:\/\/www.facebook.com\/hotelbrandoli.verona\/\"]}]}<\/script>\n<!-- \/ Yoast SEO plugin. -->","yoast_head_json":{"title":"Soave - Hotel Brandoli -","description":"Auf den letzten Ausl\u00e4ufern der lessinischen Berge, im \u00f6stlichen Teil der Provinz von Verona, zeichnen sich die T\u00e4ler Valle d\u2019Alpone, del Tramigna, dell\u2019Illasi und di Mezzane durch Tuffboden aus. Aus diesem Grund entwickelten sie sich im Laufe der Jahrhunderte zu einem idealen Anbaugebiet f\u00fcr die Traubensorte \u201eUva garganega\u201c und die Herstellung eines wohlschmeckenden Wei\u00dfweines, des Soave","robots":{"index":"index","follow":"follow","max-snippet":"max-snippet:-1","max-image-preview":"max-image-preview:large","max-video-preview":"max-video-preview:-1"},"canonical":"https:\/\/www.hotelbrandoli.it\/de\/verona-und-umgebung\/soave\/","og_locale":"de_DE","og_type":"article","og_title":"Soave - Hotel Brandoli -","og_description":"Auf den letzten Ausl\u00e4ufern der lessinischen Berge, im \u00f6stlichen Teil der Provinz von Verona, zeichnen sich die T\u00e4ler Valle d\u2019Alpone, del Tramigna, dell\u2019Illasi und di Mezzane durch Tuffboden aus. Aus diesem Grund entwickelten sie sich im Laufe der Jahrhunderte zu einem idealen Anbaugebiet f\u00fcr die Traubensorte \u201eUva garganega\u201c und die Herstellung eines wohlschmeckenden Wei\u00dfweines, des Soave","og_url":"https:\/\/www.hotelbrandoli.it\/de\/verona-und-umgebung\/soave\/","og_site_name":"Hotel Brandoli","article_publisher":"https:\/\/www.facebook.com\/hotelbrandoli.verona\/","article_modified_time":"2025-03-10T16:02:35+00:00","twitter_card":"summary_large_image","twitter_misc":{"Gesch\u00e4tzte Lesezeit":"3 Minuten"},"schema":{"@context":"https:\/\/schema.org","@graph":[{"@type":"WebPage","@id":"https:\/\/www.hotelbrandoli.it\/de\/verona-und-umgebung\/soave\/","url":"https:\/\/www.hotelbrandoli.it\/de\/verona-und-umgebung\/soave\/","name":"Soave - Hotel Brandoli -","isPartOf":{"@id":"https:\/\/www.hotelbrandoli.it\/de\/#website"},"datePublished":"2025-03-03T10:08:48+00:00","dateModified":"2025-03-10T16:02:35+00:00","description":"Auf den letzten Ausl\u00e4ufern der lessinischen Berge, im \u00f6stlichen Teil der Provinz von Verona, zeichnen sich die T\u00e4ler Valle d\u2019Alpone, del Tramigna, dell\u2019Illasi und di Mezzane durch Tuffboden aus. Aus diesem Grund entwickelten sie sich im Laufe der Jahrhunderte zu einem idealen Anbaugebiet f\u00fcr die Traubensorte \u201eUva garganega\u201c und die Herstellung eines wohlschmeckenden Wei\u00dfweines, des Soave","breadcrumb":{"@id":"https:\/\/www.hotelbrandoli.it\/de\/verona-und-umgebung\/soave\/#breadcrumb"},"inLanguage":"de-DE","potentialAction":[{"@type":"ReadAction","target":["https:\/\/www.hotelbrandoli.it\/de\/verona-und-umgebung\/soave\/"]}]},{"@type":"BreadcrumbList","@id":"https:\/\/www.hotelbrandoli.it\/de\/verona-und-umgebung\/soave\/#breadcrumb","itemListElement":[{"@type":"ListItem","position":1,"name":"Home","item":"https:\/\/www.hotelbrandoli.it\/de\/"},{"@type":"ListItem","position":2,"name":"Verona und Umgebung","item":"https:\/\/www.hotelbrandoli.it\/de\/verona-e-dintorni\/"},{"@type":"ListItem","position":3,"name":"Soave"}]},{"@type":"WebSite","@id":"https:\/\/www.hotelbrandoli.it\/de\/#website","url":"https:\/\/www.hotelbrandoli.it\/de\/","name":"Hotel Brandoli","description":"","publisher":{"@id":"https:\/\/www.hotelbrandoli.it\/de\/#organization"},"potentialAction":[{"@type":"SearchAction","target":{"@type":"EntryPoint","urlTemplate":"https:\/\/www.hotelbrandoli.it\/de\/?s={search_term_string}"},"query-input":"required name=search_term_string"}],"inLanguage":"de-DE"},{"@type":"Organization","@id":"https:\/\/www.hotelbrandoli.it\/de\/#organization","name":"Hotel Brandoli","url":"https:\/\/www.hotelbrandoli.it\/de\/","logo":{"@type":"ImageObject","inLanguage":"de-DE","@id":"https:\/\/www.hotelbrandoli.it\/de\/#\/schema\/logo\/image\/","url":"https:\/\/www.hotelbrandoli.it\/wp-content\/uploads\/sites\/220\/2025\/02\/logo_brandoli_oriz_c.svg","contentUrl":"https:\/\/www.hotelbrandoli.it\/wp-content\/uploads\/sites\/220\/2025\/02\/logo_brandoli_oriz_c.svg","width":800,"height":152,"caption":"Hotel Brandoli"},"image":{"@id":"https:\/\/www.hotelbrandoli.it\/de\/#\/schema\/logo\/image\/"},"sameAs":["https:\/\/www.facebook.com\/hotelbrandoli.verona\/"]}]}},"acf":[],"_links":{"self":[{"href":"https:\/\/www.hotelbrandoli.it\/de\/wp-json\/wp\/v2\/pages\/341"}],"collection":[{"href":"https:\/\/www.hotelbrandoli.it\/de\/wp-json\/wp\/v2\/pages"}],"about":[{"href":"https:\/\/www.hotelbrandoli.it\/de\/wp-json\/wp\/v2\/types\/page"}],"author":[{"embeddable":true,"href":"https:\/\/www.hotelbrandoli.it\/de\/wp-json\/wp\/v2\/users\/26"}],"replies":[{"embeddable":true,"href":"https:\/\/www.hotelbrandoli.it\/de\/wp-json\/wp\/v2\/comments?post=341"}],"version-history":[{"count":0,"href":"https:\/\/www.hotelbrandoli.it\/de\/wp-json\/wp\/v2\/pages\/341\/revisions"}],"up":[{"embeddable":true,"href":"https:\/\/www.hotelbrandoli.it\/de\/wp-json\/wp\/v2\/pages\/318"}],"wp:attachment":[{"href":"https:\/\/www.hotelbrandoli.it\/de\/wp-json\/wp\/v2\/media?parent=341"}],"curies":[{"name":"wp","href":"https:\/\/api.w.org\/{rel}","templated":true}]}}