{"id":291,"date":"2025-03-03T09:26:35","date_gmt":"2025-03-03T09:26:35","guid":{"rendered":"https:\/\/hotelbrandoli.ms2.decms.eu\/?page_id=291"},"modified":"2025-03-10T15:28:14","modified_gmt":"2025-03-10T15:28:14","slug":"wo-wir-sind","status":"publish","type":"page","link":"https:\/\/www.hotelbrandoli.it\/de\/wo-wir-sind\/","title":{"rendered":"Wo Wir Sind"},"content":{"rendered":"<p>Das hotel Brandoli liegt mitten im Gr\u00fcnen in einem kleinen Dorf mit Blick auf die <strong>Burg Montorio<\/strong>.<br \/>\nSeine strategische Lage, seine unmittelbare N\u00e4he zur Stadtmitte von Verona und die hervorragende \u00f6ffentliche Verkehrsanbindung erlauben den Hotelg\u00e4sten, bequem die Messe von Verona, den Flughafen Valerio Catullo und die Autobahnauffahrt Ost der Autobahn A4 zu erreichen.<\/p>\n","protected":false},"excerpt":{"rendered":"<p>Das hotel Brandoli liegt mitten im Gr\u00fcnen in einem kleinen Dorf mit Blick auf die Burg Montorio. Seine strategische Lage, seine unmittelbare N\u00e4he zur Stadtmitte von Verona und die hervorragende \u00f6ffentliche Verkehrsanbindung erlauben den Hotelg\u00e4sten, bequem die Messe von Verona, den Flughafen Valerio Catullo und die Autobahnauffahrt Ost der Autobahn A4 zu erreichen.<\/p>\n","protected":false},"author":26,"featured_media":0,"parent":0,"menu_order":50,"comment_status":"closed","ping_status":"closed","template":"template-location.php","meta":{"footnotes":""},"yoast_head":"<!-- This site is optimized with the Yoast SEO plugin v22.3 - https:\/\/yoast.com\/wordpress\/plugins\/seo\/ -->\n<title>Wo Wir Sind - Hotel Brandoli -<\/title>\n<meta name=\"description\" content=\"Das hotel Brandoli liegt mitten im Gr\u00fcnen in einem kleinen Dorf mit Blick auf die Burg Montorio. Seine strategische Lage, seine unmittelbare N\u00e4he zur Stadtmitte von Verona und die hervorragende \u00f6ffentliche Verkehrsanbindung erlauben den Hotelg\u00e4sten, bequem die Messe von Verona, den Flughafen Valerio Catullo und die Autobahnauffahrt Ost der Autobahn A4 zu erreichen..\" \/>\n<meta name=\"robots\" content=\"index, follow, max-snippet:-1, max-image-preview:large, max-video-preview:-1\" \/>\n<link rel=\"canonical\" href=\"https:\/\/www.hotelbrandoli.it\/de\/wo-wir-sind\/\" \/>\n<meta property=\"og:locale\" content=\"de_DE\" \/>\n<meta property=\"og:type\" content=\"article\" \/>\n<meta property=\"og:title\" content=\"Wo Wir Sind - Hotel Brandoli -\" \/>\n<meta property=\"og:description\" content=\"Das hotel Brandoli liegt mitten im Gr\u00fcnen in einem kleinen Dorf mit Blick auf die Burg Montorio. Seine strategische Lage, seine unmittelbare N\u00e4he zur Stadtmitte von Verona und die hervorragende \u00f6ffentliche Verkehrsanbindung erlauben den Hotelg\u00e4sten, bequem die Messe von Verona, den Flughafen Valerio Catullo und die Autobahnauffahrt Ost der Autobahn A4 zu erreichen..\" \/>\n<meta property=\"og:url\" content=\"https:\/\/www.hotelbrandoli.it\/de\/wo-wir-sind\/\" \/>\n<meta property=\"og:site_name\" content=\"Hotel Brandoli\" \/>\n<meta property=\"article:publisher\" content=\"https:\/\/www.facebook.com\/hotelbrandoli.verona\/\" \/>\n<meta property=\"article:modified_time\" content=\"2025-03-10T15:28:14+00:00\" \/>\n<meta name=\"twitter:card\" content=\"summary_large_image\" \/>\n<meta name=\"twitter:label1\" content=\"Gesch\u00e4tzte Lesezeit\" \/>\n\t<meta name=\"twitter:data1\" content=\"1 Minute\" \/>\n<script type=\"application\/ld+json\" class=\"yoast-schema-graph\">{\"@context\":\"https:\/\/schema.org\",\"@graph\":[{\"@type\":\"WebPage\",\"@id\":\"https:\/\/www.hotelbrandoli.it\/de\/wo-wir-sind\/\",\"url\":\"https:\/\/www.hotelbrandoli.it\/de\/wo-wir-sind\/\",\"name\":\"Wo Wir Sind - Hotel Brandoli -\",\"isPartOf\":{\"@id\":\"https:\/\/www.hotelbrandoli.it\/de\/#website\"},\"datePublished\":\"2025-03-03T09:26:35+00:00\",\"dateModified\":\"2025-03-10T15:28:14+00:00\",\"description\":\"Das hotel Brandoli liegt mitten im Gr\u00fcnen in einem kleinen Dorf mit Blick auf die Burg Montorio. Seine strategische Lage, seine unmittelbare N\u00e4he zur Stadtmitte von Verona und die hervorragende \u00f6ffentliche Verkehrsanbindung erlauben den Hotelg\u00e4sten, bequem die Messe von Verona, den Flughafen Valerio Catullo und die Autobahnauffahrt Ost der Autobahn A4 zu erreichen..\",\"breadcrumb\":{\"@id\":\"https:\/\/www.hotelbrandoli.it\/de\/wo-wir-sind\/#breadcrumb\"},\"inLanguage\":\"de-DE\",\"potentialAction\":[{\"@type\":\"ReadAction\",\"target\":[\"https:\/\/www.hotelbrandoli.it\/de\/wo-wir-sind\/\"]}]},{\"@type\":\"BreadcrumbList\",\"@id\":\"https:\/\/www.hotelbrandoli.it\/de\/wo-wir-sind\/#breadcrumb\",\"itemListElement\":[{\"@type\":\"ListItem\",\"position\":1,\"name\":\"Home\",\"item\":\"https:\/\/www.hotelbrandoli.it\/de\/\"},{\"@type\":\"ListItem\",\"position\":2,\"name\":\"Wo Wir Sind\"}]},{\"@type\":\"WebSite\",\"@id\":\"https:\/\/www.hotelbrandoli.it\/de\/#website\",\"url\":\"https:\/\/www.hotelbrandoli.it\/de\/\",\"name\":\"Hotel Brandoli\",\"description\":\"\",\"publisher\":{\"@id\":\"https:\/\/www.hotelbrandoli.it\/de\/#organization\"},\"potentialAction\":[{\"@type\":\"SearchAction\",\"target\":{\"@type\":\"EntryPoint\",\"urlTemplate\":\"https:\/\/www.hotelbrandoli.it\/de\/?s={search_term_string}\"},\"query-input\":\"required name=search_term_string\"}],\"inLanguage\":\"de-DE\"},{\"@type\":\"Organization\",\"@id\":\"https:\/\/www.hotelbrandoli.it\/de\/#organization\",\"name\":\"Hotel Brandoli\",\"url\":\"https:\/\/www.hotelbrandoli.it\/de\/\",\"logo\":{\"@type\":\"ImageObject\",\"inLanguage\":\"de-DE\",\"@id\":\"https:\/\/www.hotelbrandoli.it\/de\/#\/schema\/logo\/image\/\",\"url\":\"https:\/\/www.hotelbrandoli.it\/wp-content\/uploads\/sites\/220\/2025\/02\/logo_brandoli_oriz_c.svg\",\"contentUrl\":\"https:\/\/www.hotelbrandoli.it\/wp-content\/uploads\/sites\/220\/2025\/02\/logo_brandoli_oriz_c.svg\",\"width\":800,\"height\":152,\"caption\":\"Hotel Brandoli\"},\"image\":{\"@id\":\"https:\/\/www.hotelbrandoli.it\/de\/#\/schema\/logo\/image\/\"},\"sameAs\":[\"https:\/\/www.facebook.com\/hotelbrandoli.verona\/\"]}]}<\/script>\n<!-- \/ Yoast SEO plugin. -->","yoast_head_json":{"title":"Wo Wir Sind - Hotel Brandoli -","description":"Das hotel Brandoli liegt mitten im Gr\u00fcnen in einem kleinen Dorf mit Blick auf die Burg Montorio. Seine strategische Lage, seine unmittelbare N\u00e4he zur Stadtmitte von Verona und die hervorragende \u00f6ffentliche Verkehrsanbindung erlauben den Hotelg\u00e4sten, bequem die Messe von Verona, den Flughafen Valerio Catullo und die Autobahnauffahrt Ost der Autobahn A4 zu erreichen..","robots":{"index":"index","follow":"follow","max-snippet":"max-snippet:-1","max-image-preview":"max-image-preview:large","max-video-preview":"max-video-preview:-1"},"canonical":"https:\/\/www.hotelbrandoli.it\/de\/wo-wir-sind\/","og_locale":"de_DE","og_type":"article","og_title":"Wo Wir Sind - Hotel Brandoli -","og_description":"Das hotel Brandoli liegt mitten im Gr\u00fcnen in einem kleinen Dorf mit Blick auf die Burg Montorio. Seine strategische Lage, seine unmittelbare N\u00e4he zur Stadtmitte von Verona und die hervorragende \u00f6ffentliche Verkehrsanbindung erlauben den Hotelg\u00e4sten, bequem die Messe von Verona, den Flughafen Valerio Catullo und die Autobahnauffahrt Ost der Autobahn A4 zu erreichen..","og_url":"https:\/\/www.hotelbrandoli.it\/de\/wo-wir-sind\/","og_site_name":"Hotel Brandoli","article_publisher":"https:\/\/www.facebook.com\/hotelbrandoli.verona\/","article_modified_time":"2025-03-10T15:28:14+00:00","twitter_card":"summary_large_image","twitter_misc":{"Gesch\u00e4tzte Lesezeit":"1 Minute"},"schema":{"@context":"https:\/\/schema.org","@graph":[{"@type":"WebPage","@id":"https:\/\/www.hotelbrandoli.it\/de\/wo-wir-sind\/","url":"https:\/\/www.hotelbrandoli.it\/de\/wo-wir-sind\/","name":"Wo Wir Sind - Hotel Brandoli -","isPartOf":{"@id":"https:\/\/www.hotelbrandoli.it\/de\/#website"},"datePublished":"2025-03-03T09:26:35+00:00","dateModified":"2025-03-10T15:28:14+00:00","description":"Das hotel Brandoli liegt mitten im Gr\u00fcnen in einem kleinen Dorf mit Blick auf die Burg Montorio. Seine strategische Lage, seine unmittelbare N\u00e4he zur Stadtmitte von Verona und die hervorragende \u00f6ffentliche Verkehrsanbindung erlauben den Hotelg\u00e4sten, bequem die Messe von Verona, den Flughafen Valerio Catullo und die Autobahnauffahrt Ost der Autobahn A4 zu erreichen..","breadcrumb":{"@id":"https:\/\/www.hotelbrandoli.it\/de\/wo-wir-sind\/#breadcrumb"},"inLanguage":"de-DE","potentialAction":[{"@type":"ReadAction","target":["https:\/\/www.hotelbrandoli.it\/de\/wo-wir-sind\/"]}]},{"@type":"BreadcrumbList","@id":"https:\/\/www.hotelbrandoli.it\/de\/wo-wir-sind\/#breadcrumb","itemListElement":[{"@type":"ListItem","position":1,"name":"Home","item":"https:\/\/www.hotelbrandoli.it\/de\/"},{"@type":"ListItem","position":2,"name":"Wo Wir Sind"}]},{"@type":"WebSite","@id":"https:\/\/www.hotelbrandoli.it\/de\/#website","url":"https:\/\/www.hotelbrandoli.it\/de\/","name":"Hotel Brandoli","description":"","publisher":{"@id":"https:\/\/www.hotelbrandoli.it\/de\/#organization"},"potentialAction":[{"@type":"SearchAction","target":{"@type":"EntryPoint","urlTemplate":"https:\/\/www.hotelbrandoli.it\/de\/?s={search_term_string}"},"query-input":"required name=search_term_string"}],"inLanguage":"de-DE"},{"@type":"Organization","@id":"https:\/\/www.hotelbrandoli.it\/de\/#organization","name":"Hotel Brandoli","url":"https:\/\/www.hotelbrandoli.it\/de\/","logo":{"@type":"ImageObject","inLanguage":"de-DE","@id":"https:\/\/www.hotelbrandoli.it\/de\/#\/schema\/logo\/image\/","url":"https:\/\/www.hotelbrandoli.it\/wp-content\/uploads\/sites\/220\/2025\/02\/logo_brandoli_oriz_c.svg","contentUrl":"https:\/\/www.hotelbrandoli.it\/wp-content\/uploads\/sites\/220\/2025\/02\/logo_brandoli_oriz_c.svg","width":800,"height":152,"caption":"Hotel Brandoli"},"image":{"@id":"https:\/\/www.hotelbrandoli.it\/de\/#\/schema\/logo\/image\/"},"sameAs":["https:\/\/www.facebook.com\/hotelbrandoli.verona\/"]}]}},"acf":[],"_links":{"self":[{"href":"https:\/\/www.hotelbrandoli.it\/de\/wp-json\/wp\/v2\/pages\/291"}],"collection":[{"href":"https:\/\/www.hotelbrandoli.it\/de\/wp-json\/wp\/v2\/pages"}],"about":[{"href":"https:\/\/www.hotelbrandoli.it\/de\/wp-json\/wp\/v2\/types\/page"}],"author":[{"embeddable":true,"href":"https:\/\/www.hotelbrandoli.it\/de\/wp-json\/wp\/v2\/users\/26"}],"replies":[{"embeddable":true,"href":"https:\/\/www.hotelbrandoli.it\/de\/wp-json\/wp\/v2\/comments?post=291"}],"version-history":[{"count":0,"href":"https:\/\/www.hotelbrandoli.it\/de\/wp-json\/wp\/v2\/pages\/291\/revisions"}],"wp:attachment":[{"href":"https:\/\/www.hotelbrandoli.it\/de\/wp-json\/wp\/v2\/media?parent=291"}],"curies":[{"name":"wp","href":"https:\/\/api.w.org\/{rel}","templated":true}]}}