{"id":240,"date":"2025-03-03T09:25:47","date_gmt":"2025-03-03T09:25:47","guid":{"rendered":"https:\/\/hotelbrandoli.ms2.decms.eu\/?page_id=240"},"modified":"2025-03-10T13:12:29","modified_gmt":"2025-03-10T13:12:29","slug":"zimmer","status":"publish","type":"page","link":"https:\/\/www.hotelbrandoli.it\/de\/zimmer\/","title":{"rendered":"Zimmer"},"content":{"rendered":"<p>Die Zimmer des Hotels Brandoli verw\u00f6hnen Sie mit <strong>bestem Komfort und einer behaglichen und entspannenden Atmosph\u00e4re<\/strong>. Sie sind mit modernen M\u00f6beln eingerichtet und mit Holzb\u00f6den ausgelegt. Die komfortablen Badezimmer sind mit Mosaiken verkleidet und verf\u00fcgen \u00fcber Dusche.<\/p>\n<p><em><strong>Einige Zimmer verf\u00fcgen \u00fcber behindertengerechte Ausstattung.<\/strong><\/em><br \/>\nS\u00e4mtliche Zimmer sind f\u00fcr Nichtraucher.<br \/>\nTiere sind nicht gestattet.<\/p>\n<p>Minderj\u00e4hrige m\u00fcssen von ihren Eltern begleitet werden.<\/p>\n<p>Check-in: 14:00 Uhr<br \/>\nCheck-out: 11:00 Uhr<\/p>\n","protected":false},"excerpt":{"rendered":"<p>Die Zimmer des Hotels Brandoli verw\u00f6hnen Sie mit bestem Komfort und einer behaglichen und entspannenden Atmosph\u00e4re. Sie sind mit modernen M\u00f6beln eingerichtet und mit Holzb\u00f6den ausgelegt. Die komfortablen Badezimmer sind mit Mosaiken verkleidet und verf\u00fcgen \u00fcber Dusche. Einige Zimmer verf\u00fcgen \u00fcber behindertengerechte Ausstattung. S\u00e4mtliche Zimmer sind f\u00fcr Nichtraucher. Tiere sind nicht gestattet. Minderj\u00e4hrige m\u00fcssen von [&hellip;]<\/p>\n","protected":false},"author":26,"featured_media":0,"parent":0,"menu_order":20,"comment_status":"closed","ping_status":"closed","template":"template-rooms.php","meta":{"footnotes":""},"yoast_head":"<!-- This site is optimized with the Yoast SEO plugin v22.3 - https:\/\/yoast.com\/wordpress\/plugins\/seo\/ -->\n<title>Zimmer - Hotel Brandoli -<\/title>\n<meta name=\"description\" content=\"Die Zimmer des Hotels Brandoli verw\u00f6hnen Sie mit bestem Komfort und einer behaglichen und entspannenden Atmosph\u00e4re. Sie sind mit modernen M\u00f6beln eingerichtet und mit Holzb\u00f6den ausgelegt\" \/>\n<meta name=\"robots\" content=\"index, follow, max-snippet:-1, max-image-preview:large, max-video-preview:-1\" \/>\n<link rel=\"canonical\" href=\"https:\/\/www.hotelbrandoli.it\/de\/zimmer\/\" \/>\n<meta property=\"og:locale\" content=\"de_DE\" \/>\n<meta property=\"og:type\" content=\"article\" \/>\n<meta property=\"og:title\" content=\"Zimmer - Hotel Brandoli -\" \/>\n<meta property=\"og:description\" content=\"Die Zimmer des Hotels Brandoli verw\u00f6hnen Sie mit bestem Komfort und einer behaglichen und entspannenden Atmosph\u00e4re. Sie sind mit modernen M\u00f6beln eingerichtet und mit Holzb\u00f6den ausgelegt\" \/>\n<meta property=\"og:url\" content=\"https:\/\/www.hotelbrandoli.it\/de\/zimmer\/\" \/>\n<meta property=\"og:site_name\" content=\"Hotel Brandoli\" \/>\n<meta property=\"article:publisher\" content=\"https:\/\/www.facebook.com\/hotelbrandoli.verona\/\" \/>\n<meta property=\"article:modified_time\" content=\"2025-03-10T13:12:29+00:00\" \/>\n<meta name=\"twitter:card\" content=\"summary_large_image\" \/>\n<meta name=\"twitter:label1\" content=\"Gesch\u00e4tzte Lesezeit\" \/>\n\t<meta name=\"twitter:data1\" content=\"1 Minute\" \/>\n<script type=\"application\/ld+json\" class=\"yoast-schema-graph\">{\"@context\":\"https:\/\/schema.org\",\"@graph\":[{\"@type\":\"WebPage\",\"@id\":\"https:\/\/www.hotelbrandoli.it\/de\/zimmer\/\",\"url\":\"https:\/\/www.hotelbrandoli.it\/de\/zimmer\/\",\"name\":\"Zimmer - Hotel Brandoli -\",\"isPartOf\":{\"@id\":\"https:\/\/www.hotelbrandoli.it\/de\/#website\"},\"datePublished\":\"2025-03-03T09:25:47+00:00\",\"dateModified\":\"2025-03-10T13:12:29+00:00\",\"description\":\"Die Zimmer des Hotels Brandoli verw\u00f6hnen Sie mit bestem Komfort und einer behaglichen und entspannenden Atmosph\u00e4re. Sie sind mit modernen M\u00f6beln eingerichtet und mit Holzb\u00f6den ausgelegt\",\"breadcrumb\":{\"@id\":\"https:\/\/www.hotelbrandoli.it\/de\/zimmer\/#breadcrumb\"},\"inLanguage\":\"de-DE\",\"potentialAction\":[{\"@type\":\"ReadAction\",\"target\":[\"https:\/\/www.hotelbrandoli.it\/de\/zimmer\/\"]}]},{\"@type\":\"BreadcrumbList\",\"@id\":\"https:\/\/www.hotelbrandoli.it\/de\/zimmer\/#breadcrumb\",\"itemListElement\":[{\"@type\":\"ListItem\",\"position\":1,\"name\":\"Home\",\"item\":\"https:\/\/www.hotelbrandoli.it\/de\/\"},{\"@type\":\"ListItem\",\"position\":2,\"name\":\"Zimmer\"}]},{\"@type\":\"WebSite\",\"@id\":\"https:\/\/www.hotelbrandoli.it\/de\/#website\",\"url\":\"https:\/\/www.hotelbrandoli.it\/de\/\",\"name\":\"Hotel Brandoli\",\"description\":\"\",\"publisher\":{\"@id\":\"https:\/\/www.hotelbrandoli.it\/de\/#organization\"},\"potentialAction\":[{\"@type\":\"SearchAction\",\"target\":{\"@type\":\"EntryPoint\",\"urlTemplate\":\"https:\/\/www.hotelbrandoli.it\/de\/?s={search_term_string}\"},\"query-input\":\"required name=search_term_string\"}],\"inLanguage\":\"de-DE\"},{\"@type\":\"Organization\",\"@id\":\"https:\/\/www.hotelbrandoli.it\/de\/#organization\",\"name\":\"Hotel Brandoli\",\"url\":\"https:\/\/www.hotelbrandoli.it\/de\/\",\"logo\":{\"@type\":\"ImageObject\",\"inLanguage\":\"de-DE\",\"@id\":\"https:\/\/www.hotelbrandoli.it\/de\/#\/schema\/logo\/image\/\",\"url\":\"https:\/\/www.hotelbrandoli.it\/wp-content\/uploads\/sites\/220\/2025\/02\/logo_brandoli_oriz_c.svg\",\"contentUrl\":\"https:\/\/www.hotelbrandoli.it\/wp-content\/uploads\/sites\/220\/2025\/02\/logo_brandoli_oriz_c.svg\",\"width\":800,\"height\":152,\"caption\":\"Hotel Brandoli\"},\"image\":{\"@id\":\"https:\/\/www.hotelbrandoli.it\/de\/#\/schema\/logo\/image\/\"},\"sameAs\":[\"https:\/\/www.facebook.com\/hotelbrandoli.verona\/\"]}]}<\/script>\n<!-- \/ Yoast SEO plugin. -->","yoast_head_json":{"title":"Zimmer - Hotel Brandoli -","description":"Die Zimmer des Hotels Brandoli verw\u00f6hnen Sie mit bestem Komfort und einer behaglichen und entspannenden Atmosph\u00e4re. Sie sind mit modernen M\u00f6beln eingerichtet und mit Holzb\u00f6den ausgelegt","robots":{"index":"index","follow":"follow","max-snippet":"max-snippet:-1","max-image-preview":"max-image-preview:large","max-video-preview":"max-video-preview:-1"},"canonical":"https:\/\/www.hotelbrandoli.it\/de\/zimmer\/","og_locale":"de_DE","og_type":"article","og_title":"Zimmer - Hotel Brandoli -","og_description":"Die Zimmer des Hotels Brandoli verw\u00f6hnen Sie mit bestem Komfort und einer behaglichen und entspannenden Atmosph\u00e4re. Sie sind mit modernen M\u00f6beln eingerichtet und mit Holzb\u00f6den ausgelegt","og_url":"https:\/\/www.hotelbrandoli.it\/de\/zimmer\/","og_site_name":"Hotel Brandoli","article_publisher":"https:\/\/www.facebook.com\/hotelbrandoli.verona\/","article_modified_time":"2025-03-10T13:12:29+00:00","twitter_card":"summary_large_image","twitter_misc":{"Gesch\u00e4tzte Lesezeit":"1 Minute"},"schema":{"@context":"https:\/\/schema.org","@graph":[{"@type":"WebPage","@id":"https:\/\/www.hotelbrandoli.it\/de\/zimmer\/","url":"https:\/\/www.hotelbrandoli.it\/de\/zimmer\/","name":"Zimmer - Hotel Brandoli -","isPartOf":{"@id":"https:\/\/www.hotelbrandoli.it\/de\/#website"},"datePublished":"2025-03-03T09:25:47+00:00","dateModified":"2025-03-10T13:12:29+00:00","description":"Die Zimmer des Hotels Brandoli verw\u00f6hnen Sie mit bestem Komfort und einer behaglichen und entspannenden Atmosph\u00e4re. Sie sind mit modernen M\u00f6beln eingerichtet und mit Holzb\u00f6den ausgelegt","breadcrumb":{"@id":"https:\/\/www.hotelbrandoli.it\/de\/zimmer\/#breadcrumb"},"inLanguage":"de-DE","potentialAction":[{"@type":"ReadAction","target":["https:\/\/www.hotelbrandoli.it\/de\/zimmer\/"]}]},{"@type":"BreadcrumbList","@id":"https:\/\/www.hotelbrandoli.it\/de\/zimmer\/#breadcrumb","itemListElement":[{"@type":"ListItem","position":1,"name":"Home","item":"https:\/\/www.hotelbrandoli.it\/de\/"},{"@type":"ListItem","position":2,"name":"Zimmer"}]},{"@type":"WebSite","@id":"https:\/\/www.hotelbrandoli.it\/de\/#website","url":"https:\/\/www.hotelbrandoli.it\/de\/","name":"Hotel Brandoli","description":"","publisher":{"@id":"https:\/\/www.hotelbrandoli.it\/de\/#organization"},"potentialAction":[{"@type":"SearchAction","target":{"@type":"EntryPoint","urlTemplate":"https:\/\/www.hotelbrandoli.it\/de\/?s={search_term_string}"},"query-input":"required name=search_term_string"}],"inLanguage":"de-DE"},{"@type":"Organization","@id":"https:\/\/www.hotelbrandoli.it\/de\/#organization","name":"Hotel Brandoli","url":"https:\/\/www.hotelbrandoli.it\/de\/","logo":{"@type":"ImageObject","inLanguage":"de-DE","@id":"https:\/\/www.hotelbrandoli.it\/de\/#\/schema\/logo\/image\/","url":"https:\/\/www.hotelbrandoli.it\/wp-content\/uploads\/sites\/220\/2025\/02\/logo_brandoli_oriz_c.svg","contentUrl":"https:\/\/www.hotelbrandoli.it\/wp-content\/uploads\/sites\/220\/2025\/02\/logo_brandoli_oriz_c.svg","width":800,"height":152,"caption":"Hotel Brandoli"},"image":{"@id":"https:\/\/www.hotelbrandoli.it\/de\/#\/schema\/logo\/image\/"},"sameAs":["https:\/\/www.facebook.com\/hotelbrandoli.verona\/"]}]}},"acf":[],"_links":{"self":[{"href":"https:\/\/www.hotelbrandoli.it\/de\/wp-json\/wp\/v2\/pages\/240"}],"collection":[{"href":"https:\/\/www.hotelbrandoli.it\/de\/wp-json\/wp\/v2\/pages"}],"about":[{"href":"https:\/\/www.hotelbrandoli.it\/de\/wp-json\/wp\/v2\/types\/page"}],"author":[{"embeddable":true,"href":"https:\/\/www.hotelbrandoli.it\/de\/wp-json\/wp\/v2\/users\/26"}],"replies":[{"embeddable":true,"href":"https:\/\/www.hotelbrandoli.it\/de\/wp-json\/wp\/v2\/comments?post=240"}],"version-history":[{"count":0,"href":"https:\/\/www.hotelbrandoli.it\/de\/wp-json\/wp\/v2\/pages\/240\/revisions"}],"wp:attachment":[{"href":"https:\/\/www.hotelbrandoli.it\/de\/wp-json\/wp\/v2\/media?parent=240"}],"curies":[{"name":"wp","href":"https:\/\/api.w.org\/{rel}","templated":true}]}}